{"id":11449,"date":"2024-10-24T04:14:51","date_gmt":"2024-10-24T02:14:51","guid":{"rendered":"http:\/\/billigtrikots.com\/?post_type=product&#038;p=11449"},"modified":"2024-10-24T04:17:33","modified_gmt":"2024-10-24T02:17:33","slug":"o-pineda-10-kinder-heimtrikot-mexiko-wm-2022-gruen-kurzarm-kurze-hosen","status":"publish","type":"product","link":"https:\/\/www.billigtrikotde.com\/sl\/o-pineda-10-kinder-heimtrikot-mexiko-wm-2022-gruen-kurzarm-kurze-hosen\/","title":{"rendered":"O.PINEDA 10 Otro\u0161ka doma\u010da majica Mehika Svetovni pokal 2022 Zelena s kratkimi rokavi + kratke hla\u010de"},"content":{"rendered":"<p>Mexijska majica za svetovno prvenstvo 2022 naj bi imela dizajn, ki je navdihnjen s starodavnimi tradicijami, kot je bilo znano. Ustvarili smo model, kako bi lahko izgledala majica za svetovno prvenstvo 2022 v Mehiki. Mexijska majica 2022 zdru\u017euje zeleno osnovno barvo z verjetno rde\u010dimi in belimi aplikacijami. Kaj naredi majico edinstveno, je poseben vzorec na majici.<br \/>\nMexijska majica za svetovno prvenstvo 2022 bo imela grafiko, ki je navdihnjena s starodavnimi aste\u0161kim oklepi in zlasti s perjem Quetzalcoatl-a. Quetzalcoatl (\u201epernata ka\u010da\u201c ali \u201epernata ka\u010da\u201c) je Nahuatl ime za pernatega boga ka\u010de starodavne mezoameri\u0161ke kulture. Kot vse druge majice za svetovno prvenstvo 2022 znamke Adidas je tudi majica za Mehiko opremljena z novo znamko Adidas. Poleg tega nosi novo grb mexi\u0161kega nogometnega zdru\u017eenja (FMF).<\/p>\n<p>Nasveti za tiskanje: \u010ce sta ime in \u0161tevilka na sliki to\u010dno tak\u0161na, kot ju \u017eelite, ju ni treba ponovno vnesti. \u010ce ni tako, vnesite \u017eeleno ime in \u0161tevilko.<\/p>\n<p>Nasveti za pranje: Priporo\u010dljivo je, da nogometne majice perete ro\u010dno. \u010ce \u017eelite uporabiti pralni stroj, ne pozabite nogometne majice obrniti narobe in jih nato oprati. Stroj napolnite s hladno vodo in uporabite ob\u010dutljiv cikel, da bolje za\u0161\u010ditite barve.<\/p>","protected":false},"excerpt":{"rendered":"<p>Majica za svetovno prvenstvo 2022 v Mehiki naj bi imela dizajn, ki je navdihnjen z starodavnimi tradicijami, kot je bilo znano. Ustvarili smo model, kako bi lahko izgledala majica za svetovno prvenstvo 2022 v Mehiki. Majica Mehike 2022 zdru\u017euje zeleno osnovno barvo z verjetno rde\u010dimi in belimi aplikacijami. Kaj naredi majico edinstveno, je [\u2026]<\/p>","protected":false},"featured_media":11487,"comment_status":"open","ping_status":"closed","template":"","meta":[],"product_brand":[],"product_cat":[251],"product_tag":[20,21,22,23,24,252,253,254],"class_list":{"0":"post-11449","1":"product","2":"type-product","3":"status-publish","4":"has-post-thumbnail","6":"product_cat-mexiko-trikots","7":"product_tag-coole-fussballtrikots","8":"product_tag-fussballtrikot-fuer-herren","9":"product_tag-fussballtrikot-guenstig-kaufen","10":"product_tag-fussballtrikot-kurzarm","11":"product_tag-guenstiges-fussballtrikot","12":"product_tag-mexiko-2022-trikots","13":"product_tag-mexiko-heimtrikot","14":"product_tag-mexiko-trikot-schwarz","16":"first","17":"instock","18":"shipping-taxable","19":"purchasable","20":"product-type-variable"},"_links":{"self":[{"href":"https:\/\/www.billigtrikotde.com\/sl\/wp-json\/wp\/v2\/product\/11449","targetHints":{"allow":["GET"]}}],"collection":[{"href":"https:\/\/www.billigtrikotde.com\/sl\/wp-json\/wp\/v2\/product"}],"about":[{"href":"https:\/\/www.billigtrikotde.com\/sl\/wp-json\/wp\/v2\/types\/product"}],"replies":[{"embeddable":true,"href":"https:\/\/www.billigtrikotde.com\/sl\/wp-json\/wp\/v2\/comments?post=11449"}],"wp:featuredmedia":[{"embeddable":true,"href":"https:\/\/www.billigtrikotde.com\/sl\/wp-json\/wp\/v2\/media\/11487"}],"wp:attachment":[{"href":"https:\/\/www.billigtrikotde.com\/sl\/wp-json\/wp\/v2\/media?parent=11449"}],"wp:term":[{"taxonomy":"product_brand","embeddable":true,"href":"https:\/\/www.billigtrikotde.com\/sl\/wp-json\/wp\/v2\/product_brand?post=11449"},{"taxonomy":"product_cat","embeddable":true,"href":"https:\/\/www.billigtrikotde.com\/sl\/wp-json\/wp\/v2\/product_cat?post=11449"},{"taxonomy":"product_tag","embeddable":true,"href":"https:\/\/www.billigtrikotde.com\/sl\/wp-json\/wp\/v2\/product_tag?post=11449"}],"curies":[{"name":"wp","href":"https:\/\/api.w.org\/{rel}","templated":true}]}}