{"id":11255,"date":"2024-10-24T04:03:19","date_gmt":"2024-10-24T02:03:19","guid":{"rendered":"http:\/\/billigtrikots.com\/?post_type=product&#038;p=11255"},"modified":"2024-10-24T04:05:47","modified_gmt":"2024-10-24T02:05:47","slug":"herren-brasilien-wm-2022-auswaertstrikot-blaue-fussballtrikots-set-pele-10","status":"publish","type":"product","link":"https:\/\/www.billigtrikotde.com\/sl\/herren-brasilien-wm-2022-auswaertstrikot-blaue-fussballtrikots-set-pele-10\/","title":{"rendered":"Mo\u0161ki komplet za svetovno prvenstvo v Braziliji 2022 v gosteh modre nogometne majice PELE 10"},"content":{"rendered":"<p>Nike Brazil 2022 svetovno prvenstvo gostujo\u010da majica zdru\u017euje modro osnovno barvo z svetlo zelenim Swooshom. Uradne barve so \u201eParamount Blue\/Dynamic Yellow\/Green Spark\u201c. Belo hla\u010de in modri nogavice dopolnjujejo Brazil 2022 svetovno prvenstvo gostujo\u010do majico.<\/p>\n<p>Nasveti za tiskanje: \u010ce sta ime in \u0161tevilka na sliki to\u010dno tak\u0161na, kot ju \u017eelite, ju ni treba ponovno vnesti. \u010ce ni tako, vnesite \u017eeleno ime in \u0161tevilko.<\/p>\n<p>Nasveti za pranje: Priporo\u010dljivo je, da nogometne majice perete ro\u010dno. \u010ce \u017eelite uporabiti pralni stroj, ne pozabite nogometne majice obrniti narobe in jih nato oprati. Stroj napolnite s hladno vodo in uporabite ob\u010dutljiv cikel, da bolje za\u0161\u010ditite barve.<\/p>","protected":false},"excerpt":{"rendered":"<p>Nike Brazilija 2022 svetovni pokal gostujo\u010de majice kombinira modro osnovno barvo z svetlo zelenim swooshom. Uradne barve so \u201eParamount Blue\/Dynamic Yellow\/Green Spark\u201c. Bele hla\u010de in modre nogavice dopolnjujejo gostujo\u010do majico Brazilije 2022 svetovnega pokala. Nasveti za tiskanje: \u010de je ime in \u0161tevilka na sliki to\u010dno va\u0161ih \u017eelja, ju ne morate znova vna\u0161ati. [\u2026]<\/p>","protected":false},"featured_media":11296,"comment_status":"open","ping_status":"closed","template":"","meta":[],"product_brand":[],"product_cat":[112],"product_tag":[20,429,210,114,222,21,22,23,24],"class_list":{"0":"post-11255","1":"product","2":"type-product","3":"status-publish","4":"has-post-thumbnail","6":"product_cat-brasilien-trikots","7":"product_tag-coole-fussballtrikots","8":"product_tag-brasilien-2022-world-cup-auswaertstrikot","9":"product_tag-brasilien-auswaertstrikot","10":"product_tag-brasilien-trikots","11":"product_tag-fussball-wm-2022-trikots","12":"product_tag-fussballtrikot-fuer-herren","13":"product_tag-fussballtrikot-guenstig-kaufen","14":"product_tag-fussballtrikot-kurzarm","15":"product_tag-guenstiges-fussballtrikot","17":"first","18":"instock","19":"shipping-taxable","20":"purchasable","21":"product-type-variable"},"_links":{"self":[{"href":"https:\/\/www.billigtrikotde.com\/sl\/wp-json\/wp\/v2\/product\/11255","targetHints":{"allow":["GET"]}}],"collection":[{"href":"https:\/\/www.billigtrikotde.com\/sl\/wp-json\/wp\/v2\/product"}],"about":[{"href":"https:\/\/www.billigtrikotde.com\/sl\/wp-json\/wp\/v2\/types\/product"}],"replies":[{"embeddable":true,"href":"https:\/\/www.billigtrikotde.com\/sl\/wp-json\/wp\/v2\/comments?post=11255"}],"wp:featuredmedia":[{"embeddable":true,"href":"https:\/\/www.billigtrikotde.com\/sl\/wp-json\/wp\/v2\/media\/11296"}],"wp:attachment":[{"href":"https:\/\/www.billigtrikotde.com\/sl\/wp-json\/wp\/v2\/media?parent=11255"}],"wp:term":[{"taxonomy":"product_brand","embeddable":true,"href":"https:\/\/www.billigtrikotde.com\/sl\/wp-json\/wp\/v2\/product_brand?post=11255"},{"taxonomy":"product_cat","embeddable":true,"href":"https:\/\/www.billigtrikotde.com\/sl\/wp-json\/wp\/v2\/product_cat?post=11255"},{"taxonomy":"product_tag","embeddable":true,"href":"https:\/\/www.billigtrikotde.com\/sl\/wp-json\/wp\/v2\/product_tag?post=11255"}],"curies":[{"name":"wp","href":"https:\/\/api.w.org\/{rel}","templated":true}]}}