{"id":10884,"date":"2024-10-24T03:41:56","date_gmt":"2024-10-24T01:41:56","guid":{"rendered":"http:\/\/billigtrikots.com\/?post_type=product&#038;p=10884"},"modified":"2024-10-24T03:44:07","modified_gmt":"2024-10-24T01:44:07","slug":"herren-chelsea-fc-heimtrikot-2022-23-blau-kurzarm-mit-aufdruck-werner-11","status":"publish","type":"product","link":"https:\/\/www.billigtrikotde.com\/sl\/herren-chelsea-fc-heimtrikot-2022-23-blau-kurzarm-mit-aufdruck-werner-11\/","title":{"rendered":"Mo\u0161ka doma\u010da majica Chelsea FC 2022-23 modra s kratkimi rokavi in potiskom WERNER 11"},"content":{"rendered":"<p>Za razliko od dresa Chelsea 21-22 je Nike Chelsea FC 2022-23 dres popolnoma modre barve z belim\/turkiznim ovratnikom Henley.<\/p>\n<p>Nasveti za tiskanje: \u010ce sta ime in \u0161tevilka na sliki to\u010dno tak\u0161na, kot ju \u017eelite, ju ni treba ponovno vnesti. \u010ce ni tako, vnesite \u017eeleno ime in \u0161tevilko.<\/p>\n<p>Nasveti za pranje: Priporo\u010dljivo je, da nogometne majice perete ro\u010dno. \u010ce \u017eelite uporabiti pralni stroj, ne pozabite nogometne majice obrniti narobe in jih nato oprati. Stroj napolnite s hladno vodo in uporabite ob\u010dutljiv cikel, da bolje za\u0161\u010ditite barve.<\/p>","protected":false},"excerpt":{"rendered":"<p>V nasprotju s Chelsea 21-22 dresom je Nike Chelsea FC 2022-23 dres popolnoma moder z belim\/tirkiznim ovratnikom Henley. Nasveti za tiskanje: \u010ce je ime in \u0161tevilka na sliki to\u010dno tak\u0161na, kot \u017eelite, ju ne morate ve\u010d vna\u0161ati. \u010ce ne, vnesite \u017eeleno ime in \u0161tevilko. Nasveti za pranje: [\u2026]<\/p>","protected":false},"featured_media":10923,"comment_status":"open","ping_status":"closed","template":"","meta":[],"product_brand":[],"product_cat":[72],"product_tag":[20,308,309,310,164,73,21,22,23,24],"class_list":{"0":"post-10884","1":"product","2":"type-product","3":"status-publish","4":"has-post-thumbnail","6":"product_cat-chelsea","7":"product_tag-coole-fussballtrikots","8":"product_tag-chelsea-fc-22-23-trikot-deutschland","9":"product_tag-chelsea-fc-22-23-trikot-guenstig","10":"product_tag-chelsea-fc-22-23-trikot-kaufen","11":"product_tag-chelsea-heimtrikot","12":"product_tag-chelsea-trikots","13":"product_tag-fussballtrikot-fuer-herren","14":"product_tag-fussballtrikot-guenstig-kaufen","15":"product_tag-fussballtrikot-kurzarm","16":"product_tag-guenstiges-fussballtrikot","18":"first","19":"instock","20":"shipping-taxable","21":"purchasable","22":"product-type-variable"},"_links":{"self":[{"href":"https:\/\/www.billigtrikotde.com\/sl\/wp-json\/wp\/v2\/product\/10884","targetHints":{"allow":["GET"]}}],"collection":[{"href":"https:\/\/www.billigtrikotde.com\/sl\/wp-json\/wp\/v2\/product"}],"about":[{"href":"https:\/\/www.billigtrikotde.com\/sl\/wp-json\/wp\/v2\/types\/product"}],"replies":[{"embeddable":true,"href":"https:\/\/www.billigtrikotde.com\/sl\/wp-json\/wp\/v2\/comments?post=10884"}],"wp:featuredmedia":[{"embeddable":true,"href":"https:\/\/www.billigtrikotde.com\/sl\/wp-json\/wp\/v2\/media\/10923"}],"wp:attachment":[{"href":"https:\/\/www.billigtrikotde.com\/sl\/wp-json\/wp\/v2\/media?parent=10884"}],"wp:term":[{"taxonomy":"product_brand","embeddable":true,"href":"https:\/\/www.billigtrikotde.com\/sl\/wp-json\/wp\/v2\/product_brand?post=10884"},{"taxonomy":"product_cat","embeddable":true,"href":"https:\/\/www.billigtrikotde.com\/sl\/wp-json\/wp\/v2\/product_cat?post=10884"},{"taxonomy":"product_tag","embeddable":true,"href":"https:\/\/www.billigtrikotde.com\/sl\/wp-json\/wp\/v2\/product_tag?post=10884"}],"curies":[{"name":"wp","href":"https:\/\/api.w.org\/{rel}","templated":true}]}}