{"id":1073,"date":"2024-10-23T13:15:20","date_gmt":"2024-10-23T11:15:20","guid":{"rendered":"http:\/\/billigtrikots.com\/?post_type=product&#038;p=1073"},"modified":"2024-10-23T13:16:53","modified_gmt":"2024-10-23T11:16:53","slug":"herren-auswaertstrikot-manchester-united-2022-weiss-mit-aufdruck-pogba-6","status":"publish","type":"product","link":"https:\/\/www.billigtrikotde.com\/sl\/herren-auswaertstrikot-manchester-united-2022-weiss-mit-aufdruck-pogba-6\/","title":{"rendered":"Mo\u0161ki gostujo\u010di komplet Manchester United 2022 bele barve s potiskom Pogbe 6"},"content":{"rendered":"<p>\u010crka \"M\", ki ozna\u010duje doma\u010de mesto kluba, se je pogosto zna\u0161la na legendarnih dresih Manchester Uniteda. Ta a-didasov nogometni dres ponovno prevzema to \u010drko in prihaja s sodobnim, abstraktnim dizajnom, ki spominja na klasi\u010dni dres iz zgodnjih 90. let. Mehak material z dvojno pletenino in tehnologija AEROREADY, ki absorbira vlago, zagotavljata prijetno suh ob\u010dutek. Da ste pravi navija\u010d Manchester Uniteda, ka\u017ee tudi tkani klubski logotip.<\/p>\n<p>Nasveti za tiskanje: \u010ce sta ime in \u0161tevilka na sliki to\u010dno tak\u0161na, kot ju \u017eelite, ju ni treba ponovno vnesti. \u010ce ni tako, vnesite \u017eeleno ime in \u0161tevilko.<\/p>\n<p>Nasveti za pranje: Priporo\u010dljivo je, da nogometne majice perete ro\u010dno. \u010ce \u017eelite uporabiti pralni stroj, ne pozabite nogometne majice obrniti narobe in jih nato oprati. Stroj napolnite s hladno vodo in uporabite ob\u010dutljiv cikel, da bolje za\u0161\u010ditite barve.<\/p>","protected":false},"excerpt":{"rendered":"<p>Der Buchstabe \u201eM\u201c f\u00fcr die Heimatstadt des Vereins hat schon oft seinen Weg auf die legend\u00e4ren Ausr\u00fcstungen von Manchester United gefunden. Dieses a-didas Fu\u00dfballtrikot greift den Buchstaben wieder auf und kommt mit einem modernen, abstrakten Design, das an ein klassisches Trikot aus den fr\u00fchen 90ern erinnert. Das weiche Doppelstrickmaterial und die feuchtigkeitsabsorbierende AEROREADY Technologie garantieren [&hellip;]<\/p>","protected":false},"featured_media":1108,"comment_status":"open","ping_status":"closed","template":"","meta":[],"product_brand":[],"product_cat":[50],"product_tag":[20,43,21,22,23,24,51,52],"class_list":{"0":"post-1073","1":"product","2":"type-product","3":"status-publish","4":"has-post-thumbnail","6":"product_cat-manchester-united","7":"product_tag-coole-fussballtrikots","8":"product_tag-fussballkleidung","9":"product_tag-fussballtrikot-fuer-herren","10":"product_tag-fussballtrikot-guenstig-kaufen","11":"product_tag-fussballtrikot-kurzarm","12":"product_tag-guenstiges-fussballtrikot","13":"product_tag-manchester-united-auswaertstrikot","14":"product_tag-manchester-united-trikots","16":"first","17":"instock","18":"shipping-taxable","19":"purchasable","20":"product-type-variable"},"_links":{"self":[{"href":"https:\/\/www.billigtrikotde.com\/sl\/wp-json\/wp\/v2\/product\/1073","targetHints":{"allow":["GET"]}}],"collection":[{"href":"https:\/\/www.billigtrikotde.com\/sl\/wp-json\/wp\/v2\/product"}],"about":[{"href":"https:\/\/www.billigtrikotde.com\/sl\/wp-json\/wp\/v2\/types\/product"}],"replies":[{"embeddable":true,"href":"https:\/\/www.billigtrikotde.com\/sl\/wp-json\/wp\/v2\/comments?post=1073"}],"wp:featuredmedia":[{"embeddable":true,"href":"https:\/\/www.billigtrikotde.com\/sl\/wp-json\/wp\/v2\/media\/1108"}],"wp:attachment":[{"href":"https:\/\/www.billigtrikotde.com\/sl\/wp-json\/wp\/v2\/media?parent=1073"}],"wp:term":[{"taxonomy":"product_brand","embeddable":true,"href":"https:\/\/www.billigtrikotde.com\/sl\/wp-json\/wp\/v2\/product_brand?post=1073"},{"taxonomy":"product_cat","embeddable":true,"href":"https:\/\/www.billigtrikotde.com\/sl\/wp-json\/wp\/v2\/product_cat?post=1073"},{"taxonomy":"product_tag","embeddable":true,"href":"https:\/\/www.billigtrikotde.com\/sl\/wp-json\/wp\/v2\/product_tag?post=1073"}],"curies":[{"name":"wp","href":"https:\/\/api.w.org\/{rel}","templated":true}]}}