{"id":10693,"date":"2024-10-24T03:31:36","date_gmt":"2024-10-24T01:31:36","guid":{"rendered":"http:\/\/billigtrikots.com\/?post_type=product&#038;p=10693"},"modified":"2024-10-24T03:33:53","modified_gmt":"2024-10-24T01:33:53","slug":"polen-wm-2022-auswaertstrikot-rot-fuer-herren-kurzarm-mit-aufdruck-lewandowski-9","status":"publish","type":"product","link":"https:\/\/www.billigtrikotde.com\/sl\/polen-wm-2022-auswaertstrikot-rot-fuer-herren-kurzarm-mit-aufdruck-lewandowski-9\/","title":{"rendered":"Poljska 2022 Svetovno prvenstvo v nogometu rde\u010da za mo\u0161ke s kratkimi rokavi in potiskom LEWANDOWSKI 9"},"content":{"rendered":"<p>Nike Polen 2022 gostujo\u010de doma\u010de majice so ve\u010dinoma rde\u010de, imajo bel ovratnik in bele rokavne konice, ki sta obe z belim sredi\u0161\u010dem rde\u010de \u010drte. Nike dresov za svetovno prvenstvo v nogometu 2022 na Poljskem so bili predstavljeni v \u010detrtek, 15. septembra 2022.<\/p>\n<p>Nasveti za tiskanje: \u010ce sta ime in \u0161tevilka na sliki to\u010dno tak\u0161na, kot ju \u017eelite, ju ni treba ponovno vnesti. \u010ce ni tako, vnesite \u017eeleno ime in \u0161tevilko.<\/p>\n<p>Nasveti za pranje: Priporo\u010dljivo je, da nogometne majice perete ro\u010dno. \u010ce \u017eelite uporabiti pralni stroj, ne pozabite nogometne majice obrniti narobe in jih nato oprati. Stroj napolnite s hladno vodo in uporabite ob\u010dutljiv cikel, da bolje za\u0161\u010ditite barve.<\/p>","protected":false},"excerpt":{"rendered":"<p>Das Nike Polen 2022 Ausw\u00e4rtstrikot ist \u00fcberwiegend rot und hat einen wei\u00dfen Kragen und wei\u00dfe \u00c4rmelb\u00fcndchen, die beide mit einer roten Linie in der Mitte versehen sind.Die Nike Trikots f\u00fcr die Fu\u00dfballweltmeisterschaft 2022 in Polen wurden am Donnerstag, den 15. September 2022, vorgestellt. Tipps zum Drucken: Wenn der Name und die Nummer auf dem Bild [\u2026]<\/p>","protected":false},"featured_media":10733,"comment_status":"open","ping_status":"closed","template":"","meta":[],"product_brand":[],"product_cat":[415],"product_tag":[20,21,22,23,24,418,417],"class_list":{"0":"post-10693","1":"product","2":"type-product","3":"status-publish","4":"has-post-thumbnail","6":"product_cat-polen-trikots","7":"product_tag-coole-fussballtrikots","8":"product_tag-fussballtrikot-fuer-herren","9":"product_tag-fussballtrikot-guenstig-kaufen","10":"product_tag-fussballtrikot-kurzarm","11":"product_tag-guenstiges-fussballtrikot","12":"product_tag-polen-2022-auswaertstrikot","13":"product_tag-polen-wm-2022-trikot","15":"first","16":"instock","17":"shipping-taxable","18":"purchasable","19":"product-type-variable"},"_links":{"self":[{"href":"https:\/\/www.billigtrikotde.com\/sl\/wp-json\/wp\/v2\/product\/10693","targetHints":{"allow":["GET"]}}],"collection":[{"href":"https:\/\/www.billigtrikotde.com\/sl\/wp-json\/wp\/v2\/product"}],"about":[{"href":"https:\/\/www.billigtrikotde.com\/sl\/wp-json\/wp\/v2\/types\/product"}],"replies":[{"embeddable":true,"href":"https:\/\/www.billigtrikotde.com\/sl\/wp-json\/wp\/v2\/comments?post=10693"}],"wp:featuredmedia":[{"embeddable":true,"href":"https:\/\/www.billigtrikotde.com\/sl\/wp-json\/wp\/v2\/media\/10733"}],"wp:attachment":[{"href":"https:\/\/www.billigtrikotde.com\/sl\/wp-json\/wp\/v2\/media?parent=10693"}],"wp:term":[{"taxonomy":"product_brand","embeddable":true,"href":"https:\/\/www.billigtrikotde.com\/sl\/wp-json\/wp\/v2\/product_brand?post=10693"},{"taxonomy":"product_cat","embeddable":true,"href":"https:\/\/www.billigtrikotde.com\/sl\/wp-json\/wp\/v2\/product_cat?post=10693"},{"taxonomy":"product_tag","embeddable":true,"href":"https:\/\/www.billigtrikotde.com\/sl\/wp-json\/wp\/v2\/product_tag?post=10693"}],"curies":[{"name":"wp","href":"https:\/\/api.w.org\/{rel}","templated":true}]}}