{"id":10601,"date":"2024-10-24T03:26:53","date_gmt":"2024-10-24T01:26:53","guid":{"rendered":"http:\/\/billigtrikots.com\/?post_type=product&#038;p=10601"},"modified":"2024-10-24T03:29:01","modified_gmt":"2024-10-24T01:29:01","slug":"billige-frankreich-wm-2022-heimtrikot-marineblau-kurzarm-kurze-hosen-m-maignan-16","status":"publish","type":"product","link":"https:\/\/www.billigtrikotde.com\/sl\/billige-frankreich-wm-2022-heimtrikot-marineblau-kurzarm-kurze-hosen-m-maignan-16\/","title":{"rendered":"Poceni Francija Svetovno prvenstvo 2022 Doma\u010da majica Navy Blue kratkimi rokavi + kratke hla\u010de M.MAIGNAN 16"},"content":{"rendered":"<p>Nike je zasnoval prilagojeno pisavo za dresa Slovenije 2022, ki je bila uporabljena na svetovnem prvenstvu 2022. Pisava za dres svetovnega prvenstva v nogometu 2022 je relativno klasi\u010dna. \u010crke napisa so zelo standardne, medtem ko imajo \u0161tevilke eleganten slog. Dres Nike Slovenije za svetovno prvenstvo 2022 je prvi po 10 letih, ki ima zlate aplikacije. Glavnina je mornarsko modra z zlatimi logotipi in morebitnimi zlatimi detajli.<\/p>\n<p>Nasveti za tiskanje: \u010ce sta ime in \u0161tevilka na sliki to\u010dno tak\u0161na, kot ju \u017eelite, ju ni treba ponovno vnesti. \u010ce ni tako, vnesite \u017eeleno ime in \u0161tevilko.<\/p>\n<p>Nasveti za pranje: Priporo\u010dljivo je, da nogometne majice perete ro\u010dno. \u010ce \u017eelite uporabiti pralni stroj, ne pozabite nogometne majice obrniti narobe in jih nato oprati. Stroj napolnite s hladno vodo in uporabite ob\u010dutljiv cikel, da bolje za\u0161\u010ditite barve.<\/p>","protected":false},"excerpt":{"rendered":"<p>Nike hat eine ma\u00dfgeschneiderte Schrift f\u00fcr die Trikots von Frankreich 2022 entworfen, die bei der Weltmeisterschaft 2022 verwendet werden.Die Schriftart f\u00fcr das Trikot der Fu\u00dfball-WM 2022 in Frankreich ist relativ klassisch. Die Buchstaben des Schriftzugs sind sehr standardm\u00e4\u00dfig, w\u00e4hrend die Zahlen einen schlanken Stil haben.Das Nike Frankreich 2022 WM-Trikot ist das erste seit 10 Jahren, [&hellip;]<\/p>","protected":false},"featured_media":10639,"comment_status":"open","ping_status":"closed","template":"","meta":[],"product_brand":[],"product_cat":[117],"product_tag":[20,398,121,413,414,119,389,21,22,23,24],"class_list":{"0":"post-10601","1":"product","2":"type-product","3":"status-publish","4":"has-post-thumbnail","6":"product_cat-frankreich-trikots","7":"product_tag-coole-fussballtrikots","8":"product_tag-frankreich-2022-weltmeisterschaft-trikot","9":"product_tag-frankreich-heimtrikot","10":"product_tag-frankreich-neue-trikots","11":"product_tag-frankreich-trikot-set","12":"product_tag-frankreich-trikots","13":"product_tag-fussball-wm-2022-trikot","14":"product_tag-fussballtrikot-fuer-herren","15":"product_tag-fussballtrikot-guenstig-kaufen","16":"product_tag-fussballtrikot-kurzarm","17":"product_tag-guenstiges-fussballtrikot","19":"first","20":"instock","21":"shipping-taxable","22":"purchasable","23":"product-type-variable"},"_links":{"self":[{"href":"https:\/\/www.billigtrikotde.com\/sl\/wp-json\/wp\/v2\/product\/10601","targetHints":{"allow":["GET"]}}],"collection":[{"href":"https:\/\/www.billigtrikotde.com\/sl\/wp-json\/wp\/v2\/product"}],"about":[{"href":"https:\/\/www.billigtrikotde.com\/sl\/wp-json\/wp\/v2\/types\/product"}],"replies":[{"embeddable":true,"href":"https:\/\/www.billigtrikotde.com\/sl\/wp-json\/wp\/v2\/comments?post=10601"}],"wp:featuredmedia":[{"embeddable":true,"href":"https:\/\/www.billigtrikotde.com\/sl\/wp-json\/wp\/v2\/media\/10639"}],"wp:attachment":[{"href":"https:\/\/www.billigtrikotde.com\/sl\/wp-json\/wp\/v2\/media?parent=10601"}],"wp:term":[{"taxonomy":"product_brand","embeddable":true,"href":"https:\/\/www.billigtrikotde.com\/sl\/wp-json\/wp\/v2\/product_brand?post=10601"},{"taxonomy":"product_cat","embeddable":true,"href":"https:\/\/www.billigtrikotde.com\/sl\/wp-json\/wp\/v2\/product_cat?post=10601"},{"taxonomy":"product_tag","embeddable":true,"href":"https:\/\/www.billigtrikotde.com\/sl\/wp-json\/wp\/v2\/product_tag?post=10601"}],"curies":[{"name":"wp","href":"https:\/\/api.w.org\/{rel}","templated":true}]}}