{"id":10439,"date":"2024-10-24T03:18:32","date_gmt":"2024-10-24T01:18:32","guid":{"rendered":"http:\/\/billigtrikots.com\/?post_type=product&#038;p=10439"},"modified":"2024-10-24T03:20:50","modified_gmt":"2024-10-24T01:20:50","slug":"herren-spanien-fussball-wm-2022-23-auswaertstrikot-hellblaue-kurzarm-pedro-10","status":"publish","type":"product","link":"https:\/\/www.billigtrikotde.com\/sl\/herren-spanien-fussball-wm-2022-23-auswaertstrikot-hellblaue-kurzarm-pedro-10\/","title":{"rendered":"Mo\u0161ki Spain Football World Cup 2022-23 Away Jersey Light Blue Short Sleeve PEDRO 10"},"content":{"rendered":"<p>Pripravljen se je povzpeti na nogometni prestol. Ne\u017eno valovita grafika na tem adidasovem dresu za otroke in najstnike je poklon logotipu v slogu art deco, ki je leta 1982 pozdravil kvalifikacijske ekipe v \u0160paniji. Oblikovanje dopolnjujeta nov videz tkanega logotipa \u0161panske zveze in adidasov logotip s tremi \u010drtami na sredini prsnega ko\u0161a. Da pa vam bo med navijanjem udobno, je navija\u0161ka razli\u010dica opremljena s tehnologijo AEROREADY, ki vpija vlago in zagotavlja suho udobje.<\/p>\n<p>Nasveti za tiskanje: \u010ce sta ime in \u0161tevilka na sliki to\u010dno tak\u0161na, kot ju \u017eelite, ju ni treba ponovno vnesti. \u010ce ni tako, vnesite \u017eeleno ime in \u0161tevilko.<\/p>\n<p>Nasveti za pranje: Priporo\u010dljivo je, da nogometne majice perete ro\u010dno. \u010ce \u017eelite uporabiti pralni stroj, ne pozabite nogometne majice obrniti narobe in jih nato oprati. Stroj napolnite s hladno vodo in uporabite ob\u010dutljiv cikel, da bolje za\u0161\u010ditite barve.<\/p>","protected":false},"excerpt":{"rendered":"<p>Pripravljeni, da zavzamete nogometni prestol. Ne\u017ena valovita grafika na tej adidas majici za otroke in najstnike je namig na logotip Art-d\u00e9co, ki je leta 1982 v \u0160paniji pozdravil kvalificirane ekipe. Dopolnjuje jo tkan logo \u0161panske zveze v novi podobi in adidas 3-\u010drtni logotip na sredini prsnega ko\u0161a. In s tem [\u2026]<\/p>","protected":false},"featured_media":10480,"comment_status":"open","ping_status":"closed","template":"","meta":[],"product_brand":[],"product_cat":[131],"product_tag":[20,407,21,22,23,24,359],"class_list":{"0":"post-10439","1":"product","2":"type-product","3":"status-publish","4":"has-post-thumbnail","6":"product_cat-spanien-trikots","7":"product_tag-coole-fussballtrikots","8":"product_tag-fifa-wm-katar-2022-trikot","9":"product_tag-fussballtrikot-fuer-herren","10":"product_tag-fussballtrikot-guenstig-kaufen","11":"product_tag-fussballtrikot-kurzarm","12":"product_tag-guenstiges-fussballtrikot","13":"product_tag-spanien-wm-2022-auswaertstrikot","15":"first","16":"instock","17":"shipping-taxable","18":"purchasable","19":"product-type-variable"},"_links":{"self":[{"href":"https:\/\/www.billigtrikotde.com\/sl\/wp-json\/wp\/v2\/product\/10439","targetHints":{"allow":["GET"]}}],"collection":[{"href":"https:\/\/www.billigtrikotde.com\/sl\/wp-json\/wp\/v2\/product"}],"about":[{"href":"https:\/\/www.billigtrikotde.com\/sl\/wp-json\/wp\/v2\/types\/product"}],"replies":[{"embeddable":true,"href":"https:\/\/www.billigtrikotde.com\/sl\/wp-json\/wp\/v2\/comments?post=10439"}],"wp:featuredmedia":[{"embeddable":true,"href":"https:\/\/www.billigtrikotde.com\/sl\/wp-json\/wp\/v2\/media\/10480"}],"wp:attachment":[{"href":"https:\/\/www.billigtrikotde.com\/sl\/wp-json\/wp\/v2\/media?parent=10439"}],"wp:term":[{"taxonomy":"product_brand","embeddable":true,"href":"https:\/\/www.billigtrikotde.com\/sl\/wp-json\/wp\/v2\/product_brand?post=10439"},{"taxonomy":"product_cat","embeddable":true,"href":"https:\/\/www.billigtrikotde.com\/sl\/wp-json\/wp\/v2\/product_cat?post=10439"},{"taxonomy":"product_tag","embeddable":true,"href":"https:\/\/www.billigtrikotde.com\/sl\/wp-json\/wp\/v2\/product_tag?post=10439"}],"curies":[{"name":"wp","href":"https:\/\/api.w.org\/{rel}","templated":true}]}}