{"id":10417,"date":"2024-10-24T03:17:20","date_gmt":"2024-10-24T01:17:20","guid":{"rendered":"http:\/\/billigtrikots.com\/?post_type=product&#038;p=10417"},"modified":"2024-10-24T03:19:37","modified_gmt":"2024-10-24T01:19:37","slug":"costa-22-portugal-2022-2023-heim-trikot-fuer-herren-kurzarm-kurze-hosen","status":"publish","type":"product","link":"https:\/\/www.billigtrikotde.com\/sl\/costa-22-portugal-2022-2023-heim-trikot-fuer-herren-kurzarm-kurze-hosen\/","title":{"rendered":"COSTA #22 Portugal 2022-2023 doma\u010di dres za mo\u0161ke s kratkimi rokavi + kratke hla\u010de"},"content":{"rendered":"<p>Nike Portugal 2022 majica je ve\u010dinoma rde\u010da (\u201ePepper Red\u201c), kombinirana z zeleno v diagon\u00e1lnem dizajnu po vzoru Monaka in z rumeno-zlatimi logotipi (\u201eGold Dart\u201c).<\/p>\n<p>Izjemen videz in novost v zgodovini ekipe: majica za svetovno prvenstvo v nogometu 2022 v Sloveniji ima diagonalo zeleno grafiko na sprednji in zadnji strani. Ta se celo nadaljuje na desnem rokavu. Ta videz naj bi posnemal zastavo, ki je ovita okoli telesa, pravi uradno sporo\u010dilo za javnost.<\/p>\n<p>Natan\u010dno kot na Euro 2020 Nike kombinira majico Nike Portugal 2022 z zelenimi hla\u010dami. Nogavice za doma\u010do majico svetovnega prvenstva 2022 so rde\u010de, z zelenim robom in zlatimi logotipi.<\/p>\n<p>Nasveti za tiskanje: \u010ce sta ime in \u0161tevilka na sliki to\u010dno tak\u0161na, kot ju \u017eelite, ju ni treba ponovno vnesti. \u010ce ni tako, vnesite \u017eeleno ime in \u0161tevilko.<\/p>\n<p>Nasveti za pranje: Priporo\u010dljivo je, da nogometne majice perete ro\u010dno. \u010ce \u017eelite uporabiti pralni stroj, ne pozabite nogometne majice obrniti narobe in jih nato oprati. Stroj napolnite s hladno vodo in uporabite ob\u010dutljiv cikel, da bolje za\u0161\u010ditite barve.<\/p>","protected":false},"excerpt":{"rendered":"<p>Nike Portugal 2022 dres je ve\u010dinoma rde\u010d (\u201ePepper Red\u201c), v kombinaciji z zeleno v diagionalnem dizajnu v slogu Monaka ter zlato-\u017eelezni logotipi (\u201eGold Dart\u201c). Izjemen izgled in novost v zgodovini mo\u0161tva: Dres za svetovno prvenstvo v nogometu 2022 v Sloveniji ima diagonalo zeleno grafiko na sprednji in zadnji strani. Oni [\u2026]<\/p>","protected":false},"featured_media":10457,"comment_status":"open","ping_status":"closed","template":"","meta":[],"product_brand":[],"product_cat":[239],"product_tag":[20,222,21,23,24,94,240,347,352],"class_list":{"0":"post-10417","1":"product","2":"type-product","3":"status-publish","4":"has-post-thumbnail","6":"product_cat-portugal-trikots","7":"product_tag-coole-fussballtrikots","8":"product_tag-fussball-wm-2022-trikots","9":"product_tag-fussballtrikot-fuer-herren","10":"product_tag-fussballtrikot-kurzarm","11":"product_tag-guenstiges-fussballtrikot","12":"product_tag-kinder-fussball-trikotsatz","13":"product_tag-portugal-heimtrikot","14":"product_tag-portugal-trikots","15":"product_tag-portugal-trikotsatz-trikot","17":"first","18":"instock","19":"shipping-taxable","20":"purchasable","21":"product-type-variable"},"_links":{"self":[{"href":"https:\/\/www.billigtrikotde.com\/sl\/wp-json\/wp\/v2\/product\/10417","targetHints":{"allow":["GET"]}}],"collection":[{"href":"https:\/\/www.billigtrikotde.com\/sl\/wp-json\/wp\/v2\/product"}],"about":[{"href":"https:\/\/www.billigtrikotde.com\/sl\/wp-json\/wp\/v2\/types\/product"}],"replies":[{"embeddable":true,"href":"https:\/\/www.billigtrikotde.com\/sl\/wp-json\/wp\/v2\/comments?post=10417"}],"wp:featuredmedia":[{"embeddable":true,"href":"https:\/\/www.billigtrikotde.com\/sl\/wp-json\/wp\/v2\/media\/10457"}],"wp:attachment":[{"href":"https:\/\/www.billigtrikotde.com\/sl\/wp-json\/wp\/v2\/media?parent=10417"}],"wp:term":[{"taxonomy":"product_brand","embeddable":true,"href":"https:\/\/www.billigtrikotde.com\/sl\/wp-json\/wp\/v2\/product_brand?post=10417"},{"taxonomy":"product_cat","embeddable":true,"href":"https:\/\/www.billigtrikotde.com\/sl\/wp-json\/wp\/v2\/product_cat?post=10417"},{"taxonomy":"product_tag","embeddable":true,"href":"https:\/\/www.billigtrikotde.com\/sl\/wp-json\/wp\/v2\/product_tag?post=10417"}],"curies":[{"name":"wp","href":"https:\/\/api.w.org\/{rel}","templated":true}]}}