{"id":10362,"date":"2024-10-24T03:14:29","date_gmt":"2024-10-24T01:14:29","guid":{"rendered":"http:\/\/billigtrikots.com\/?post_type=product&#038;p=10362"},"modified":"2024-10-24T03:17:10","modified_gmt":"2024-10-24T01:17:10","slug":"costa-22-herren-portugal-wm-2022-auswaertstrikot-kurzarm-kurze-hosen","status":"publish","type":"product","link":"https:\/\/www.billigtrikotde.com\/sl\/costa-22-herren-portugal-wm-2022-auswaertstrikot-kurzarm-kurze-hosen\/","title":{"rendered":"COSTA #22 mo\u0161ki Portugal svetovno prvenstvo 2022 zunanji dres s kratkimi rokavi + kratke hla\u010de"},"content":{"rendered":"<p>Sve\u017e in hkrati klasi\u010den videz za Portugalsko: gostujo\u010di dres Nike Portugal 2022 zdru\u017euje kremasto bel osnovni vzorec z mornarsko modrim znakom Swoosh. Uradno sta barvi \u00bbSail\/Obsidian\u00ab, medtem ko je \u00bbPepper Red\u00ab tretja barva. Dizajn novega gostujo\u010dega dresa Nike Portugal 2022 World Cup je sestavljen iz zeleno-rde\u010dega barvnega bloka na prsih. Dres Nike 22-23 temelji na enaki razli\u010dici kot doma\u010di dresi Atletico in Liverpool 22-23. Zadnja ovratnica in man\u0161ete gostujo\u010dega dresa Portugal 2022 ustrezajo temno modri barvi znaka Swoosh. Zeleno-rde\u010di trak se nadaljuje tudi na zadnji strani novega gostujo\u010dega dresa Portugalske, ki ima sicer temno modro polje na zgornjem robu, pod katerim je name\u0161\u010den simbol po meri v zlati barvi.<\/p>\n<p>Nasveti za tiskanje: \u010ce sta ime in \u0161tevilka na sliki to\u010dno tak\u0161na, kot ju \u017eelite, ju ni treba ponovno vnesti. \u010ce ni tako, vnesite \u017eeleno ime in \u0161tevilko.<\/p>\n<p>Nasveti za pranje: Priporo\u010dljivo je, da nogometne majice perete ro\u010dno. \u010ce \u017eelite uporabiti pralni stroj, ne pozabite nogometne majice obrniti narobe in jih nato oprati. Stroj napolnite s hladno vodo in uporabite ob\u010dutljiv cikel, da bolje za\u0161\u010ditite barve.<\/p>","protected":false},"excerpt":{"rendered":"<p>Ein frischer und doch klassischer Look f\u00fcr Portugal: Das Nike Portugal 2022 Ausw\u00e4rtstrikot kombiniert ein cremewei\u00dfes Grundmuster mit marineblauem Swoosh. Offiziell sind die Farben \u201eSail\/Obsidian\u201c, w\u00e4hrend \u201ePepper Red\u201c die dritte Farbe ist.Das Design des neuen Nike Portugal 2022 World Cup Ausw\u00e4rtstrikots besteht aus einem gr\u00fcn-roten Farbblock auf der Brust. Das Nike 22-23-Trikot basiert auf der [&hellip;]<\/p>","protected":false},"featured_media":10399,"comment_status":"open","ping_status":"closed","template":"","meta":[],"product_brand":[],"product_cat":[239],"product_tag":[20,222,21,23,24,347,374],"class_list":{"0":"post-10362","1":"product","2":"type-product","3":"status-publish","4":"has-post-thumbnail","6":"product_cat-portugal-trikots","7":"product_tag-coole-fussballtrikots","8":"product_tag-fussball-wm-2022-trikots","9":"product_tag-fussballtrikot-fuer-herren","10":"product_tag-fussballtrikot-kurzarm","11":"product_tag-guenstiges-fussballtrikot","12":"product_tag-portugal-trikots","13":"product_tag-portugal-wm-2022-auswaertstrikot","15":"first","16":"instock","17":"shipping-taxable","18":"purchasable","19":"product-type-variable"},"_links":{"self":[{"href":"https:\/\/www.billigtrikotde.com\/sl\/wp-json\/wp\/v2\/product\/10362","targetHints":{"allow":["GET"]}}],"collection":[{"href":"https:\/\/www.billigtrikotde.com\/sl\/wp-json\/wp\/v2\/product"}],"about":[{"href":"https:\/\/www.billigtrikotde.com\/sl\/wp-json\/wp\/v2\/types\/product"}],"replies":[{"embeddable":true,"href":"https:\/\/www.billigtrikotde.com\/sl\/wp-json\/wp\/v2\/comments?post=10362"}],"wp:featuredmedia":[{"embeddable":true,"href":"https:\/\/www.billigtrikotde.com\/sl\/wp-json\/wp\/v2\/media\/10399"}],"wp:attachment":[{"href":"https:\/\/www.billigtrikotde.com\/sl\/wp-json\/wp\/v2\/media?parent=10362"}],"wp:term":[{"taxonomy":"product_brand","embeddable":true,"href":"https:\/\/www.billigtrikotde.com\/sl\/wp-json\/wp\/v2\/product_brand?post=10362"},{"taxonomy":"product_cat","embeddable":true,"href":"https:\/\/www.billigtrikotde.com\/sl\/wp-json\/wp\/v2\/product_cat?post=10362"},{"taxonomy":"product_tag","embeddable":true,"href":"https:\/\/www.billigtrikotde.com\/sl\/wp-json\/wp\/v2\/product_tag?post=10362"}],"curies":[{"name":"wp","href":"https:\/\/api.w.org\/{rel}","templated":true}]}}