{"id":10137,"date":"2024-10-24T03:02:59","date_gmt":"2024-10-24T01:02:59","guid":{"rendered":"http:\/\/billigtrikots.com\/?post_type=product&#038;p=10137"},"modified":"2024-10-24T03:05:45","modified_gmt":"2024-10-24T01:05:45","slug":"theate-3-belgien-fifa-wm-katar-2022-rot-schwarz-herren-heimtrikot-kurzarm","status":"publish","type":"product","link":"https:\/\/www.billigtrikotde.com\/sl\/theate-3-belgien-fifa-wm-katar-2022-rot-schwarz-herren-heimtrikot-kurzarm\/","title":{"rendered":"THEATE #3 Belgija FIFA World Cup Qatar 2022 rde\u010da \u010drna mo\u0161ka majica s kratkimi rokavi"},"content":{"rendered":"<p>Dres Adidas Belgium 2022 za svetovno prvenstvo ima rde\u010d trup in \u010drne rokave. Takoj pade v o\u010di grafika plamena, ki se dviga na koncu rokavov in ima rahlo digitaliziran u\u010dinek. Adidasove \u010drte na ramenih so rde\u010de, prav tako novi logotip, medtem ko je zna\u010dko svetle\u010de zlate barve, kratke hla\u010de in nogavice doma\u010dega dresa za svetovno prvenstvo 2022 v Belgiji pa so \u010drne, pri \u010demer imajo slednje podoben potisk plamena kot na rokavih doma\u010dega dresa za svetovno prvenstvo 2022 v Belgiji.<\/p>\n<p>Nasveti za tiskanje: \u010ce sta ime in \u0161tevilka na sliki to\u010dno tak\u0161na, kot ju \u017eelite, ju ni treba ponovno vnesti. \u010ce ni tako, vnesite \u017eeleno ime in \u0161tevilko.<\/p>\n<p>Nasveti za pranje: Priporo\u010dljivo je, da nogometne majice perete ro\u010dno. \u010ce \u017eelite uporabiti pralni stroj, ne pozabite nogometne majice obrniti narobe in jih nato oprati. Stroj napolnite s hladno vodo in uporabite ob\u010dutljiv cikel, da bolje za\u0161\u010ditite barve.<\/p>","protected":false},"excerpt":{"rendered":"<p>Das Adidas Belgium 2022 World Cup Trikot hat einen roten Torso mit schwarzen Raglan\u00e4rmeln. Was sofort ins Auge sticht, ist die Flammengrafik, die am Ende der \u00c4rmel aufsteigt.Die Grafik hat einen leicht digitalisierten Effekt. Die Adidas-Streifen auf den Schultern sind rot, ebenso wie das neue Logo, w\u00e4hrend das Abzeichen goldgl\u00e4nzend ist.Die Hosen und die Stutzen [&hellip;]<\/p>","protected":false},"featured_media":10174,"comment_status":"open","ping_status":"closed","template":"","meta":[],"product_brand":[],"product_cat":[173],"product_tag":[382,120,20,407,21,22,23,24],"class_list":{"0":"post-10137","1":"product","2":"type-product","3":"status-publish","4":"has-post-thumbnail","6":"product_cat-belgien-trikots","7":"product_tag-belgien-heimtrikot","8":"product_tag-belgien-trikots","9":"product_tag-coole-fussballtrikots","10":"product_tag-fifa-wm-katar-2022-trikot","11":"product_tag-fussballtrikot-fuer-herren","12":"product_tag-fussballtrikot-guenstig-kaufen","13":"product_tag-fussballtrikot-kurzarm","14":"product_tag-guenstiges-fussballtrikot","16":"first","17":"instock","18":"shipping-taxable","19":"purchasable","20":"product-type-variable"},"_links":{"self":[{"href":"https:\/\/www.billigtrikotde.com\/sl\/wp-json\/wp\/v2\/product\/10137","targetHints":{"allow":["GET"]}}],"collection":[{"href":"https:\/\/www.billigtrikotde.com\/sl\/wp-json\/wp\/v2\/product"}],"about":[{"href":"https:\/\/www.billigtrikotde.com\/sl\/wp-json\/wp\/v2\/types\/product"}],"replies":[{"embeddable":true,"href":"https:\/\/www.billigtrikotde.com\/sl\/wp-json\/wp\/v2\/comments?post=10137"}],"wp:featuredmedia":[{"embeddable":true,"href":"https:\/\/www.billigtrikotde.com\/sl\/wp-json\/wp\/v2\/media\/10174"}],"wp:attachment":[{"href":"https:\/\/www.billigtrikotde.com\/sl\/wp-json\/wp\/v2\/media?parent=10137"}],"wp:term":[{"taxonomy":"product_brand","embeddable":true,"href":"https:\/\/www.billigtrikotde.com\/sl\/wp-json\/wp\/v2\/product_brand?post=10137"},{"taxonomy":"product_cat","embeddable":true,"href":"https:\/\/www.billigtrikotde.com\/sl\/wp-json\/wp\/v2\/product_cat?post=10137"},{"taxonomy":"product_tag","embeddable":true,"href":"https:\/\/www.billigtrikotde.com\/sl\/wp-json\/wp\/v2\/product_tag?post=10137"}],"curies":[{"name":"wp","href":"https:\/\/api.w.org\/{rel}","templated":true}]}}