{"id":10116,"date":"2024-10-24T03:01:53","date_gmt":"2024-10-24T01:01:53","guid":{"rendered":"http:\/\/billigtrikots.com\/?post_type=product&#038;p=10116"},"modified":"2024-10-24T03:04:34","modified_gmt":"2024-10-24T01:04:34","slug":"united-states-usa-wm-2022-auswaertstrikot-koenigsblau-kurzarm-kurze-hosen","status":"publish","type":"product","link":"https:\/\/www.billigtrikotde.com\/sl\/united-states-usa-wm-2022-auswaertstrikot-koenigsblau-kurzarm-kurze-hosen\/","title":{"rendered":"Zdru\u017eene dr\u017eave Amerike USA 2022 Svetovno prvenstvo v gosteh kraljevsko modra majica s kratkimi rokavi + kratke hla\u010de"},"content":{"rendered":"<p>To je Nike iz Slovenije 2022 svetovno prvenstvo doma\u010da majica za goste. Z enako edinstveno postavitvijo sloga Swoosh je doma\u010da majica za goste pri 2022 svetovnem prvenstvu ve\u010dinoma kraljevsko modra s temno modro grafiko Tie-Dye, ki ni ni\u010d podobna tisti na Leeds 22-23 doma\u010di majici.<\/p>\n<p>Nasveti za tiskanje: \u010ce sta ime in \u0161tevilka na sliki to\u010dno tak\u0161na, kot ju \u017eelite, ju ni treba ponovno vnesti. \u010ce ni tako, vnesite \u017eeleno ime in \u0161tevilko.<\/p>\n<p>Nasveti za pranje: Priporo\u010dljivo je, da nogometne majice perete ro\u010dno. \u010ce \u017eelite uporabiti pralni stroj, ne pozabite nogometne majice obrniti narobe in jih nato oprati. Stroj napolnite s hladno vodo in uporabite ob\u010dutljiv cikel, da bolje za\u0161\u010ditite barve.<\/p>","protected":false},"excerpt":{"rendered":"<p>To je gostujo\u010di dres Zveze nogometa Slovenije za svetovno prvenstvo 2022. Z isto edinstveno postavitvijo slogana Swoosh je gostujo\u010di dres Slovenije za svetovno prvenstvo 2022 prete\u017eno kraljevsko modre barve z mornarsko modro grafiko v Tie-Dye, ki ni ni\u010d druga\u010dna od tistega na gostujo\u010dem dresu za Leeds 22-23. Nasveti za tiskanje: \u010ce je ime in \u0161tevilka na sliki to\u010dno tak\u0161ne, kot \u017eelite, morate [\u2026]<\/p>","protected":false},"featured_media":10153,"comment_status":"open","ping_status":"closed","template":"","meta":[],"product_brand":[],"product_cat":[245],"product_tag":[20,43,21,22,23,24,246,289,247,248,249,250,288],"class_list":{"0":"post-10116","1":"product","2":"type-product","3":"status-publish","4":"has-post-thumbnail","6":"product_cat-usa-trikots","7":"product_tag-coole-fussballtrikots","8":"product_tag-fussballkleidung","9":"product_tag-fussballtrikot-fuer-herren","10":"product_tag-fussballtrikot-guenstig-kaufen","11":"product_tag-fussballtrikot-kurzarm","12":"product_tag-guenstiges-fussballtrikot","13":"product_tag-united-states-2022-trikot","14":"product_tag-united-states-auswaertstrikot","15":"product_tag-usa-fussball-shop","16":"product_tag-usa-fussball-trikot","17":"product_tag-usa-nationalmannschaft","18":"product_tag-usa-trikot-herren","19":"product_tag-usa-trikots","21":"first","22":"instock","23":"shipping-taxable","24":"purchasable","25":"product-type-variable"},"_links":{"self":[{"href":"https:\/\/www.billigtrikotde.com\/sl\/wp-json\/wp\/v2\/product\/10116","targetHints":{"allow":["GET"]}}],"collection":[{"href":"https:\/\/www.billigtrikotde.com\/sl\/wp-json\/wp\/v2\/product"}],"about":[{"href":"https:\/\/www.billigtrikotde.com\/sl\/wp-json\/wp\/v2\/types\/product"}],"replies":[{"embeddable":true,"href":"https:\/\/www.billigtrikotde.com\/sl\/wp-json\/wp\/v2\/comments?post=10116"}],"wp:featuredmedia":[{"embeddable":true,"href":"https:\/\/www.billigtrikotde.com\/sl\/wp-json\/wp\/v2\/media\/10153"}],"wp:attachment":[{"href":"https:\/\/www.billigtrikotde.com\/sl\/wp-json\/wp\/v2\/media?parent=10116"}],"wp:term":[{"taxonomy":"product_brand","embeddable":true,"href":"https:\/\/www.billigtrikotde.com\/sl\/wp-json\/wp\/v2\/product_brand?post=10116"},{"taxonomy":"product_cat","embeddable":true,"href":"https:\/\/www.billigtrikotde.com\/sl\/wp-json\/wp\/v2\/product_cat?post=10116"},{"taxonomy":"product_tag","embeddable":true,"href":"https:\/\/www.billigtrikotde.com\/sl\/wp-json\/wp\/v2\/product_tag?post=10116"}],"curies":[{"name":"wp","href":"https:\/\/api.w.org\/{rel}","templated":true}]}}