{"id":986,"date":"2024-10-23T13:11:44","date_gmt":"2024-10-23T11:11:44","guid":{"rendered":"http:\/\/billigtrikots.com\/?post_type=product&#038;p=986"},"modified":"2024-10-23T13:13:37","modified_gmt":"2024-10-23T11:13:37","slug":"real-madrid-heimtrikot-2022-weiss-langarm-trikotsatz-mit-aufdruck-ronaldo-7","status":"publish","type":"product","link":"https:\/\/www.billigtrikotde.com\/sk\/real-madrid-heimtrikot-2022-weiss-langarm-trikotsatz-mit-aufdruck-ronaldo-7\/","title":{"rendered":"Dom\u00e1ca s\u00faprava Real Madrid 2022 biely dres s dlh\u00fdm ruk\u00e1vom a potla\u010dou Ronaldo 7"},"content":{"rendered":"<p>Podporte svoj ob\u013e\u00faben\u00fd t\u00edm v novom p\u00e1nskom dom\u00e1com drese \"Royals\". Je v \u017eiarivo bielej farbe a zdobia ho detaily zna\u010dky a-didas, ako aj n\u00e1pisy sponzorov a na srdcovej strane je hrd\u00fd klubov\u00fd erb v autentick\u00fdch farb\u00e1ch t\u00edmu.<\/p>\n<p>Ofici\u00e1lny dres je vyroben\u00fd z vysoko funk\u010dn\u00e9ho materi\u00e1lu AEROREADY a pon\u00faka vynikaj\u00faci odvod tepla a vlhkosti. Je m\u00e4kk\u00fd a \u013eahk\u00fd na poko\u017eke a mimoriadne r\u00fdchlo schne, aby zabezpe\u010dil optim\u00e1lne pohodlie za ka\u017ed\u00fdch okolnost\u00ed. Priedu\u0161n\u00e9 z\u00f3ny z\u00e1rove\u0148 zabezpe\u010duj\u00fa optim\u00e1lne vetranie. Strih repliky je tie\u017e o nie\u010do \u0161ir\u0161\u00ed ako origin\u00e1lny hr\u00e1\u010dsky dres, takpovediac streetwearov\u00e1 verzia, a preto v\u00e1m pon\u00faka maxim\u00e1lnu vo\u013enos\u0165 pohybu pri povzbudzovan\u00ed fan\u00fa\u0161ikov, ako aj pri vlastnom tr\u00e9ningu. Recyklovan\u00fd polyester 100% je nielen odoln\u00fd a odoln\u00fd, ale aj vysoko udr\u017eate\u013en\u00fd!<\/p>\n<p>Tak ne\u010dakajte a zaobstarajte si ho hne\u010f! Zaobstarajte si ob\u013e\u00faben\u00fd p\u00e1nsky dom\u00e1ci dres a-didas Real Madrid 2021\/22 v \u017eiarivo bielej farbe e\u0161te dnes! S n\u00edm nenech\u00e1te nikoho na pochyb\u00e1ch o svojej vernosti a podpor\u00edte svoj t\u00edm cel\u00fdm srdcom!<\/p>\n<p>Tipy na tla\u010d: Ak s\u00fa meno a \u010d\u00edslo na obr\u00e1zku presne tak\u00e9, ak\u00e9 chcete, nemus\u00edte ich zad\u00e1va\u0165 znova. Ak nie, mali by ste zada\u0165 po\u017eadovan\u00e9 meno a \u010d\u00edslo.<\/p>\n<p>Tipy na pranie: Odpor\u00fa\u010dame pra\u0165 futbalov\u00e9 tri\u010dk\u00e1 v ruke. Ak chcete pou\u017ei\u0165 pr\u00e1\u010dku, nezabudnite futbalov\u00e9 tri\u010dk\u00e1 oto\u010di\u0165 naruby a potom ich vypra\u0165. Napl\u0148te pr\u00e1\u010dku studenou vodou a pou\u017eite jemn\u00fd cyklus, aby ste lep\u0161ie ochr\u00e1nili farby.<\/p>","protected":false},"excerpt":{"rendered":"<p>Im neuen Herren Heimtrikot der \u201eK\u00f6niglichen\u201c unterst\u00fctzt du deine Lieblingself auf ganzer Linie. Es pr\u00e4sentiert sich in strahlendem Wei\u00df und ist mit den a-didas Markendetails, wie auch dem Sponsorenschriftzug, veredelt und tr\u00e4gt auf der Herzseite das stolze Clubwappen in den authentischen Teamfarben. Gefertigt aus hoch funktionellem AEROREADY-Material, bietet dir das offizielle Trikot auch ein hervorragendes [&hellip;]<\/p>","protected":false},"featured_media":1020,"comment_status":"open","ping_status":"closed","template":"","meta":[],"product_brand":[],"product_cat":[45],"product_tag":[20,38,21,24,47],"class_list":{"0":"post-986","1":"product","2":"type-product","3":"status-publish","4":"has-post-thumbnail","6":"product_cat-real-madrid","7":"product_tag-coole-fussballtrikots","8":"product_tag-fussball-trikot-langarm","9":"product_tag-fussballtrikot-fuer-herren","10":"product_tag-guenstiges-fussballtrikot","11":"product_tag-real-madrid-trikots","13":"first","14":"instock","15":"shipping-taxable","16":"purchasable","17":"product-type-variable"},"_links":{"self":[{"href":"https:\/\/www.billigtrikotde.com\/sk\/wp-json\/wp\/v2\/product\/986","targetHints":{"allow":["GET"]}}],"collection":[{"href":"https:\/\/www.billigtrikotde.com\/sk\/wp-json\/wp\/v2\/product"}],"about":[{"href":"https:\/\/www.billigtrikotde.com\/sk\/wp-json\/wp\/v2\/types\/product"}],"replies":[{"embeddable":true,"href":"https:\/\/www.billigtrikotde.com\/sk\/wp-json\/wp\/v2\/comments?post=986"}],"wp:featuredmedia":[{"embeddable":true,"href":"https:\/\/www.billigtrikotde.com\/sk\/wp-json\/wp\/v2\/media\/1020"}],"wp:attachment":[{"href":"https:\/\/www.billigtrikotde.com\/sk\/wp-json\/wp\/v2\/media?parent=986"}],"wp:term":[{"taxonomy":"product_brand","embeddable":true,"href":"https:\/\/www.billigtrikotde.com\/sk\/wp-json\/wp\/v2\/product_brand?post=986"},{"taxonomy":"product_cat","embeddable":true,"href":"https:\/\/www.billigtrikotde.com\/sk\/wp-json\/wp\/v2\/product_cat?post=986"},{"taxonomy":"product_tag","embeddable":true,"href":"https:\/\/www.billigtrikotde.com\/sk\/wp-json\/wp\/v2\/product_tag?post=986"}],"curies":[{"name":"wp","href":"https:\/\/api.w.org\/{rel}","templated":true}]}}