{"id":9834,"date":"2024-10-24T02:47:30","date_gmt":"2024-10-24T00:47:30","guid":{"rendered":"http:\/\/billigtrikots.com\/?post_type=product&#038;p=9834"},"modified":"2024-10-24T02:49:47","modified_gmt":"2024-10-24T00:49:47","slug":"frankreich-trikot-fifa-wm-katar-2022-auswaertstrikot-weiss-online-shop","status":"publish","type":"product","link":"https:\/\/www.billigtrikotde.com\/sk\/frankreich-trikot-fifa-wm-katar-2022-auswaertstrikot-weiss-online-shop\/","title":{"rendered":"Franc\u00fazsko tri\u010dko FIFA World Cup Qatar 2022 away kit white Online-Shop"},"content":{"rendered":"<p>P\u00edsmo dresu pre majstrovstv\u00e1 sveta vo Franc\u00fazsku 2022 je pomerne klasick\u00e9. P\u00edsmen\u00e1 n\u00e1pisu s\u00fa ve\u013emi \u0161tandardn\u00e9, zatia\u013e \u010do \u010d\u00edsla maj\u00fa elegantn\u00fd \u0161t\u00fdl a \u010d\u00edsla majstrovstiev sveta vo futbale Franc\u00fazsko 2022 sa odli\u0161uj\u00fa od be\u017en\u00fdch fontov, preto\u017ee s\u00fa v dvoch odtie\u0148och zlatej farby. Podobn\u00fd vzh\u013ead m\u00e1 aj erb FFF na prednej strane a spolo\u010dnos\u0165 Nike pou\u017e\u00edva na drese host\u00ed modr\u00e9 p\u00edsmo. Rovnako ako dres s\u00fa aj \u010d\u00edsla v dvoch odtie\u0148och modrej farby a nov\u00e9 p\u00edsmo bude Franc\u00fazsko pou\u017e\u00edva\u0165 na v\u0161etk\u00fdch z\u00e1pasoch vr\u00e1tane majstrovstiev sveta 2022.<\/p>\n<p>Tipy na tla\u010d: Ak s\u00fa meno a \u010d\u00edslo na obr\u00e1zku presne tak\u00e9, ak\u00e9 chcete, nemus\u00edte ich zad\u00e1va\u0165 znova. Ak nie, mali by ste zada\u0165 po\u017eadovan\u00e9 meno a \u010d\u00edslo.<\/p>\n<p>Tipy na pranie: Odpor\u00fa\u010dame pra\u0165 futbalov\u00e9 tri\u010dk\u00e1 v ruke. Ak chcete pou\u017ei\u0165 pr\u00e1\u010dku, nezabudnite futbalov\u00e9 tri\u010dk\u00e1 oto\u010di\u0165 naruby a potom ich vypra\u0165. Napl\u0148te pr\u00e1\u010dku studenou vodou a pou\u017eite jemn\u00fd cyklus, aby ste lep\u0161ie ochr\u00e1nili farby.<\/p>","protected":false},"excerpt":{"rendered":"<p>Die Schriftart f\u00fcr das Trikot der Fu\u00dfball-WM 2022 in Frankreich ist relativ klassisch. Die Buchstaben des Schriftzugs sind sehr standardm\u00e4\u00dfig, w\u00e4hrend die Zahlen einen schlanken Stil haben.Die Nummern der WM 2022 in Frankreich heben sich von den \u00fcblichen Schriften ab, weil sie in zwei Goldt\u00f6nen gehalten sind. Dies \u00e4hnelt dem Aussehen des FFF-Wappens auf der [&hellip;]<\/p>","protected":false},"featured_media":9868,"comment_status":"open","ping_status":"closed","template":"","meta":[],"product_brand":[],"product_cat":[117],"product_tag":[20,398,118,119,389,21,22,23,24],"class_list":{"0":"post-9834","1":"product","2":"type-product","3":"status-publish","4":"has-post-thumbnail","6":"product_cat-frankreich-trikots","7":"product_tag-coole-fussballtrikots","8":"product_tag-frankreich-2022-weltmeisterschaft-trikot","9":"product_tag-frankreich-auswaertstrikot","10":"product_tag-frankreich-trikots","11":"product_tag-fussball-wm-2022-trikot","12":"product_tag-fussballtrikot-fuer-herren","13":"product_tag-fussballtrikot-guenstig-kaufen","14":"product_tag-fussballtrikot-kurzarm","15":"product_tag-guenstiges-fussballtrikot","17":"first","18":"instock","19":"shipping-taxable","20":"purchasable","21":"product-type-variable"},"_links":{"self":[{"href":"https:\/\/www.billigtrikotde.com\/sk\/wp-json\/wp\/v2\/product\/9834","targetHints":{"allow":["GET"]}}],"collection":[{"href":"https:\/\/www.billigtrikotde.com\/sk\/wp-json\/wp\/v2\/product"}],"about":[{"href":"https:\/\/www.billigtrikotde.com\/sk\/wp-json\/wp\/v2\/types\/product"}],"replies":[{"embeddable":true,"href":"https:\/\/www.billigtrikotde.com\/sk\/wp-json\/wp\/v2\/comments?post=9834"}],"wp:featuredmedia":[{"embeddable":true,"href":"https:\/\/www.billigtrikotde.com\/sk\/wp-json\/wp\/v2\/media\/9868"}],"wp:attachment":[{"href":"https:\/\/www.billigtrikotde.com\/sk\/wp-json\/wp\/v2\/media?parent=9834"}],"wp:term":[{"taxonomy":"product_brand","embeddable":true,"href":"https:\/\/www.billigtrikotde.com\/sk\/wp-json\/wp\/v2\/product_brand?post=9834"},{"taxonomy":"product_cat","embeddable":true,"href":"https:\/\/www.billigtrikotde.com\/sk\/wp-json\/wp\/v2\/product_cat?post=9834"},{"taxonomy":"product_tag","embeddable":true,"href":"https:\/\/www.billigtrikotde.com\/sk\/wp-json\/wp\/v2\/product_tag?post=9834"}],"curies":[{"name":"wp","href":"https:\/\/api.w.org\/{rel}","templated":true}]}}