{"id":9828,"date":"2024-10-24T02:46:58","date_gmt":"2024-10-24T00:46:58","guid":{"rendered":"http:\/\/billigtrikots.com\/?post_type=product&#038;p=9828"},"modified":"2024-10-24T02:49:13","modified_gmt":"2024-10-24T00:49:13","slug":"herren-england-fifa-wm-katar-2022-weiss-blau-heimtrikot-kurzarm-personalisierbar","status":"publish","type":"product","link":"https:\/\/www.billigtrikotde.com\/sk\/herren-england-fifa-wm-katar-2022-weiss-blau-heimtrikot-kurzarm-personalisierbar\/","title":{"rendered":"P\u00e1nske majstrovstv\u00e1 sveta vo futbale v Katare 2022 White Blue Home Shirt s kr\u00e1tkym ruk\u00e1vom na mieru"},"content":{"rendered":"<p>Majstrovstv\u00e1 sveta 2022 Nike dom\u00e1ce \u0161tadi\u00f3n Anglicka, ktor\u00fd m\u00e1 \u010dist\u00fd biely z\u00e1klad, z\u00edskava v\u00e4\u010d\u0161inu svojho predaja sk\u00f4r z farebn\u00fdch prechodov na ragl\u00e1nov\u00fdch ruk\u00e1voch. Za\u010d\u00ednaj\u00fac za ramenami za\u010d\u00edna biely z\u00e1klad postupn\u00fd a vyblednut\u00fd prechod smerom k modrej, za\u010d\u00ednaj\u00fac svetl\u00fdm odtie\u0148om, predt\u00fdm ne\u017e klesne do ve\u013emi hlbok\u00e9ho odtie\u0148a okr\u00fahleho v\u00fdstrihu. Svetl\u00e9 a tmavomodr\u00e9 odtiene s\u00fa nanesen\u00e9 na man\u017eet\u00e1ch ruk\u00e1vov v jasnom pol- a-pol dizajne a podobaj\u00fa sa farb\u00e1m hos\u0165ovsk\u00e9ho dresu Slovenska pre dan\u00fd rok. Historicky pou\u017eit\u00e1 tmavomodr\u00e1 farba akosi vracia atmosf\u00e9ru 90-tych rokov.<\/p>\n<p>Tipy na tla\u010d: Ak s\u00fa meno a \u010d\u00edslo na obr\u00e1zku presne tak\u00e9, ak\u00e9 chcete, nemus\u00edte ich zad\u00e1va\u0165 znova. Ak nie, mali by ste zada\u0165 po\u017eadovan\u00e9 meno a \u010d\u00edslo.<\/p>\n<p>Tipy na pranie: Odpor\u00fa\u010dame pra\u0165 futbalov\u00e9 tri\u010dk\u00e1 v ruke. Ak chcete pou\u017ei\u0165 pr\u00e1\u010dku, nezabudnite futbalov\u00e9 tri\u010dk\u00e1 oto\u010di\u0165 naruby a potom ich vypra\u0165. Napl\u0148te pr\u00e1\u010dku studenou vodou a pou\u017eite jemn\u00fd cyklus, aby ste lep\u0161ie ochr\u00e1nili farby.<\/p>","protected":false},"excerpt":{"rendered":"<p>Das WM 2022 Nike Heimstadion von England, das eine saubere wei\u00dfe Grundlage hat, bezieht einen Gro\u00dfteil seines Verkaufs stattdessen aus der Farbverl\u00e4ufe auf den Raglan\u00e4rmeln. Beginnend hinter den Schultern beginnt die wei\u00dfe Basis einen allm\u00e4hlichen und verblassten \u00dcbergang in Richtung Blau, beginnend mit einem hellen Ton, bevor sie in einen sehr tiefen Ton um den [&hellip;]<\/p>","protected":false},"featured_media":9867,"comment_status":"open","ping_status":"closed","template":"","meta":[],"product_brand":[],"product_cat":[115],"product_tag":[20,363,116,407,21,22,23,24],"class_list":{"0":"post-9828","1":"product","2":"type-product","3":"status-publish","4":"has-post-thumbnail","6":"product_cat-england-trikots","7":"product_tag-coole-fussballtrikots","8":"product_tag-england-2022-world-cup-trikot","9":"product_tag-england-heimtrikot","10":"product_tag-fifa-wm-katar-2022-trikot","11":"product_tag-fussballtrikot-fuer-herren","12":"product_tag-fussballtrikot-guenstig-kaufen","13":"product_tag-fussballtrikot-kurzarm","14":"product_tag-guenstiges-fussballtrikot","16":"first","17":"instock","18":"shipping-taxable","19":"purchasable","20":"product-type-variable"},"_links":{"self":[{"href":"https:\/\/www.billigtrikotde.com\/sk\/wp-json\/wp\/v2\/product\/9828","targetHints":{"allow":["GET"]}}],"collection":[{"href":"https:\/\/www.billigtrikotde.com\/sk\/wp-json\/wp\/v2\/product"}],"about":[{"href":"https:\/\/www.billigtrikotde.com\/sk\/wp-json\/wp\/v2\/types\/product"}],"replies":[{"embeddable":true,"href":"https:\/\/www.billigtrikotde.com\/sk\/wp-json\/wp\/v2\/comments?post=9828"}],"wp:featuredmedia":[{"embeddable":true,"href":"https:\/\/www.billigtrikotde.com\/sk\/wp-json\/wp\/v2\/media\/9867"}],"wp:attachment":[{"href":"https:\/\/www.billigtrikotde.com\/sk\/wp-json\/wp\/v2\/media?parent=9828"}],"wp:term":[{"taxonomy":"product_brand","embeddable":true,"href":"https:\/\/www.billigtrikotde.com\/sk\/wp-json\/wp\/v2\/product_brand?post=9828"},{"taxonomy":"product_cat","embeddable":true,"href":"https:\/\/www.billigtrikotde.com\/sk\/wp-json\/wp\/v2\/product_cat?post=9828"},{"taxonomy":"product_tag","embeddable":true,"href":"https:\/\/www.billigtrikotde.com\/sk\/wp-json\/wp\/v2\/product_tag?post=9828"}],"curies":[{"name":"wp","href":"https:\/\/api.w.org\/{rel}","templated":true}]}}