{"id":9756,"date":"2024-10-24T02:43:19","date_gmt":"2024-10-24T00:43:19","guid":{"rendered":"http:\/\/billigtrikots.com\/?post_type=product&#038;p=9756"},"modified":"2024-10-24T02:45:36","modified_gmt":"2024-10-24T00:45:36","slug":"mexiko-fifa-wm-katar-2022-heimtrikot-gruen-kurzarm-mit-namen-j-gallardo-23","status":"publish","type":"product","link":"https:\/\/www.billigtrikotde.com\/sk\/mexiko-fifa-wm-katar-2022-heimtrikot-gruen-kurzarm-mit-namen-j-gallardo-23\/","title":{"rendered":"Mexiko Majstrovstv\u00e1 sveta vo futbale Katar 2022 dom\u00e1ce tri\u010dko zelen\u00e9 s kr\u00e1tkym ruk\u00e1vom a n\u00e1pisom J.GALLARDO 23"},"content":{"rendered":"<p>Je to prv\u00fdkr\u00e1t za mnoho rokov, \u010do bude ma\u0165 Mexiko zelen\u00fd dres. Mexick\u00e9 MS dres 2018 bol zelen\u00fd a priate\u013esk\u00fd z\u00e1pas proti Argent\u00edne v tom istom roku bol posledn\u00fdkr\u00e1t, ke\u010f mexick\u00e1 A-n\u00e1rodn\u00e1 reprezent\u00e1cia mala zelen\u00fd dres. Olympijsk\u00fd dres, ktor\u00fd tento leto nosila U24-n\u00e1rodn\u00e1 reprezent\u00e1cia a ktor\u00fd nebol vyroben\u00fd od Adidas, bol tie\u017e zelen\u00fd.<br \/>\nDres Adidas Mexiko 2022 na MS je zelen\u00fd s bielymi nohavicami a \u010derven\u00fdmi stulpnami a vracia tak ikonick\u00e9 farby Mexika.<\/p>\n<p>Najv\u00fdraznej\u0161\u00edm dizajnov\u00fdm prvkom dom\u00e1ceho dresu Mexiko 2022 je jemn\u00fd grafick\u00fd potla\u010d na vrchnom diele a ruk\u00e1voch, in\u0161pirovan\u00fd Quetzalcoatlom.<br \/>\nV mexickej kult\u00fare je Quetzalcoatl bohom vetra, patr\u00f3nom k\u0148azov a vyn\u00e1lezcom kalend\u00e1rov a kn\u00edh. Ob\u010das je tie\u017e zobrazovan\u00fd ako symbol smrti a zm\u0155tvychvstania. Grafika Quetzalcoatla sa nach\u00e1dza aj na zadnej strane pod golierom.<\/p>\n<p>Tipy na tla\u010d: Ak s\u00fa meno a \u010d\u00edslo na obr\u00e1zku presne tak\u00e9, ak\u00e9 chcete, nemus\u00edte ich zad\u00e1va\u0165 znova. Ak nie, mali by ste zada\u0165 po\u017eadovan\u00e9 meno a \u010d\u00edslo.<\/p>\n<p>Tipy na pranie: Odpor\u00fa\u010dame pra\u0165 futbalov\u00e9 tri\u010dk\u00e1 v ruke. Ak chcete pou\u017ei\u0165 pr\u00e1\u010dku, nezabudnite futbalov\u00e9 tri\u010dk\u00e1 oto\u010di\u0165 naruby a potom ich vypra\u0165. Napl\u0148te pr\u00e1\u010dku studenou vodou a pou\u017eite jemn\u00fd cyklus, aby ste lep\u0161ie ochr\u00e1nili farby.<\/p>","protected":false},"excerpt":{"rendered":"<p>Je to prv\u00fdkr\u00e1t za mnoho rokov, \u010do bude ma\u0165 Mexiko zelen\u00fd dres. Mexick\u00e9 MS dres 2018 bol zelen\u00fd a priate\u013esk\u00fd z\u00e1pas proti Argent\u00edne v tom istom roku bol posledn\u00fdkr\u00e1t, ke\u010f mexick\u00e1 A-n\u00e1rodn\u00e1 reprezent\u00e1cia mala zelen\u00fd dres. Olympijsk\u00fd dres, ktor\u00fd tento leto nosila U24-n\u00e1rodn\u00e1 reprezent\u00e1cia a ktor\u00fd nebol vyroben\u00fd od Adidas, bol tie\u017e zelen\u00fd.<\/p>","protected":false},"featured_media":9795,"comment_status":"open","ping_status":"closed","template":"","meta":[],"product_brand":[],"product_cat":[251],"product_tag":[20,405,21,22,23,24,252,406,253],"class_list":{"0":"post-9756","1":"product","2":"type-product","3":"status-publish","4":"has-post-thumbnail","6":"product_cat-mexiko-trikots","7":"product_tag-coole-fussballtrikots","8":"product_tag-fifa-wm-katar-2022","9":"product_tag-fussballtrikot-fuer-herren","10":"product_tag-fussballtrikot-guenstig-kaufen","11":"product_tag-fussballtrikot-kurzarm","12":"product_tag-guenstiges-fussballtrikot","13":"product_tag-mexiko-2022-trikots","14":"product_tag-mexiko-2022-wm-heimtrikot","15":"product_tag-mexiko-heimtrikot","17":"first","18":"instock","19":"shipping-taxable","20":"purchasable","21":"product-type-variable"},"_links":{"self":[{"href":"https:\/\/www.billigtrikotde.com\/sk\/wp-json\/wp\/v2\/product\/9756","targetHints":{"allow":["GET"]}}],"collection":[{"href":"https:\/\/www.billigtrikotde.com\/sk\/wp-json\/wp\/v2\/product"}],"about":[{"href":"https:\/\/www.billigtrikotde.com\/sk\/wp-json\/wp\/v2\/types\/product"}],"replies":[{"embeddable":true,"href":"https:\/\/www.billigtrikotde.com\/sk\/wp-json\/wp\/v2\/comments?post=9756"}],"wp:featuredmedia":[{"embeddable":true,"href":"https:\/\/www.billigtrikotde.com\/sk\/wp-json\/wp\/v2\/media\/9795"}],"wp:attachment":[{"href":"https:\/\/www.billigtrikotde.com\/sk\/wp-json\/wp\/v2\/media?parent=9756"}],"wp:term":[{"taxonomy":"product_brand","embeddable":true,"href":"https:\/\/www.billigtrikotde.com\/sk\/wp-json\/wp\/v2\/product_brand?post=9756"},{"taxonomy":"product_cat","embeddable":true,"href":"https:\/\/www.billigtrikotde.com\/sk\/wp-json\/wp\/v2\/product_cat?post=9756"},{"taxonomy":"product_tag","embeddable":true,"href":"https:\/\/www.billigtrikotde.com\/sk\/wp-json\/wp\/v2\/product_tag?post=9756"}],"curies":[{"name":"wp","href":"https:\/\/api.w.org\/{rel}","templated":true}]}}