{"id":9685,"date":"2024-10-24T02:39:45","date_gmt":"2024-10-24T00:39:45","guid":{"rendered":"http:\/\/billigtrikots.com\/?post_type=product&#038;p=9685"},"modified":"2024-10-24T02:41:57","modified_gmt":"2024-10-24T00:41:57","slug":"herren-mexiko-fifa-wm-katar-2022-auswaertstrikot-weiss-rot-kurzarm-alvarez-4","status":"publish","type":"product","link":"https:\/\/www.billigtrikotde.com\/sk\/herren-mexiko-fifa-wm-katar-2022-auswaertstrikot-weiss-rot-kurzarm-alvarez-4\/","title":{"rendered":"Mexiko Majstrovstv\u00e1 sveta vo futbale Qatar 2022 Away Jersey biela \u010derven\u00e1 kr\u00e1tky ruk\u00e1v ALVAREZ 4"},"content":{"rendered":"<p>Vyvolaj svoj bojov\u00fd duch, aby si sa dostal a\u017e k svetovej d\u00e1vke futbalu. Na tento \u00fa\u010del sme tomuto adidas Mexiko vonkaj\u0161iemu dresu pre deti a t\u00edned\u017eerov pridali vzh\u013ead in\u0161pirovan\u00fd Mixtekom a azt\u00e9ckymi bo\u017estvami. Uprostred tohto v\u00fdrazn\u00e9ho celoplo\u0161n\u00e9ho dizajnu je tie\u017e mo\u017en\u00e9 n\u00e1js\u0165 telo hada Quetzalcoatla \u2013 zobrazenie fyzick\u00fdch schopnost\u00ed \u013eudstva. Meshov\u00e9 vlo\u017eky a absorp\u010dn\u00e1 technol\u00f3gia AEROREADY zaru\u010duj\u00fa pohodln\u00e9 nosenie. A \u00faplne nov\u00fd klubov\u00fd znak rob\u00ed vyhl\u00e1senie o tvojej fan\u00fa\u0161ikovskej l\u00e1ske.<\/p>\n<p>Tipy na tla\u010d: Ak s\u00fa meno a \u010d\u00edslo na obr\u00e1zku presne tak\u00e9, ak\u00e9 chcete, nemus\u00edte ich zad\u00e1va\u0165 znova. Ak nie, mali by ste zada\u0165 po\u017eadovan\u00e9 meno a \u010d\u00edslo.<\/p>\n<p>Tipy na pranie: Odpor\u00fa\u010dame pra\u0165 futbalov\u00e9 tri\u010dk\u00e1 v ruke. Ak chcete pou\u017ei\u0165 pr\u00e1\u010dku, nezabudnite futbalov\u00e9 tri\u010dk\u00e1 oto\u010di\u0165 naruby a potom ich vypra\u0165. Napl\u0148te pr\u00e1\u010dku studenou vodou a pou\u017eite jemn\u00fd cyklus, aby ste lep\u0161ie ochr\u00e1nili farby.<\/p>","protected":false},"excerpt":{"rendered":"<p>Beschw\u00f6re deinen Kampfgeist, um es bis an die Weltspritze des Fu\u00dfballs zu schaffen. Hierf\u00fcr haben wir diesem adidas Mexiko Ausw\u00e4rtstrikot f\u00fcr Kinder und Teens eine von Mixteken und aztekischen Gottheiten inspirierte Optik verpasst. Inmitten dieses auff\u00e4lligen Allover-Designs ist auch Quetzalcoatls Schlangenk\u00f6rper zu finden \u2013 eine Darstellung der physischen F\u00e4higkeiten der Menschheit. Die Mesh-Eins\u00e4tze und feuchtigkeitsabsorbierende [&hellip;]<\/p>","protected":false},"featured_media":9723,"comment_status":"open","ping_status":"closed","template":"","meta":[],"product_brand":[],"product_cat":[251],"product_tag":[20,405,21,22,23,24,252,360,364],"class_list":{"0":"post-9685","1":"product","2":"type-product","3":"status-publish","4":"has-post-thumbnail","6":"product_cat-mexiko-trikots","7":"product_tag-coole-fussballtrikots","8":"product_tag-fifa-wm-katar-2022","9":"product_tag-fussballtrikot-fuer-herren","10":"product_tag-fussballtrikot-guenstig-kaufen","11":"product_tag-fussballtrikot-kurzarm","12":"product_tag-guenstiges-fussballtrikot","13":"product_tag-mexiko-2022-trikots","14":"product_tag-mexiko-2022-wm-auswaertstrikot","15":"product_tag-mexiko-auswaertstrikot","17":"first","18":"instock","19":"shipping-taxable","20":"purchasable","21":"product-type-variable"},"_links":{"self":[{"href":"https:\/\/www.billigtrikotde.com\/sk\/wp-json\/wp\/v2\/product\/9685","targetHints":{"allow":["GET"]}}],"collection":[{"href":"https:\/\/www.billigtrikotde.com\/sk\/wp-json\/wp\/v2\/product"}],"about":[{"href":"https:\/\/www.billigtrikotde.com\/sk\/wp-json\/wp\/v2\/types\/product"}],"replies":[{"embeddable":true,"href":"https:\/\/www.billigtrikotde.com\/sk\/wp-json\/wp\/v2\/comments?post=9685"}],"wp:featuredmedia":[{"embeddable":true,"href":"https:\/\/www.billigtrikotde.com\/sk\/wp-json\/wp\/v2\/media\/9723"}],"wp:attachment":[{"href":"https:\/\/www.billigtrikotde.com\/sk\/wp-json\/wp\/v2\/media?parent=9685"}],"wp:term":[{"taxonomy":"product_brand","embeddable":true,"href":"https:\/\/www.billigtrikotde.com\/sk\/wp-json\/wp\/v2\/product_brand?post=9685"},{"taxonomy":"product_cat","embeddable":true,"href":"https:\/\/www.billigtrikotde.com\/sk\/wp-json\/wp\/v2\/product_cat?post=9685"},{"taxonomy":"product_tag","embeddable":true,"href":"https:\/\/www.billigtrikotde.com\/sk\/wp-json\/wp\/v2\/product_tag?post=9685"}],"curies":[{"name":"wp","href":"https:\/\/api.w.org\/{rel}","templated":true}]}}