{"id":9671,"date":"2024-10-24T02:39:07","date_gmt":"2024-10-24T00:39:07","guid":{"rendered":"http:\/\/billigtrikots.com\/?post_type=product&#038;p=9671"},"modified":"2024-10-24T02:41:21","modified_gmt":"2024-10-24T00:41:21","slug":"herren-italien-trikots-2022-23-heimtrikot-blau-kurzarm-mit-aufdruck-chiellini-3","status":"publish","type":"product","link":"https:\/\/www.billigtrikotde.com\/sk\/herren-italien-trikots-2022-23-heimtrikot-blau-kurzarm-mit-aufdruck-chiellini-3\/","title":{"rendered":"P\u00e1nske tri\u010dk\u00e1 Taliansko 2022-23 Home Jersey Blue s kr\u00e1tkym ruk\u00e1vom a potla\u010dou CHIELLINI 3"},"content":{"rendered":"<p>Dom\u00e1ci dres t\u00edmu Squadra Azzurra 2022 sa predstavuje v klasickej modrej farbe. \u0160tyri \u0161tvorce na prednej strane dresu maj\u00fa ucti\u0165 ka\u017ed\u00fa svetov\u00fa majstrovsk\u00fa gener\u00e1ciu Talianska. Ka\u017ed\u00fd \u0161tvorec odkazuje na v\u00ed\u0165azstvo na MS v rokoch 1934, 1938, 1982 a 2006. Zlat\u00e9 detaily, ako aj golier z farieb talianskej trikol\u00f3ry, dotv\u00e1raj\u00fa dres. Dres [\u2026]<\/p>\n<p>Trikot zna\u010dky PUMA v modrej farbe \u0165a oble\u010die do farieb tvojho ob\u013e\u00faben\u00e9ho t\u00edmu a v\u0161etk\u00fdm uk\u00e1\u017ee, za \u010do tvoje srdce bije. V \u017eiadnej fan\u00fa\u0161ikovskej zbierke nesmie ch\u00fdba\u0165 toto talianske triko. D\u00fdchaj\u00faca, \u013eahk\u00e1, riediaca pot a mimoriadne pohodln\u00e1 funk\u010dnos\u0165 ho presvied\u010da. Pri tomto \u0161portovom topu m\u00f4\u017ee\u0161 opticky spo\u013eahn\u00fa\u0165 na logo zv\u00e4zu na hrudi. S t\u00fdmto trikom sa m\u00f4\u017ee\u0161 v\u00fdborne pripravi\u0165 na svojho najbli\u017e\u0161ieho s\u00fapera.<\/p>\n<p>Tipy na tla\u010d: Ak s\u00fa meno a \u010d\u00edslo na obr\u00e1zku presne tak\u00e9, ak\u00e9 chcete, nemus\u00edte ich zad\u00e1va\u0165 znova. Ak nie, mali by ste zada\u0165 po\u017eadovan\u00e9 meno a \u010d\u00edslo.<\/p>\n<p>Tipy na pranie: Odpor\u00fa\u010dame pra\u0165 futbalov\u00e9 tri\u010dk\u00e1 v ruke. Ak chcete pou\u017ei\u0165 pr\u00e1\u010dku, nezabudnite futbalov\u00e9 tri\u010dk\u00e1 oto\u010di\u0165 naruby a potom ich vypra\u0165. Napl\u0148te pr\u00e1\u010dku studenou vodou a pou\u017eite jemn\u00fd cyklus, aby ste lep\u0161ie ochr\u00e1nili farby.<\/p>","protected":false},"excerpt":{"rendered":"<p>Dom\u00e1ci dres t\u00edmu Squadra Azzurra 2022 sa predstavuje v klasickej modrej farbe. \u0160tyri \u0161tvorce na prednej strane dresu maj\u00fa ucti\u0165 ka\u017ed\u00fa svetov\u00fa majstrovsk\u00fa gener\u00e1ciu Talianska. Ka\u017ed\u00fd \u0161tvorec odkazuje na v\u00ed\u0165azstvo na MS v rokoch 1934, 1938, 1982 a 2006. Zlat\u00e9 detaily, ako aj golier z farieb talianskej trikol\u00f3ry, dotv\u00e1raj\u00fa dres. Dres [\u2026]<\/p>","protected":false},"featured_media":9711,"comment_status":"open","ping_status":"closed","template":"","meta":[],"product_brand":[],"product_cat":[316],"product_tag":[20,21,22,23,24,404,317,318],"class_list":{"0":"post-9671","1":"product","2":"type-product","3":"status-publish","4":"has-post-thumbnail","6":"product_cat-italien-trikots","7":"product_tag-coole-fussballtrikots","8":"product_tag-fussballtrikot-fuer-herren","9":"product_tag-fussballtrikot-guenstig-kaufen","10":"product_tag-fussballtrikot-kurzarm","11":"product_tag-guenstiges-fussballtrikot","12":"product_tag-herren-italien-trikots","13":"product_tag-italien-heimtrikot","14":"product_tag-italien-trikots","16":"first","17":"instock","18":"shipping-taxable","19":"purchasable","20":"product-type-variable"},"_links":{"self":[{"href":"https:\/\/www.billigtrikotde.com\/sk\/wp-json\/wp\/v2\/product\/9671","targetHints":{"allow":["GET"]}}],"collection":[{"href":"https:\/\/www.billigtrikotde.com\/sk\/wp-json\/wp\/v2\/product"}],"about":[{"href":"https:\/\/www.billigtrikotde.com\/sk\/wp-json\/wp\/v2\/types\/product"}],"replies":[{"embeddable":true,"href":"https:\/\/www.billigtrikotde.com\/sk\/wp-json\/wp\/v2\/comments?post=9671"}],"wp:featuredmedia":[{"embeddable":true,"href":"https:\/\/www.billigtrikotde.com\/sk\/wp-json\/wp\/v2\/media\/9711"}],"wp:attachment":[{"href":"https:\/\/www.billigtrikotde.com\/sk\/wp-json\/wp\/v2\/media?parent=9671"}],"wp:term":[{"taxonomy":"product_brand","embeddable":true,"href":"https:\/\/www.billigtrikotde.com\/sk\/wp-json\/wp\/v2\/product_brand?post=9671"},{"taxonomy":"product_cat","embeddable":true,"href":"https:\/\/www.billigtrikotde.com\/sk\/wp-json\/wp\/v2\/product_cat?post=9671"},{"taxonomy":"product_tag","embeddable":true,"href":"https:\/\/www.billigtrikotde.com\/sk\/wp-json\/wp\/v2\/product_tag?post=9671"}],"curies":[{"name":"wp","href":"https:\/\/api.w.org\/{rel}","templated":true}]}}