{"id":9647,"date":"2024-10-24T02:37:55","date_gmt":"2024-10-24T00:37:55","guid":{"rendered":"http:\/\/billigtrikots.com\/?post_type=product&#038;p=9647"},"modified":"2024-10-24T02:40:12","modified_gmt":"2024-10-24T00:40:12","slug":"2022-uefa-european-england-womens-euro-heimtrikot-kurzarm-anpassbare-name-und-nummer","status":"publish","type":"product","link":"https:\/\/www.billigtrikotde.com\/sk\/2022-uefa-european-england-womens-euro-heimtrikot-kurzarm-anpassbare-name-und-nummer\/","title":{"rendered":"2022 UEFA Eur\u00f3pske majstrovstv\u00e1 \u017eien Anglicko Dom\u00e1ci dres kr\u00e1tky ruk\u00e1v prisp\u00f4sobite\u013en\u00e9 meno a \u010d\u00edslo"},"content":{"rendered":"<p>Dres Nike England Women\u2019s Euro 2022 kombinuje bielu z\u00e1kladn\u00fa farbu s n\u00e1padn\u00fdmi meniacimi farbu logami \u2013 je to prv\u00fdkr\u00e1t, \u010do dres Anglicka m\u00e1 meniacie farbu log\u00e1. Okrem meniacich farieb je dizajn dresu Nike England Women 2022 decentn\u00fd a je potiahnut\u00fd ve\u013emi jemne sa meniacim geometrick\u00fdm vzorom.<\/p>\n<p>Tipy na tla\u010d: Ak s\u00fa meno a \u010d\u00edslo na obr\u00e1zku presne tak\u00e9, ak\u00e9 chcete, nemus\u00edte ich zad\u00e1va\u0165 znova. Ak nie, mali by ste zada\u0165 po\u017eadovan\u00e9 meno a \u010d\u00edslo.<\/p>\n<p>Tipy na pranie: Odpor\u00fa\u010dame pra\u0165 futbalov\u00e9 tri\u010dk\u00e1 v ruke. Ak chcete pou\u017ei\u0165 pr\u00e1\u010dku, nezabudnite futbalov\u00e9 tri\u010dk\u00e1 oto\u010di\u0165 naruby a potom ich vypra\u0165. Napl\u0148te pr\u00e1\u010dku studenou vodou a pou\u017eite jemn\u00fd cyklus, aby ste lep\u0161ie ochr\u00e1nili farby.<\/p>","protected":false},"excerpt":{"rendered":"<p>Dres Nike England Women\u2019s Euro 2022 kombinuje bielu z\u00e1kladn\u00fa farbu s n\u00e1padn\u00fdmi meniacimi farbu logami \u2013 je to prv\u00fdkr\u00e1t, \u010do dres Anglicka m\u00e1 meniacie farbu log\u00e1. Okrem meniacich farieb je dizajn dresu Nike England Women 2022 decentn\u00fd a je potiahnut\u00fd ve\u013emi jemne sa meniacim geometrick\u00fdm vzorom.<\/p>","protected":false},"featured_media":9688,"comment_status":"open","ping_status":"closed","template":"","meta":[],"product_brand":[],"product_cat":[115],"product_tag":[20,402,116,218,403,21,22,23,24],"class_list":{"0":"post-9647","1":"product","2":"type-product","3":"status-publish","4":"has-post-thumbnail","6":"product_cat-england-trikots","7":"product_tag-coole-fussballtrikots","8":"product_tag-england-frauen-2022-trikot","9":"product_tag-england-heimtrikot","10":"product_tag-england-heimtrikot-euro-2022-damen","11":"product_tag-england-womens-euro-2022-trikot","12":"product_tag-fussballtrikot-fuer-herren","13":"product_tag-fussballtrikot-guenstig-kaufen","14":"product_tag-fussballtrikot-kurzarm","15":"product_tag-guenstiges-fussballtrikot","17":"first","18":"instock","19":"shipping-taxable","20":"purchasable","21":"product-type-variable"},"_links":{"self":[{"href":"https:\/\/www.billigtrikotde.com\/sk\/wp-json\/wp\/v2\/product\/9647","targetHints":{"allow":["GET"]}}],"collection":[{"href":"https:\/\/www.billigtrikotde.com\/sk\/wp-json\/wp\/v2\/product"}],"about":[{"href":"https:\/\/www.billigtrikotde.com\/sk\/wp-json\/wp\/v2\/types\/product"}],"replies":[{"embeddable":true,"href":"https:\/\/www.billigtrikotde.com\/sk\/wp-json\/wp\/v2\/comments?post=9647"}],"wp:featuredmedia":[{"embeddable":true,"href":"https:\/\/www.billigtrikotde.com\/sk\/wp-json\/wp\/v2\/media\/9688"}],"wp:attachment":[{"href":"https:\/\/www.billigtrikotde.com\/sk\/wp-json\/wp\/v2\/media?parent=9647"}],"wp:term":[{"taxonomy":"product_brand","embeddable":true,"href":"https:\/\/www.billigtrikotde.com\/sk\/wp-json\/wp\/v2\/product_brand?post=9647"},{"taxonomy":"product_cat","embeddable":true,"href":"https:\/\/www.billigtrikotde.com\/sk\/wp-json\/wp\/v2\/product_cat?post=9647"},{"taxonomy":"product_tag","embeddable":true,"href":"https:\/\/www.billigtrikotde.com\/sk\/wp-json\/wp\/v2\/product_tag?post=9647"}],"curies":[{"name":"wp","href":"https:\/\/api.w.org\/{rel}","templated":true}]}}