{"id":9575,"date":"2024-10-24T02:34:22","date_gmt":"2024-10-24T00:34:22","guid":{"rendered":"http:\/\/billigtrikots.com\/?post_type=product&#038;p=9575"},"modified":"2024-10-24T02:36:37","modified_gmt":"2024-10-24T00:36:37","slug":"2022-uefa-european-womens-football-championship-england-heimtrikot-euro-damen-pickford-1","status":"publish","type":"product","link":"https:\/\/www.billigtrikotde.com\/sk\/2022-uefa-european-womens-football-championship-england-heimtrikot-euro-damen-pickford-1\/","title":{"rendered":"2022 UEFA Majstrovstv\u00e1 Eur\u00f3py vo futbale \u017eien England Dom\u00e1ce tri\u010dko EURO Ladies PICKFORD 1"},"content":{"rendered":"<p>Exkluz\u00edvne navrhnut\u00e9 pre levice, s\u00fapravy Nike England 2022 UEFA Eur\u00f3pskeho \u017eensk\u00e9ho futbalov\u00e9ho \u0161ampion\u00e1tu maj\u00fa iridescen\u010dn\u00e9 log\u00e1. Farby ka\u017edej s\u00fapravy s\u00fa pomerne odv\u00e1\u017ene pre n\u00e1rodn\u00fd t\u00edm Anglicka.<\/p>\n<p>Dom\u00e1ci futbalov\u00fd dres Nike England Women\u2019s Euro 2022 kombinuje bielu z\u00e1klad\u0148u s n\u00e1padn\u00fdmi iridescen\u010dn\u00fdmi logami \u2013 ak nie sme na omyle, bude to prv\u00fdkr\u00e1t, \u010do s\u00faprava Anglicka bude ma\u0165 iridescen\u010dn\u00e9 log\u00e1.<\/p>","protected":false},"excerpt":{"rendered":"<p>Exclusively designed for the Lionesses, the Nike England 2022 UEFA European Women\u2019s Football Championship kits have iridescent logos. The colors of each kit are rather bold for an England national team. The Nike England Women\u2019s Euro 2022 home football shirt combines a white base with eye-catching iridescent logos \u2013 if we\u2019re not wrong this will [&hellip;]<\/p>","protected":false},"featured_media":9616,"comment_status":"open","ping_status":"closed","template":"","meta":[],"product_brand":[],"product_cat":[115],"product_tag":[20,116,218,21,22,23,24],"class_list":{"0":"post-9575","1":"product","2":"type-product","3":"status-publish","4":"has-post-thumbnail","6":"product_cat-england-trikots","7":"product_tag-coole-fussballtrikots","8":"product_tag-england-heimtrikot","9":"product_tag-england-heimtrikot-euro-2022-damen","10":"product_tag-fussballtrikot-fuer-herren","11":"product_tag-fussballtrikot-guenstig-kaufen","12":"product_tag-fussballtrikot-kurzarm","13":"product_tag-guenstiges-fussballtrikot","15":"first","16":"instock","17":"shipping-taxable","18":"purchasable","19":"product-type-variable"},"_links":{"self":[{"href":"https:\/\/www.billigtrikotde.com\/sk\/wp-json\/wp\/v2\/product\/9575","targetHints":{"allow":["GET"]}}],"collection":[{"href":"https:\/\/www.billigtrikotde.com\/sk\/wp-json\/wp\/v2\/product"}],"about":[{"href":"https:\/\/www.billigtrikotde.com\/sk\/wp-json\/wp\/v2\/types\/product"}],"replies":[{"embeddable":true,"href":"https:\/\/www.billigtrikotde.com\/sk\/wp-json\/wp\/v2\/comments?post=9575"}],"wp:featuredmedia":[{"embeddable":true,"href":"https:\/\/www.billigtrikotde.com\/sk\/wp-json\/wp\/v2\/media\/9616"}],"wp:attachment":[{"href":"https:\/\/www.billigtrikotde.com\/sk\/wp-json\/wp\/v2\/media?parent=9575"}],"wp:term":[{"taxonomy":"product_brand","embeddable":true,"href":"https:\/\/www.billigtrikotde.com\/sk\/wp-json\/wp\/v2\/product_brand?post=9575"},{"taxonomy":"product_cat","embeddable":true,"href":"https:\/\/www.billigtrikotde.com\/sk\/wp-json\/wp\/v2\/product_cat?post=9575"},{"taxonomy":"product_tag","embeddable":true,"href":"https:\/\/www.billigtrikotde.com\/sk\/wp-json\/wp\/v2\/product_tag?post=9575"}],"curies":[{"name":"wp","href":"https:\/\/api.w.org\/{rel}","templated":true}]}}