{"id":9106,"date":"2024-10-24T02:10:40","date_gmt":"2024-10-24T00:10:40","guid":{"rendered":"http:\/\/billigtrikots.com\/?post_type=product&#038;p=9106"},"modified":"2024-10-24T02:12:54","modified_gmt":"2024-10-24T00:12:54","slug":"herren-niederlande-auswaertstrikot-blau-fussball-wm-2022-neuen-trikotsatz","status":"publish","type":"product","link":"https:\/\/www.billigtrikotde.com\/sk\/herren-niederlande-auswaertstrikot-blau-fussball-wm-2022-neuen-trikotsatz\/","title":{"rendered":"P\u00e1nsky vonkaj\u0161\u00ed dres Holandsko modr\u00fd futbal MS 2022 nov\u00fd s\u00fabor dresov"},"content":{"rendered":"<p>Nike vyv\u00edjalo pre mno\u017estvo dresov svetov\u00e9ho \u0161ampion\u00e1tu vo futbale 2022 na mieru p\u00edsma. Dnes sa pozrieme bli\u017e\u0161ie na p\u00edsmo dom\u00e1ceho a hos\u0165uj\u00faceho dresu Nizozemska pre MS 2022.<br \/>\nNov\u00e1 FIFA svetov\u00e1 poh\u00e1r 2022 Nizozemska m\u00e1 jedine\u010dn\u00fd dizajn, najm\u00e4 pri \u010d\u00edslach. Toto m\u00f4\u017ee by\u0165 in\u0161pirovan\u00e9 vyrez\u00e1van\u00fdmi kovov\u00fdmi typmi zo Zlat\u00e9ho veku Holandska.<\/p>\n<p>P\u00edsmo nov\u00e9ho dom\u00e1ceho dresu Nizozemska pre MS 2022 je \u010dierne, zatia\u013e\u010do p\u00edsmo hos\u0165uj\u00faceho dresu je v\u00fdrazne \u010derven\u00e9.<\/p>\n<p>Tipy na tla\u010d: Ak s\u00fa meno a \u010d\u00edslo na obr\u00e1zku presne tak\u00e9, ak\u00e9 chcete, nemus\u00edte ich zad\u00e1va\u0165 znova. Ak nie, mali by ste zada\u0165 po\u017eadovan\u00e9 meno a \u010d\u00edslo.<\/p>\n<p>Tipy na pranie: Odpor\u00fa\u010dame pra\u0165 futbalov\u00e9 tri\u010dk\u00e1 v ruke. Ak chcete pou\u017ei\u0165 pr\u00e1\u010dku, nezabudnite futbalov\u00e9 tri\u010dk\u00e1 oto\u010di\u0165 naruby a potom ich vypra\u0165. Napl\u0148te pr\u00e1\u010dku studenou vodou a pou\u017eite jemn\u00fd cyklus, aby ste lep\u0161ie ochr\u00e1nili farby.<\/p>","protected":false},"excerpt":{"rendered":"<p>Nike vyvinul pre mnoho dresov majstrovstiev sveta vo futbale 2022 vlastn\u00e9 p\u00edsma. Dnes sa pozrieme bli\u017e\u0161ie na p\u00edsmo dom\u00e1ceho a vonkaj\u0161ieho dresu Nemecka na MS 2022. Nov\u00fd svetov\u00fd poh\u00e1r FIFA 2022 Nemecko m\u00e1 jedine\u010dn\u00fd dizajn, najm\u00e4 pri \u010d\u00edslach. Tento je pravdepodobne in\u0161pirovan\u00fd vyrez\u00e1van\u00fdmi kovov\u00fdmi typmi Zlat\u00e9ho [\u2026]<\/p>","protected":false},"featured_media":9146,"comment_status":"open","ping_status":"closed","template":"","meta":[],"product_brand":[],"product_cat":[219],"product_tag":[20,21,22,23,24,355,221],"class_list":{"0":"post-9106","1":"product","2":"type-product","3":"status-publish","4":"has-post-thumbnail","6":"product_cat-niederlande-trikots","7":"product_tag-coole-fussballtrikots","8":"product_tag-fussballtrikot-fuer-herren","9":"product_tag-fussballtrikot-guenstig-kaufen","10":"product_tag-fussballtrikot-kurzarm","11":"product_tag-guenstiges-fussballtrikot","12":"product_tag-niederlande-auswaertstrikot","13":"product_tag-niederlande-trikots","15":"first","16":"instock","17":"shipping-taxable","18":"purchasable","19":"product-type-variable"},"_links":{"self":[{"href":"https:\/\/www.billigtrikotde.com\/sk\/wp-json\/wp\/v2\/product\/9106","targetHints":{"allow":["GET"]}}],"collection":[{"href":"https:\/\/www.billigtrikotde.com\/sk\/wp-json\/wp\/v2\/product"}],"about":[{"href":"https:\/\/www.billigtrikotde.com\/sk\/wp-json\/wp\/v2\/types\/product"}],"replies":[{"embeddable":true,"href":"https:\/\/www.billigtrikotde.com\/sk\/wp-json\/wp\/v2\/comments?post=9106"}],"wp:featuredmedia":[{"embeddable":true,"href":"https:\/\/www.billigtrikotde.com\/sk\/wp-json\/wp\/v2\/media\/9146"}],"wp:attachment":[{"href":"https:\/\/www.billigtrikotde.com\/sk\/wp-json\/wp\/v2\/media?parent=9106"}],"wp:term":[{"taxonomy":"product_brand","embeddable":true,"href":"https:\/\/www.billigtrikotde.com\/sk\/wp-json\/wp\/v2\/product_brand?post=9106"},{"taxonomy":"product_cat","embeddable":true,"href":"https:\/\/www.billigtrikotde.com\/sk\/wp-json\/wp\/v2\/product_cat?post=9106"},{"taxonomy":"product_tag","embeddable":true,"href":"https:\/\/www.billigtrikotde.com\/sk\/wp-json\/wp\/v2\/product_tag?post=9106"}],"curies":[{"name":"wp","href":"https:\/\/api.w.org\/{rel}","templated":true}]}}