{"id":910,"date":"2024-10-23T13:08:47","date_gmt":"2024-10-23T11:08:47","guid":{"rendered":"http:\/\/billigtrikots.com\/?post_type=product&#038;p=910"},"modified":"2024-10-23T13:10:43","modified_gmt":"2024-10-23T11:10:43","slug":"real-madrid-herren-auswaertstrikot-2022-blau-weiss-mit-aufdruck-modric-10","status":"publish","type":"product","link":"https:\/\/www.billigtrikotde.com\/sk\/real-madrid-herren-auswaertstrikot-2022-blau-weiss-mit-aufdruck-modric-10\/","title":{"rendered":"Real Madrid P\u00e1nsky dres 2022 modr\u00e1\/biela s potla\u010dou Modrica 10"},"content":{"rendered":"<p>Nielen profesion\u00e1li z Real Madrid robia \u017eivot v \u0161panielskej metropole farebnej\u0161\u00edm. Tento futbalov\u00fd dres a-didas je in\u0161pirovan\u00fd graffiti zo sc\u00e9ny streetart v Madride. To dokazuj\u00fa aj decentn\u00e9 detaily \u2013 jeden z nich je na krku. Pre pohodln\u00e9 a such\u00e9 nosenie je m\u00e4kk\u00fd materi\u00e1l navy\u0161e vybaven\u00fd technol\u00f3giou AEROREADY na absorpciu vlhkosti.<\/p>\n<p>Tipy na tla\u010d: Ak s\u00fa meno a \u010d\u00edslo na obr\u00e1zku presne tak\u00e9, ak\u00e9 chcete, nemus\u00edte ich zad\u00e1va\u0165 znova. Ak nie, mali by ste zada\u0165 po\u017eadovan\u00e9 meno a \u010d\u00edslo.<\/p>\n<p>Tipy na pranie: Odpor\u00fa\u010dame pra\u0165 futbalov\u00e9 tri\u010dk\u00e1 v ruke. Ak chcete pou\u017ei\u0165 pr\u00e1\u010dku, nezabudnite futbalov\u00e9 tri\u010dk\u00e1 oto\u010di\u0165 naruby a potom ich vypra\u0165. Napl\u0148te pr\u00e1\u010dku studenou vodou a pou\u017eite jemn\u00fd cyklus, aby ste lep\u0161ie ochr\u00e1nili farby.<\/p>","protected":false},"excerpt":{"rendered":"<p>Nielen profesion\u00e1li z Real Madrid robia \u017eivot v \u0161panielskej metropole farebnej\u0161\u00edm. Tento futbalov\u00fd dres a-didas je in\u0161pirovan\u00fd graffiti zo sc\u00e9ny streetart v Madride. To dokazuj\u00fa aj decentn\u00e9 detaily \u2013 jeden z nich je na krku. Pre pohodln\u00e9 a such\u00e9 nosenie je m\u00e4kk\u00fd materi\u00e1l navy\u0161e vybaven\u00fd technol\u00f3giou AEROREADY na absorpciu vlhkosti.<\/p>","protected":false},"featured_media":954,"comment_status":"open","ping_status":"closed","template":"","meta":[],"product_brand":[],"product_cat":[45],"product_tag":[20,21,22,23,24,49,47],"class_list":{"0":"post-910","1":"product","2":"type-product","3":"status-publish","4":"has-post-thumbnail","6":"product_cat-real-madrid","7":"product_tag-coole-fussballtrikots","8":"product_tag-fussballtrikot-fuer-herren","9":"product_tag-fussballtrikot-guenstig-kaufen","10":"product_tag-fussballtrikot-kurzarm","11":"product_tag-guenstiges-fussballtrikot","12":"product_tag-real-madrid-auswaertstrikot","13":"product_tag-real-madrid-trikots","15":"first","16":"instock","17":"shipping-taxable","18":"purchasable","19":"product-type-variable"},"_links":{"self":[{"href":"https:\/\/www.billigtrikotde.com\/sk\/wp-json\/wp\/v2\/product\/910","targetHints":{"allow":["GET"]}}],"collection":[{"href":"https:\/\/www.billigtrikotde.com\/sk\/wp-json\/wp\/v2\/product"}],"about":[{"href":"https:\/\/www.billigtrikotde.com\/sk\/wp-json\/wp\/v2\/types\/product"}],"replies":[{"embeddable":true,"href":"https:\/\/www.billigtrikotde.com\/sk\/wp-json\/wp\/v2\/comments?post=910"}],"wp:featuredmedia":[{"embeddable":true,"href":"https:\/\/www.billigtrikotde.com\/sk\/wp-json\/wp\/v2\/media\/954"}],"wp:attachment":[{"href":"https:\/\/www.billigtrikotde.com\/sk\/wp-json\/wp\/v2\/media?parent=910"}],"wp:term":[{"taxonomy":"product_brand","embeddable":true,"href":"https:\/\/www.billigtrikotde.com\/sk\/wp-json\/wp\/v2\/product_brand?post=910"},{"taxonomy":"product_cat","embeddable":true,"href":"https:\/\/www.billigtrikotde.com\/sk\/wp-json\/wp\/v2\/product_cat?post=910"},{"taxonomy":"product_tag","embeddable":true,"href":"https:\/\/www.billigtrikotde.com\/sk\/wp-json\/wp\/v2\/product_tag?post=910"}],"curies":[{"name":"wp","href":"https:\/\/api.w.org\/{rel}","templated":true}]}}