{"id":8992,"date":"2024-10-24T02:04:47","date_gmt":"2024-10-24T00:04:47","guid":{"rendered":"http:\/\/billigtrikots.com\/?post_type=product&#038;p=8992"},"modified":"2024-10-24T02:07:00","modified_gmt":"2024-10-24T00:07:00","slug":"herren-manchester-united-auswaertstrikot-2022-23-trikotsatz-online-bestellen-blind-17","status":"publish","type":"product","link":"https:\/\/www.billigtrikotde.com\/sk\/herren-manchester-united-auswaertstrikot-2022-23-trikotsatz-online-bestellen-blind-17\/","title":{"rendered":"P\u00e1nska s\u00faprava Manchester United 2022-23 order dres online BLIND 17"},"content":{"rendered":"<p>Dres von Adidas Manchester United FC 2022-2023 na hos\u0165ovanie kombinuje hlavn\u00fa farbu bielu s \u010derven\u00fdmi a \u010diernymi aplik\u00e1ciami. Pre tri pruhy sa Adidas rozhodol pre \u010dere\u0161\u0148ovo \u010derven\u00fd odtie\u0148, zatia\u013e \u010do log\u00e1 Adidas a TeamViewer s\u00fa \u010dierne.<\/p>\n<p>Presne ako dres Manchester United 22-23, aj dres Man Utd 22-23 na hos\u0165ovanie m\u00e1 erb s \u0161t\u00edtom.<\/p>\n<p>Charakteristick\u00fdm prvkom dresu Manchester United 22-23 na hos\u0165ovanie je bielo-\u010derven\u00fd trojuholn\u00edkov\u00fd vzor na \u010diernom golieri a man\u017eet\u00e1ch na ruk\u00e1voch. Okrem toho je na prednej strane ve\u013emi decentn\u00fd helixov\u00fd vzor.<\/p>\n<p>Tipy na tla\u010d: Ak s\u00fa meno a \u010d\u00edslo na obr\u00e1zku presne tak\u00e9, ak\u00e9 chcete, nemus\u00edte ich zad\u00e1va\u0165 znova. Ak nie, mali by ste zada\u0165 po\u017eadovan\u00e9 meno a \u010d\u00edslo.<\/p>\n<p>Tipy na pranie: Odpor\u00fa\u010dame pra\u0165 futbalov\u00e9 tri\u010dk\u00e1 v ruke. Ak chcete pou\u017ei\u0165 pr\u00e1\u010dku, nezabudnite futbalov\u00e9 tri\u010dk\u00e1 oto\u010di\u0165 naruby a potom ich vypra\u0165. Napl\u0148te pr\u00e1\u010dku studenou vodou a pou\u017eite jemn\u00fd cyklus, aby ste lep\u0161ie ochr\u00e1nili farby.<\/p>","protected":false},"excerpt":{"rendered":"<p>Adidas Manchester United FC 2022-2023 vonkaj\u0161\u00ed dres kombinuje hlavn\u00fa farbu bielu s \u010derven\u00fdmi a \u010diernymi aplik\u00e1ciami. Pre Drei Streifen sa Adidas rozhodol pre karmov\u00e1 vodi\u010dka \u010dervenej, zatia\u013e \u010do log\u00e1 Adidas a TeamViewer s\u00fa \u010dierne. Presne ako dres Manchester United 22-23 m\u00e1 aj vonkaj\u0161\u00ed dres Man Utd 22-23 erb so \u0161t\u00edtom. [\u2026]<\/p>","protected":false},"featured_media":9030,"comment_status":"open","ping_status":"closed","template":"","meta":[],"product_brand":[],"product_cat":[50],"product_tag":[20,21,22,23,24,217,223,52],"class_list":{"0":"post-8992","1":"product","2":"type-product","3":"status-publish","4":"has-post-thumbnail","6":"product_cat-manchester-united","7":"product_tag-coole-fussballtrikots","8":"product_tag-fussballtrikot-fuer-herren","9":"product_tag-fussballtrikot-guenstig-kaufen","10":"product_tag-fussballtrikot-kurzarm","11":"product_tag-guenstiges-fussballtrikot","12":"product_tag-manchester-united-trikot-bestellen","13":"product_tag-manchester-united-trikot-shop","14":"product_tag-manchester-united-trikots","16":"first","17":"instock","18":"shipping-taxable","19":"purchasable","20":"product-type-variable"},"_links":{"self":[{"href":"https:\/\/www.billigtrikotde.com\/sk\/wp-json\/wp\/v2\/product\/8992","targetHints":{"allow":["GET"]}}],"collection":[{"href":"https:\/\/www.billigtrikotde.com\/sk\/wp-json\/wp\/v2\/product"}],"about":[{"href":"https:\/\/www.billigtrikotde.com\/sk\/wp-json\/wp\/v2\/types\/product"}],"replies":[{"embeddable":true,"href":"https:\/\/www.billigtrikotde.com\/sk\/wp-json\/wp\/v2\/comments?post=8992"}],"wp:featuredmedia":[{"embeddable":true,"href":"https:\/\/www.billigtrikotde.com\/sk\/wp-json\/wp\/v2\/media\/9030"}],"wp:attachment":[{"href":"https:\/\/www.billigtrikotde.com\/sk\/wp-json\/wp\/v2\/media?parent=8992"}],"wp:term":[{"taxonomy":"product_brand","embeddable":true,"href":"https:\/\/www.billigtrikotde.com\/sk\/wp-json\/wp\/v2\/product_brand?post=8992"},{"taxonomy":"product_cat","embeddable":true,"href":"https:\/\/www.billigtrikotde.com\/sk\/wp-json\/wp\/v2\/product_cat?post=8992"},{"taxonomy":"product_tag","embeddable":true,"href":"https:\/\/www.billigtrikotde.com\/sk\/wp-json\/wp\/v2\/product_tag?post=8992"}],"curies":[{"name":"wp","href":"https:\/\/api.w.org\/{rel}","templated":true}]}}