{"id":8904,"date":"2024-10-24T01:59:51","date_gmt":"2024-10-23T23:59:51","guid":{"rendered":"http:\/\/billigtrikots.com\/?post_type=product&#038;p=8904"},"modified":"2024-10-24T02:02:32","modified_gmt":"2024-10-24T00:02:32","slug":"belgien-wm-2022-heimtrikot-rot-schwarz-kurzarm-kurze-hosen-batshuayi-23","status":"publish","type":"product","link":"https:\/\/www.billigtrikotde.com\/sk\/belgien-wm-2022-heimtrikot-rot-schwarz-kurzarm-kurze-hosen-batshuayi-23\/","title":{"rendered":"Belgicko Majstrovstv\u00e1 sveta 2022 dom\u00e1ce tri\u010dko \u010derven\u00e9 \u010dierne kr\u00e1tky ruk\u00e1v + \u0161ortky BATSHUAYI 23"},"content":{"rendered":"<p>Tento t\u00edm s\u013eubuje, \u017ee na najv\u00e4\u010d\u0161om turnaji na svete priprav\u00ed skuto\u010dn\u00fd futbalov\u00fd oh\u0148ostroj. Dom\u00e1ci dres Belgicka je in\u0161pirovan\u00fd prez\u00fdvkou n\u00e1rodn\u00e9ho t\u00edmu a na \u010diernych ruk\u00e1voch m\u00e1 \u010derven\u00e9 a \u017elt\u00e9 plamene. Verzia pre fan\u00fa\u0161ikov je vybaven\u00e1 vlo\u017ekami AEROREADY pohlcuj\u00facimi vlhkos\u0165 a sie\u0165ovinou pre pr\u00edjemn\u00fd pocit sucha. Okrem toho logo s tromi pruhmi a tkan\u00e9 logo Belgick\u00e9ho futbalov\u00e9ho zv\u00e4zu vy\u017earuj\u00fa modern\u00fa atmosf\u00e9ru.<\/p>\n<p>Tipy na tla\u010d: Ak s\u00fa meno a \u010d\u00edslo na obr\u00e1zku presne tak\u00e9, ak\u00e9 chcete, nemus\u00edte ich zad\u00e1va\u0165 znova. Ak nie, mali by ste zada\u0165 po\u017eadovan\u00e9 meno a \u010d\u00edslo.<\/p>\n<p>Tipy na pranie: Odpor\u00fa\u010dame pra\u0165 futbalov\u00e9 tri\u010dk\u00e1 v ruke. Ak chcete pou\u017ei\u0165 pr\u00e1\u010dku, nezabudnite futbalov\u00e9 tri\u010dk\u00e1 oto\u010di\u0165 naruby a potom ich vypra\u0165. Napl\u0148te pr\u00e1\u010dku studenou vodou a pou\u017eite jemn\u00fd cyklus, aby ste lep\u0161ie ochr\u00e1nili farby.<\/p>","protected":false},"excerpt":{"rendered":"<p>Tento t\u00edm s\u013eubuje, \u017ee na najv\u00e4\u010d\u0161om turnaji na svete priprav\u00ed skuto\u010dn\u00fd futbalov\u00fd oh\u0148ostroj. Dom\u00e1ci dres Belgicka je in\u0161pirovan\u00fd prez\u00fdvkou n\u00e1rodn\u00e9ho t\u00edmu a na \u010diernych ruk\u00e1voch m\u00e1 \u010derven\u00e9 a \u017elt\u00e9 plamene. Verzia pre fan\u00fa\u0161ikov je vybaven\u00e1 vlo\u017ekami AEROREADY pohlcuj\u00facimi vlhkos\u0165 a sie\u0165ovinou pre pr\u00edjemn\u00fd pocit sucha. Okrem toho logo s tromi pruhmi a tkan\u00e9 logo Belgick\u00e9ho futbalov\u00e9ho zv\u00e4zu vy\u017earuj\u00fa modern\u00fa atmosf\u00e9ru.<\/p>","protected":false},"featured_media":8947,"comment_status":"open","ping_status":"closed","template":"","meta":[],"product_brand":[],"product_cat":[173],"product_tag":[382,120,20,21,22,23,24],"class_list":{"0":"post-8904","1":"product","2":"type-product","3":"status-publish","4":"has-post-thumbnail","6":"product_cat-belgien-trikots","7":"product_tag-belgien-heimtrikot","8":"product_tag-belgien-trikots","9":"product_tag-coole-fussballtrikots","10":"product_tag-fussballtrikot-fuer-herren","11":"product_tag-fussballtrikot-guenstig-kaufen","12":"product_tag-fussballtrikot-kurzarm","13":"product_tag-guenstiges-fussballtrikot","15":"first","16":"instock","17":"shipping-taxable","18":"purchasable","19":"product-type-variable"},"_links":{"self":[{"href":"https:\/\/www.billigtrikotde.com\/sk\/wp-json\/wp\/v2\/product\/8904","targetHints":{"allow":["GET"]}}],"collection":[{"href":"https:\/\/www.billigtrikotde.com\/sk\/wp-json\/wp\/v2\/product"}],"about":[{"href":"https:\/\/www.billigtrikotde.com\/sk\/wp-json\/wp\/v2\/types\/product"}],"replies":[{"embeddable":true,"href":"https:\/\/www.billigtrikotde.com\/sk\/wp-json\/wp\/v2\/comments?post=8904"}],"wp:featuredmedia":[{"embeddable":true,"href":"https:\/\/www.billigtrikotde.com\/sk\/wp-json\/wp\/v2\/media\/8947"}],"wp:attachment":[{"href":"https:\/\/www.billigtrikotde.com\/sk\/wp-json\/wp\/v2\/media?parent=8904"}],"wp:term":[{"taxonomy":"product_brand","embeddable":true,"href":"https:\/\/www.billigtrikotde.com\/sk\/wp-json\/wp\/v2\/product_brand?post=8904"},{"taxonomy":"product_cat","embeddable":true,"href":"https:\/\/www.billigtrikotde.com\/sk\/wp-json\/wp\/v2\/product_cat?post=8904"},{"taxonomy":"product_tag","embeddable":true,"href":"https:\/\/www.billigtrikotde.com\/sk\/wp-json\/wp\/v2\/product_tag?post=8904"}],"curies":[{"name":"wp","href":"https:\/\/api.w.org\/{rel}","templated":true}]}}