{"id":8758,"date":"2024-10-24T01:52:46","date_gmt":"2024-10-23T23:52:46","guid":{"rendered":"http:\/\/billigtrikots.com\/?post_type=product&#038;p=8758"},"modified":"2024-10-24T01:54:55","modified_gmt":"2024-10-23T23:54:55","slug":"kinder-fussball-trikot-spanien-wm-2022-auswaertstrikot-hellblaue-trikotsatz-gavi-9","status":"publish","type":"product","link":"https:\/\/www.billigtrikotde.com\/sk\/kinder-fussball-trikot-spanien-wm-2022-auswaertstrikot-hellblaue-trikotsatz-gavi-9\/","title":{"rendered":"Detsk\u00e9 futbalov\u00e9 tri\u010dko \u0160panielsko World Cup 2022 Away Jersey Light Blue Kit GAVI 9"},"content":{"rendered":"<p>Vylep\u0161enie zahrani\u010dn\u00e9ho dresu \u0161panielskej n\u00e1rodnej futbalovej reprezent\u00e1cie pre MS 2022 pri pou\u017eit\u00ed existuj\u00facich prvkov. Dres je svetlomodrej farby a m\u00e1 v\u013anit\u00e9 a \u010diasto\u010dn\u00e9 vzory, ktor\u00e9 obaja pou\u017e\u00edvaj\u00fa farebn\u00e9 prechody na vytvorenie dojmu pohybu, pri\u010dom z\u00e1kladn\u00e1 farba sa v\u00fdrazne ztmavila, vlny boli \u00faplne odstr\u00e1nen\u00e9 a prechod na tenk\u00fa \u010diarku bol pred\u013a\u017een\u00fd. \u0160panielska vlajka sa nach\u00e1dza na ozdobnej \u010das\u0165i v\u00fdstretu a na man\u017eet\u00e1ch.<\/p>\n<p>Tipy na tla\u010d: Ak s\u00fa meno a \u010d\u00edslo na obr\u00e1zku presne tak\u00e9, ak\u00e9 chcete, nemus\u00edte ich zad\u00e1va\u0165 znova. Ak nie, mali by ste zada\u0165 po\u017eadovan\u00e9 meno a \u010d\u00edslo.<\/p>\n<p>Tipy na pranie: Odpor\u00fa\u010dame pra\u0165 futbalov\u00e9 tri\u010dk\u00e1 v ruke. Ak chcete pou\u017ei\u0165 pr\u00e1\u010dku, nezabudnite futbalov\u00e9 tri\u010dk\u00e1 oto\u010di\u0165 naruby a potom ich vypra\u0165. Napl\u0148te pr\u00e1\u010dku studenou vodou a pou\u017eite jemn\u00fd cyklus, aby ste lep\u0161ie ochr\u00e1nili farby.<\/p>","protected":false},"excerpt":{"rendered":"<p>Das Ausw\u00e4rtstrikot der spanischen Nationalmannschaft f\u00fcr die WM 2022 zu verbessern und dabei die vorhandenen Elemente zu verwenden. Das Trikot ist hellblau und hat ein Wellen- und ein Linienmuster, die beide Farbverl\u00e4ufe nutzen, um den Eindruck von Bewegung zu erzeugen.bei dem die Grundfarbe deutlich dunkler wurde, die Wellen ganz entfernt wurden und der Nadelstreifenverlauf verl\u00e4ngert [&hellip;]<\/p>","protected":false},"featured_media":8798,"comment_status":"open","ping_status":"closed","template":"","meta":[],"product_brand":[],"product_cat":[131],"product_tag":[20,21,22,23,24,359],"class_list":{"0":"post-8758","1":"product","2":"type-product","3":"status-publish","4":"has-post-thumbnail","6":"product_cat-spanien-trikots","7":"product_tag-coole-fussballtrikots","8":"product_tag-fussballtrikot-fuer-herren","9":"product_tag-fussballtrikot-guenstig-kaufen","10":"product_tag-fussballtrikot-kurzarm","11":"product_tag-guenstiges-fussballtrikot","12":"product_tag-spanien-wm-2022-auswaertstrikot","14":"first","15":"instock","16":"shipping-taxable","17":"purchasable","18":"product-type-variable"},"_links":{"self":[{"href":"https:\/\/www.billigtrikotde.com\/sk\/wp-json\/wp\/v2\/product\/8758","targetHints":{"allow":["GET"]}}],"collection":[{"href":"https:\/\/www.billigtrikotde.com\/sk\/wp-json\/wp\/v2\/product"}],"about":[{"href":"https:\/\/www.billigtrikotde.com\/sk\/wp-json\/wp\/v2\/types\/product"}],"replies":[{"embeddable":true,"href":"https:\/\/www.billigtrikotde.com\/sk\/wp-json\/wp\/v2\/comments?post=8758"}],"wp:featuredmedia":[{"embeddable":true,"href":"https:\/\/www.billigtrikotde.com\/sk\/wp-json\/wp\/v2\/media\/8798"}],"wp:attachment":[{"href":"https:\/\/www.billigtrikotde.com\/sk\/wp-json\/wp\/v2\/media?parent=8758"}],"wp:term":[{"taxonomy":"product_brand","embeddable":true,"href":"https:\/\/www.billigtrikotde.com\/sk\/wp-json\/wp\/v2\/product_brand?post=8758"},{"taxonomy":"product_cat","embeddable":true,"href":"https:\/\/www.billigtrikotde.com\/sk\/wp-json\/wp\/v2\/product_cat?post=8758"},{"taxonomy":"product_tag","embeddable":true,"href":"https:\/\/www.billigtrikotde.com\/sk\/wp-json\/wp\/v2\/product_tag?post=8758"}],"curies":[{"name":"wp","href":"https:\/\/api.w.org\/{rel}","templated":true}]}}