{"id":8682,"date":"2024-10-24T01:49:09","date_gmt":"2024-10-23T23:49:09","guid":{"rendered":"http:\/\/billigtrikots.com\/?post_type=product&#038;p=8682"},"modified":"2024-10-24T01:51:27","modified_gmt":"2024-10-23T23:51:27","slug":"herren-spanien-wm-2022-23-auswaertstrikot-trikotsatz-mit-aufdruck-gavi-9","status":"publish","type":"product","link":"https:\/\/www.billigtrikotde.com\/sk\/herren-spanien-wm-2022-23-auswaertstrikot-trikotsatz-mit-aufdruck-gavi-9\/","title":{"rendered":"P\u00e1nske dresy \u0160panielsko MS 2022-23 vonkaj\u0161\u00ed dres S\u00faprava dresov s potla\u010dou GAVI 9"},"content":{"rendered":"<p>Pripraven\u00fd nast\u00fapi\u0165 na futbalov\u00fd tr\u00f3n. Jemne zvlnen\u00e1 grafika na tomto drese adidas pre deti a dospievaj\u00facich je odkazom na logo v \u0161t\u00fdle art deco, ktor\u00e9 v\u00edtalo kvalifika\u010dn\u00e9 t\u00edmy v \u0160panielsku v roku 1982. Dizajn dop\u013a\u0148a novotvar tkan\u00e9ho loga \u0161panielskej feder\u00e1cie a logo adidas s tromi pruhmi v strede hrude. A aby ste sa po\u010das fandenia c\u00edtili pohodlne, verzia pre fan\u00fa\u0161ikov je vybaven\u00e1 technol\u00f3giou AEROREADY pohlcuj\u00facou vlhkos\u0165 pre such\u00e9 pohodlie.<\/p>\n<p>Tipy na tla\u010d: Ak s\u00fa meno a \u010d\u00edslo na obr\u00e1zku presne tak\u00e9, ak\u00e9 chcete, nemus\u00edte ich zad\u00e1va\u0165 znova. Ak nie, mali by ste zada\u0165 po\u017eadovan\u00e9 meno a \u010d\u00edslo.<\/p>\n<p>Tipy na pranie: Odpor\u00fa\u010dame pra\u0165 futbalov\u00e9 tri\u010dk\u00e1 v ruke. Ak chcete pou\u017ei\u0165 pr\u00e1\u010dku, nezabudnite futbalov\u00e9 tri\u010dk\u00e1 oto\u010di\u0165 naruby a potom ich vypra\u0165. Napl\u0148te pr\u00e1\u010dku studenou vodou a pou\u017eite jemn\u00fd cyklus, aby ste lep\u0161ie ochr\u00e1nili farby.<\/p>","protected":false},"excerpt":{"rendered":"<p>Bereit, den Fu\u00dfballthron zu besteigen. Die sanft gewellte Grafik auf diesem adidas Trikot f\u00fcr Kinder und Teens ist eine Anspielung auf das Art-d\u00e9co-Logo, das die qualifizierten Teams 1982 in Spanien willkommen hie\u00df. Erg\u00e4nzt wird das Design durch das gewebte spanische Verbandslogo im neuen Look und das adidas 3-Streifen Logo mittig auf der Brust. Und damit [&hellip;]<\/p>","protected":false},"featured_media":8716,"comment_status":"open","ping_status":"closed","template":"","meta":[],"product_brand":[],"product_cat":[131],"product_tag":[20,21,22,23,24,359],"class_list":{"0":"post-8682","1":"product","2":"type-product","3":"status-publish","4":"has-post-thumbnail","6":"product_cat-spanien-trikots","7":"product_tag-coole-fussballtrikots","8":"product_tag-fussballtrikot-fuer-herren","9":"product_tag-fussballtrikot-guenstig-kaufen","10":"product_tag-fussballtrikot-kurzarm","11":"product_tag-guenstiges-fussballtrikot","12":"product_tag-spanien-wm-2022-auswaertstrikot","14":"first","15":"instock","16":"shipping-taxable","17":"purchasable","18":"product-type-variable"},"_links":{"self":[{"href":"https:\/\/www.billigtrikotde.com\/sk\/wp-json\/wp\/v2\/product\/8682","targetHints":{"allow":["GET"]}}],"collection":[{"href":"https:\/\/www.billigtrikotde.com\/sk\/wp-json\/wp\/v2\/product"}],"about":[{"href":"https:\/\/www.billigtrikotde.com\/sk\/wp-json\/wp\/v2\/types\/product"}],"replies":[{"embeddable":true,"href":"https:\/\/www.billigtrikotde.com\/sk\/wp-json\/wp\/v2\/comments?post=8682"}],"wp:featuredmedia":[{"embeddable":true,"href":"https:\/\/www.billigtrikotde.com\/sk\/wp-json\/wp\/v2\/media\/8716"}],"wp:attachment":[{"href":"https:\/\/www.billigtrikotde.com\/sk\/wp-json\/wp\/v2\/media?parent=8682"}],"wp:term":[{"taxonomy":"product_brand","embeddable":true,"href":"https:\/\/www.billigtrikotde.com\/sk\/wp-json\/wp\/v2\/product_brand?post=8682"},{"taxonomy":"product_cat","embeddable":true,"href":"https:\/\/www.billigtrikotde.com\/sk\/wp-json\/wp\/v2\/product_cat?post=8682"},{"taxonomy":"product_tag","embeddable":true,"href":"https:\/\/www.billigtrikotde.com\/sk\/wp-json\/wp\/v2\/product_tag?post=8682"}],"curies":[{"name":"wp","href":"https:\/\/api.w.org\/{rel}","templated":true}]}}