{"id":8638,"date":"2024-10-24T01:46:49","date_gmt":"2024-10-23T23:46:49","guid":{"rendered":"http:\/\/billigtrikots.com\/?post_type=product&#038;p=8638"},"modified":"2024-10-24T01:49:04","modified_gmt":"2024-10-23T23:49:04","slug":"neue-kinder-brasilien-wm-2022-auswaertstrikot-blaue-weiss-neymar-jr-10","status":"publish","type":"product","link":"https:\/\/www.billigtrikotde.com\/sk\/neue-kinder-brasilien-wm-2022-auswaertstrikot-blaue-weiss-neymar-jr-10\/","title":{"rendered":"Nov\u00fd detsk\u00fd dres Braz\u00edlia MS 2022 vonkaj\u0161\u00ed dres modr\u00fd biely NEYMAR JR.10"},"content":{"rendered":"<p>Toto je vonkaj\u0161\u00ed dres svetov\u00e9ho \u0161ampion\u00e1tu v futbale Braz\u00edlia 2022 od Nike. Vonkaj\u0161\u00ed dres Braz\u00edlie 2022 pre Svetov\u00fd poh\u00e1r od Nike kombinuje modr\u00fa z\u00e1kladn\u00fa farbu s jasne zelen\u00fdm Swooshom. Ofici\u00e1lne farby s\u00fa \u201eParamount Blue\/Dynamic Yellow\/Green Spark\u201c.<\/p>\n<p>Tipy na tla\u010d: Ak s\u00fa meno a \u010d\u00edslo na obr\u00e1zku presne tak\u00e9, ak\u00e9 chcete, nemus\u00edte ich zad\u00e1va\u0165 znova. Ak nie, mali by ste zada\u0165 po\u017eadovan\u00e9 meno a \u010d\u00edslo.<\/p>\n<p>Tipy na pranie: Odpor\u00fa\u010dame pra\u0165 futbalov\u00e9 tri\u010dk\u00e1 v ruke. Ak chcete pou\u017ei\u0165 pr\u00e1\u010dku, nezabudnite futbalov\u00e9 tri\u010dk\u00e1 oto\u010di\u0165 naruby a potom ich vypra\u0165. Napl\u0148te pr\u00e1\u010dku studenou vodou a pou\u017eite jemn\u00fd cyklus, aby ste lep\u0161ie ochr\u00e1nili farby.<\/p>","protected":false},"excerpt":{"rendered":"<p>Toto je vonkaj\u0161\u00ed dres majstrovstiev sveta vo futbale Braz\u00edlia 2022 od Nike. Nike Braz\u00edlia 2022 World Cup vonkaj\u0161\u00ed dres kombinuje modr\u00fa z\u00e1kladn\u00fa farbu s svetlozelen\u00fdm Swooshom. Ofici\u00e1lne farby s\u00fa \u201eParamount Blue\/Dynamic Yellow\/Green Spark\u201c. Tipy na tla\u010d: Ak n\u00e1zov a \u010d\u00edslo na obr\u00e1zku presne zodpovedaj\u00fa va\u0161im po\u017eiadavk\u00e1m, nemus\u00edte ich zad\u00e1va\u0165 znova. Ak nie, [\u2026]<\/p>","protected":false},"featured_media":8678,"comment_status":"open","ping_status":"closed","template":"","meta":[],"product_brand":[],"product_cat":[112],"product_tag":[20,210,114,222,21,22,23,24],"class_list":{"0":"post-8638","1":"product","2":"type-product","3":"status-publish","4":"has-post-thumbnail","6":"product_cat-brasilien-trikots","7":"product_tag-coole-fussballtrikots","8":"product_tag-brasilien-auswaertstrikot","9":"product_tag-brasilien-trikots","10":"product_tag-fussball-wm-2022-trikots","11":"product_tag-fussballtrikot-fuer-herren","12":"product_tag-fussballtrikot-guenstig-kaufen","13":"product_tag-fussballtrikot-kurzarm","14":"product_tag-guenstiges-fussballtrikot","16":"first","17":"instock","18":"shipping-taxable","19":"purchasable","20":"product-type-variable"},"_links":{"self":[{"href":"https:\/\/www.billigtrikotde.com\/sk\/wp-json\/wp\/v2\/product\/8638","targetHints":{"allow":["GET"]}}],"collection":[{"href":"https:\/\/www.billigtrikotde.com\/sk\/wp-json\/wp\/v2\/product"}],"about":[{"href":"https:\/\/www.billigtrikotde.com\/sk\/wp-json\/wp\/v2\/types\/product"}],"replies":[{"embeddable":true,"href":"https:\/\/www.billigtrikotde.com\/sk\/wp-json\/wp\/v2\/comments?post=8638"}],"wp:featuredmedia":[{"embeddable":true,"href":"https:\/\/www.billigtrikotde.com\/sk\/wp-json\/wp\/v2\/media\/8678"}],"wp:attachment":[{"href":"https:\/\/www.billigtrikotde.com\/sk\/wp-json\/wp\/v2\/media?parent=8638"}],"wp:term":[{"taxonomy":"product_brand","embeddable":true,"href":"https:\/\/www.billigtrikotde.com\/sk\/wp-json\/wp\/v2\/product_brand?post=8638"},{"taxonomy":"product_cat","embeddable":true,"href":"https:\/\/www.billigtrikotde.com\/sk\/wp-json\/wp\/v2\/product_cat?post=8638"},{"taxonomy":"product_tag","embeddable":true,"href":"https:\/\/www.billigtrikotde.com\/sk\/wp-json\/wp\/v2\/product_tag?post=8638"}],"curies":[{"name":"wp","href":"https:\/\/api.w.org\/{rel}","templated":true}]}}