{"id":8576,"date":"2024-10-24T01:43:49","date_gmt":"2024-10-23T23:43:49","guid":{"rendered":"http:\/\/billigtrikots.com\/?post_type=product&#038;p=8576"},"modified":"2024-10-24T01:46:05","modified_gmt":"2024-10-23T23:46:05","slug":"walker-2-manchester-city-auswaertstrikot-2022-2023-schwarz-rot-kurzarm-kurze-hosen","status":"publish","type":"product","link":"https:\/\/www.billigtrikotde.com\/sk\/walker-2-manchester-city-auswaertstrikot-2022-2023-schwarz-rot-kurzarm-kurze-hosen\/","title":{"rendered":"WALKER 2 S\u00faprava Manchester City 2022\/2023 \u010dierna \u010derven\u00e1 s kr\u00e1tkym ruk\u00e1vom + \u0161ortky"},"content":{"rendered":"<p>Mesto predviedlo show. Ke\u010f trieda z roku 1969 vy\u0161la na ulicu, zaujala svoj\u00edm orubovan\u00fdm, technicky zdatn\u00fdm futbalom \u2013 a svoj\u00edm odv\u00e1\u017enym a brilantn\u00fdm nov\u00fdm vonkaj\u0161\u00edm dresom. Vertik\u00e1lne pruhy v \u010dervenej a \u010diernej, ktor\u00e9 navrhol legend\u00e1rny Malcolm Allison, sa uk\u00e1zali ako v\u00ed\u0165azn\u00e9 vo fin\u00e1le FA Cup 1969 a v fin\u00e1le Ligov\u00e9ho poh\u00e1ra a Poh\u00e1ra v\u00ed\u0165azov poh\u00e1rov 1970, a zasl\u00fa\u017eili si svoje miesto medzi absol\u00fatnymi fan\u00fa\u0161ikovsk\u00fdmi ob\u013e\u00fabencami. Sez\u00f3na 2022\/23 Manchester City F.C. Vonkaj\u0161\u00ed dres vn\u00e1\u0161a do klasick\u00e9ho dizajnu nov\u00fa energiu. Po prv\u00fdkr\u00e1t te\u010d\u00fa \u010derven\u00e9 a \u010dierne pruhy diagon\u00e1lne cez dres, in\u0161pirovan\u00e9 klubov\u00fdm erbon a zobrazen\u00edm troch rieky.<\/p>\n<p>Tipy na tla\u010d: Ak s\u00fa meno a \u010d\u00edslo na obr\u00e1zku presne tak\u00e9, ak\u00e9 chcete, nemus\u00edte ich zad\u00e1va\u0165 znova. Ak nie, mali by ste zada\u0165 po\u017eadovan\u00e9 meno a \u010d\u00edslo.<\/p>\n<p>Tipy na pranie: Odpor\u00fa\u010dame pra\u0165 futbalov\u00e9 tri\u010dk\u00e1 v ruke. Ak chcete pou\u017ei\u0165 pr\u00e1\u010dku, nezabudnite futbalov\u00e9 tri\u010dk\u00e1 oto\u010di\u0165 naruby a potom ich vypra\u0165. Napl\u0148te pr\u00e1\u010dku studenou vodou a pou\u017eite jemn\u00fd cyklus, aby ste lep\u0161ie ochr\u00e1nili farby.<\/p>","protected":false},"excerpt":{"rendered":"<p>Die Stadt hat eine Show abgezogen. Als die Klasse von 1969 auf die Stra\u00dfe ging, sorgte sie mit ihrem furchtlosen, technisch versierten Fu\u00dfball f\u00fcr Aufsehen \u2013 und ihrem mutigen und brillanten neuen Ausw\u00e4rtstrikot. Die vom legend\u00e4ren Malcolm Allison entworfenen vertikalen Streifen in Rot und Schwarz erwiesen sich beim FA Cup-Finale 1969 und den Endspielen des [&hellip;]<\/p>","protected":false},"featured_media":8617,"comment_status":"open","ping_status":"closed","template":"","meta":[],"product_brand":[],"product_cat":[82],"product_tag":[20,21,22,333,24,334,273,337,84],"class_list":{"0":"post-8576","1":"product","2":"type-product","3":"status-publish","4":"has-post-thumbnail","6":"product_cat-manchester-city","7":"product_tag-coole-fussballtrikots","8":"product_tag-fussballtrikot-fuer-herren","9":"product_tag-fussballtrikot-guenstig-kaufen","10":"product_tag-fussballtrikot-langaermeliges","11":"product_tag-guenstiges-fussballtrikot","12":"product_tag-manchester-city-torwarttrikot","13":"product_tag-manchester-city-trikot-22-23","14":"product_tag-manchester-city-trikot-away","15":"product_tag-manchester-city-trikots","17":"first","18":"instock","19":"shipping-taxable","20":"purchasable","21":"product-type-variable"},"_links":{"self":[{"href":"https:\/\/www.billigtrikotde.com\/sk\/wp-json\/wp\/v2\/product\/8576","targetHints":{"allow":["GET"]}}],"collection":[{"href":"https:\/\/www.billigtrikotde.com\/sk\/wp-json\/wp\/v2\/product"}],"about":[{"href":"https:\/\/www.billigtrikotde.com\/sk\/wp-json\/wp\/v2\/types\/product"}],"replies":[{"embeddable":true,"href":"https:\/\/www.billigtrikotde.com\/sk\/wp-json\/wp\/v2\/comments?post=8576"}],"wp:featuredmedia":[{"embeddable":true,"href":"https:\/\/www.billigtrikotde.com\/sk\/wp-json\/wp\/v2\/media\/8617"}],"wp:attachment":[{"href":"https:\/\/www.billigtrikotde.com\/sk\/wp-json\/wp\/v2\/media?parent=8576"}],"wp:term":[{"taxonomy":"product_brand","embeddable":true,"href":"https:\/\/www.billigtrikotde.com\/sk\/wp-json\/wp\/v2\/product_brand?post=8576"},{"taxonomy":"product_cat","embeddable":true,"href":"https:\/\/www.billigtrikotde.com\/sk\/wp-json\/wp\/v2\/product_cat?post=8576"},{"taxonomy":"product_tag","embeddable":true,"href":"https:\/\/www.billigtrikotde.com\/sk\/wp-json\/wp\/v2\/product_tag?post=8576"}],"curies":[{"name":"wp","href":"https:\/\/api.w.org\/{rel}","templated":true}]}}