{"id":8504,"date":"2024-10-24T01:40:17","date_gmt":"2024-10-23T23:40:17","guid":{"rendered":"http:\/\/billigtrikots.com\/?post_type=product&#038;p=8504"},"modified":"2024-10-24T01:42:30","modified_gmt":"2024-10-23T23:42:30","slug":"herren-kroatien-2022-world-cup-heimtrikot-rot-weiss-blaue-fussballtrikots","status":"publish","type":"product","link":"https:\/\/www.billigtrikotde.com\/sk\/herren-kroatien-2022-world-cup-heimtrikot-rot-weiss-blaue-fussballtrikots\/","title":{"rendered":"Chorv\u00e1tsko 2022 Majstrovstv\u00e1 sveta vo futbale dom\u00e1ce tri\u010dko \u010derven\u00e1 biela modr\u00e1 futbalov\u00e9 tri\u010dk\u00e1"},"content":{"rendered":"<p>M\u00e1 \u010derven\u00e9 \u0161tvorce od prav\u00e9ho horn\u00e9ho rohu a\u017e po stred, \u017eiadne dole, \u010d\u00edm vznik\u00e1 dojem vlaj\u00facej vlajky. Swoosh a logo Chorv\u00e1tska sa nenach\u00e1dzaj\u00fa v strede, ale vpravo\/v\u013eavo. MTN tie\u017e pridal nieko\u013eko \u010dervenobielomodr\u00fdch detailov na golieri a na man\u017eet\u00e1ch ruk\u00e1vov, ktor\u00e9 tie\u017e in\u0161piroval trik z roku 1998.<\/p>\n<p>Tipy na tla\u010d: Ak s\u00fa meno a \u010d\u00edslo na obr\u00e1zku presne tak\u00e9, ak\u00e9 chcete, nemus\u00edte ich zad\u00e1va\u0165 znova. Ak nie, mali by ste zada\u0165 po\u017eadovan\u00e9 meno a \u010d\u00edslo.<\/p>\n<p>Tipy na pranie: Odpor\u00fa\u010dame pra\u0165 futbalov\u00e9 tri\u010dk\u00e1 v ruke. Ak chcete pou\u017ei\u0165 pr\u00e1\u010dku, nezabudnite futbalov\u00e9 tri\u010dk\u00e1 oto\u010di\u0165 naruby a potom ich vypra\u0165. Napl\u0148te pr\u00e1\u010dku studenou vodou a pou\u017eite jemn\u00fd cyklus, aby ste lep\u0161ie ochr\u00e1nili farby.<\/p>","protected":false},"excerpt":{"rendered":"<p>M\u00e1 \u010derven\u00e9 \u0161tvorce od prav\u00e9ho horn\u00e9ho rohu a\u017e po stred, \u017eiadne dole, \u010d\u00edm vznik\u00e1 dojem vlaj\u00facej vlajky. Swoosh a logo Chorv\u00e1tska sa nenach\u00e1dzaj\u00fa v strede, ale vpravo\/v\u013eavo. MTN tie\u017e pridal nieko\u013eko \u010dervenobielomodr\u00fdch detailov na golieri a na man\u017eet\u00e1ch ruk\u00e1vov, ktor\u00e9 tie\u017e in\u0161piroval trik z roku 1998.<\/p>","protected":false},"featured_media":8545,"comment_status":"open","ping_status":"closed","template":"","meta":[],"product_brand":[],"product_cat":[261],"product_tag":[20,35,21,22,23,24,381,263,264],"class_list":{"0":"post-8504","1":"product","2":"type-product","3":"status-publish","4":"has-post-thumbnail","6":"product_cat-kroatien-trikots","7":"product_tag-coole-fussballtrikots","8":"product_tag-fussball-torwarttrikots","9":"product_tag-fussballtrikot-fuer-herren","10":"product_tag-fussballtrikot-guenstig-kaufen","11":"product_tag-fussballtrikot-kurzarm","12":"product_tag-guenstiges-fussballtrikot","13":"product_tag-kroatien-2022-world-cup-heimtrikot","14":"product_tag-kroatien-trikot-herren","15":"product_tag-kroatien-trikots","17":"first","18":"instock","19":"shipping-taxable","20":"purchasable","21":"product-type-variable"},"_links":{"self":[{"href":"https:\/\/www.billigtrikotde.com\/sk\/wp-json\/wp\/v2\/product\/8504","targetHints":{"allow":["GET"]}}],"collection":[{"href":"https:\/\/www.billigtrikotde.com\/sk\/wp-json\/wp\/v2\/product"}],"about":[{"href":"https:\/\/www.billigtrikotde.com\/sk\/wp-json\/wp\/v2\/types\/product"}],"replies":[{"embeddable":true,"href":"https:\/\/www.billigtrikotde.com\/sk\/wp-json\/wp\/v2\/comments?post=8504"}],"wp:featuredmedia":[{"embeddable":true,"href":"https:\/\/www.billigtrikotde.com\/sk\/wp-json\/wp\/v2\/media\/8545"}],"wp:attachment":[{"href":"https:\/\/www.billigtrikotde.com\/sk\/wp-json\/wp\/v2\/media?parent=8504"}],"wp:term":[{"taxonomy":"product_brand","embeddable":true,"href":"https:\/\/www.billigtrikotde.com\/sk\/wp-json\/wp\/v2\/product_brand?post=8504"},{"taxonomy":"product_cat","embeddable":true,"href":"https:\/\/www.billigtrikotde.com\/sk\/wp-json\/wp\/v2\/product_cat?post=8504"},{"taxonomy":"product_tag","embeddable":true,"href":"https:\/\/www.billigtrikotde.com\/sk\/wp-json\/wp\/v2\/product_tag?post=8504"}],"curies":[{"name":"wp","href":"https:\/\/api.w.org\/{rel}","templated":true}]}}