{"id":832,"date":"2024-10-23T13:05:42","date_gmt":"2024-10-23T11:05:42","guid":{"rendered":"http:\/\/billigtrikots.com\/?post_type=product&#038;p=832"},"modified":"2024-10-23T13:07:45","modified_gmt":"2024-10-23T11:07:45","slug":"real-madrid-heimtrikot-2022-weiss-blau-mit-aufdruck-mariano-24","status":"publish","type":"product","link":"https:\/\/www.billigtrikotde.com\/sk\/real-madrid-heimtrikot-2022-weiss-blau-mit-aufdruck-mariano-24\/","title":{"rendered":"Dom\u00e1ce tri\u010dko Real Madrid 2022 bielo modr\u00e9 s potla\u010dou Mariano 24"},"content":{"rendered":"<p>V\u00ed\u0165azstv\u00e1 a \u00faspechy t\u00edm predv\u00e1dza na ihrisku. Oslavuj\u00fa ich na n\u00e1mest\u00ed Cibeles pred raduj\u00facimi sa fan\u00fa\u0161ikmi. Niet divu, \u017ee toto tri\u010dko adidas Real Madrid s kruhov\u00fdm a spir\u00e1lov\u00fdm vzorom je in\u0161pirovan\u00e9 t\u00fdmto miestom a jeho font\u00e1nami. Dizajn pre fan\u00fa\u0161ikov je vyroben\u00fd z m\u00e4kk\u00e9ho materi\u00e1lu s technol\u00f3giou AEROREADY na absorpciu vlhkosti a zaru\u010duje pr\u00edjemn\u00fd such\u00fd a pohodln\u00fd pocit pri nosen\u00ed.<\/p>\n<p>Tipy na tla\u010d: Ak s\u00fa meno a \u010d\u00edslo na obr\u00e1zku presne tak\u00e9, ak\u00e9 chcete, nemus\u00edte ich zad\u00e1va\u0165 znova. Ak nie, mali by ste zada\u0165 po\u017eadovan\u00e9 meno a \u010d\u00edslo.<\/p>\n<p>Tipy na pranie: Odpor\u00fa\u010dame pra\u0165 futbalov\u00e9 tri\u010dk\u00e1 v ruke. Ak chcete pou\u017ei\u0165 pr\u00e1\u010dku, nezabudnite futbalov\u00e9 tri\u010dk\u00e1 oto\u010di\u0165 naruby a potom ich vypra\u0165. Napl\u0148te pr\u00e1\u010dku studenou vodou a pou\u017eite jemn\u00fd cyklus, aby ste lep\u0161ie ochr\u00e1nili farby.<\/p>","protected":false},"excerpt":{"rendered":"<p>Die Siege und Erfolge f\u00e4hrt die Mannschaft auf dem Spielfeld ein. Gefeiert werden sie auf dem Plaza de Cibeles vor den jubelnden Fans. Kein Wunder, dass dieses adidas Real Madrid Trikot mit seinem Kreis- und Spiralmuster von diesem Ort und seinen Brunnenfont\u00e4nen inspiriert ist. Das Design f\u00fcr Fans ist aus weichem Material mit feuchtigkeitsabsorbierender AEROREADY [&hellip;]<\/p>","protected":false},"featured_media":878,"comment_status":"open","ping_status":"closed","template":"","meta":[],"product_brand":[],"product_cat":[45],"product_tag":[20,21,22,23,24,46,47],"class_list":{"0":"post-832","1":"product","2":"type-product","3":"status-publish","4":"has-post-thumbnail","6":"product_cat-real-madrid","7":"product_tag-coole-fussballtrikots","8":"product_tag-fussballtrikot-fuer-herren","9":"product_tag-fussballtrikot-guenstig-kaufen","10":"product_tag-fussballtrikot-kurzarm","11":"product_tag-guenstiges-fussballtrikot","12":"product_tag-real-madrid-heimtrikot","13":"product_tag-real-madrid-trikots","15":"first","16":"instock","17":"shipping-taxable","18":"purchasable","19":"product-type-variable"},"_links":{"self":[{"href":"https:\/\/www.billigtrikotde.com\/sk\/wp-json\/wp\/v2\/product\/832","targetHints":{"allow":["GET"]}}],"collection":[{"href":"https:\/\/www.billigtrikotde.com\/sk\/wp-json\/wp\/v2\/product"}],"about":[{"href":"https:\/\/www.billigtrikotde.com\/sk\/wp-json\/wp\/v2\/types\/product"}],"replies":[{"embeddable":true,"href":"https:\/\/www.billigtrikotde.com\/sk\/wp-json\/wp\/v2\/comments?post=832"}],"wp:featuredmedia":[{"embeddable":true,"href":"https:\/\/www.billigtrikotde.com\/sk\/wp-json\/wp\/v2\/media\/878"}],"wp:attachment":[{"href":"https:\/\/www.billigtrikotde.com\/sk\/wp-json\/wp\/v2\/media?parent=832"}],"wp:term":[{"taxonomy":"product_brand","embeddable":true,"href":"https:\/\/www.billigtrikotde.com\/sk\/wp-json\/wp\/v2\/product_brand?post=832"},{"taxonomy":"product_cat","embeddable":true,"href":"https:\/\/www.billigtrikotde.com\/sk\/wp-json\/wp\/v2\/product_cat?post=832"},{"taxonomy":"product_tag","embeddable":true,"href":"https:\/\/www.billigtrikotde.com\/sk\/wp-json\/wp\/v2\/product_tag?post=832"}],"curies":[{"name":"wp","href":"https:\/\/api.w.org\/{rel}","templated":true}]}}