{"id":8298,"date":"2024-10-24T01:30:00","date_gmt":"2024-10-23T23:30:00","guid":{"rendered":"http:\/\/billigtrikots.com\/?post_type=product&#038;p=8298"},"modified":"2024-10-24T01:32:36","modified_gmt":"2024-10-23T23:32:36","slug":"fussballtrikots-guenstig-argentinien-heimtrikot-wm-2022-weiss-blau-kurzarm-messi-10","status":"publish","type":"product","link":"https:\/\/www.billigtrikotde.com\/sk\/fussballtrikots-guenstig-argentinien-heimtrikot-wm-2022-weiss-blau-kurzarm-messi-10\/","title":{"rendered":"Futbalov\u00e9 tri\u010dk\u00e1 Lacn\u00e9 Argent\u00edna Dom\u00e1ce tri\u010dko Majstrovstv\u00e1 sveta 2022 Biela Modr\u00e1 Kr\u00e1tky ruk\u00e1v MESSI 10"},"content":{"rendered":"<p>Namiesto toho by mal by\u0165 dres z dvoch ten\u0161\u00edch nebesky modr\u00fdch pruhov uprostred a dvoch \u0161ir\u0161\u00edch na vonkaj\u0161\u00edch stran\u00e1ch dresu. Tieto by mali by\u0165 pribli\u017ene trikr\u00e1t tak \u0161irok\u00e9 ako pruhy uprostred, ktor\u00e9 maj\u00fa predstavova\u0165 argent\u00ednsku vlajku.<br \/>\nPruhy na novom drese Argent\u00edny na MS 2022 s\u00fa klasick\u00e9, ale iba na prednej strane. Pruhy na zadnej strane s\u00fa naozaj neobvykl\u00e9: namiesto rovnak\u00fdch \u0161\u00edrok s\u00fa tam dve ten\u0161ie oblohov\u00e9 modr\u00e9 pruhy uprostred a dva \u0161ir\u0161ie na okrajoch dresu. Tieto \u0161ir\u0161ie pruhy s\u00fa asi trikr\u00e1t tak\u00e9 \u0161irok\u00e9 ako pruhy uprostred.<\/p>\n<p>Tipy na tla\u010d: Ak s\u00fa meno a \u010d\u00edslo na obr\u00e1zku presne tak\u00e9, ak\u00e9 chcete, nemus\u00edte ich zad\u00e1va\u0165 znova. Ak nie, mali by ste zada\u0165 po\u017eadovan\u00e9 meno a \u010d\u00edslo.<\/p>\n<p>Tipy na pranie: Odpor\u00fa\u010dame pra\u0165 futbalov\u00e9 tri\u010dk\u00e1 v ruke. Ak chcete pou\u017ei\u0165 pr\u00e1\u010dku, nezabudnite futbalov\u00e9 tri\u010dk\u00e1 oto\u010di\u0165 naruby a potom ich vypra\u0165. Napl\u0148te pr\u00e1\u010dku studenou vodou a pou\u017eite jemn\u00fd cyklus, aby ste lep\u0161ie ochr\u00e1nili farby.<\/p>","protected":false},"excerpt":{"rendered":"<p>Stattdessen soll das Trikot aus zwei d\u00fcnneren himmelblauen Streifen in der Mitte und zwei breiteren an den Au\u00dfenseiten des Trikots bestehen. Diese sollen etwa dreimal so breit wie die Streifen in der Mitte sein, die die argentinische Flagge darstellen soll. Die Streifen auf dem neuen Argentinien WM 2022 Trikot sind klassisch, aber nur auf der [&hellip;]<\/p>","protected":false},"featured_media":8335,"comment_status":"open","ping_status":"closed","template":"","meta":[],"product_brand":[],"product_cat":[325],"product_tag":[356,20,21,22,23,24],"class_list":{"0":"post-8298","1":"product","2":"type-product","3":"status-publish","4":"has-post-thumbnail","6":"product_cat-argentinien-trikots","7":"product_tag-argentinien-trikots","8":"product_tag-coole-fussballtrikots","9":"product_tag-fussballtrikot-fuer-herren","10":"product_tag-fussballtrikot-guenstig-kaufen","11":"product_tag-fussballtrikot-kurzarm","12":"product_tag-guenstiges-fussballtrikot","14":"first","15":"instock","16":"shipping-taxable","17":"purchasable","18":"product-type-variable"},"_links":{"self":[{"href":"https:\/\/www.billigtrikotde.com\/sk\/wp-json\/wp\/v2\/product\/8298","targetHints":{"allow":["GET"]}}],"collection":[{"href":"https:\/\/www.billigtrikotde.com\/sk\/wp-json\/wp\/v2\/product"}],"about":[{"href":"https:\/\/www.billigtrikotde.com\/sk\/wp-json\/wp\/v2\/types\/product"}],"replies":[{"embeddable":true,"href":"https:\/\/www.billigtrikotde.com\/sk\/wp-json\/wp\/v2\/comments?post=8298"}],"wp:featuredmedia":[{"embeddable":true,"href":"https:\/\/www.billigtrikotde.com\/sk\/wp-json\/wp\/v2\/media\/8335"}],"wp:attachment":[{"href":"https:\/\/www.billigtrikotde.com\/sk\/wp-json\/wp\/v2\/media?parent=8298"}],"wp:term":[{"taxonomy":"product_brand","embeddable":true,"href":"https:\/\/www.billigtrikotde.com\/sk\/wp-json\/wp\/v2\/product_brand?post=8298"},{"taxonomy":"product_cat","embeddable":true,"href":"https:\/\/www.billigtrikotde.com\/sk\/wp-json\/wp\/v2\/product_cat?post=8298"},{"taxonomy":"product_tag","embeddable":true,"href":"https:\/\/www.billigtrikotde.com\/sk\/wp-json\/wp\/v2\/product_tag?post=8298"}],"curies":[{"name":"wp","href":"https:\/\/api.w.org\/{rel}","templated":true}]}}