{"id":8129,"date":"2024-10-24T01:21:18","date_gmt":"2024-10-23T23:21:18","guid":{"rendered":"http:\/\/billigtrikots.com\/?post_type=product&#038;p=8129"},"modified":"2024-10-24T01:23:30","modified_gmt":"2024-10-23T23:23:30","slug":"fussballtrikot-fuer-herren-paris-saint-germain-22-23-auswaertstrikot-graue-florenzi-24","status":"publish","type":"product","link":"https:\/\/www.billigtrikotde.com\/sk\/fussballtrikot-fuer-herren-paris-saint-germain-22-23-auswaertstrikot-graue-florenzi-24\/","title":{"rendered":"Futbalov\u00fd dres pre mu\u017eov Paris Saint-Germain 22-23 Vonkaj\u0161\u00ed dres siv\u00e9 FLORENZi 24"},"content":{"rendered":"<p>Dres Jordan PSG 2022-23 vonkaj\u0161\u00ed dres sa predstavuje v novom vzh\u013eade v \u0161edej farbe s \u010diernym stredov\u00fdm p\u00e1som, ktor\u00fd postupne bledne uprostred, aby vytvoril miesto pre sponzora Qatar Airways. Na vn\u00fatornej strane goliera sa nach\u00e1dza \u0161peci\u00e1lna etiketa.<\/p>\n<p>Farebn\u00e1 sch\u00e9ma nov\u00e9ho PSG 22-23 vonkaj\u0161ieho dresu je in\u0161pirovan\u00e1 \u0161tadi\u00f3nom Parc des Princes, ktor\u00fd tento rok oslavuje 50 rokov od svojho zalo\u017eenia. \u0160ed\u00e9 nohavice s dizajnom in\u0161pirovan\u00fdm Chicago Bills a \u0161tulpne dop\u013a\u0148aj\u00fa vzh\u013ead nov\u00e9ho PSG 2022-23 vonkaj\u0161ieho dresu od Jordan.<\/p>\n<p>Tipy na tla\u010d: Ak s\u00fa meno a \u010d\u00edslo na obr\u00e1zku presne tak\u00e9, ak\u00e9 chcete, nemus\u00edte ich zad\u00e1va\u0165 znova. Ak nie, mali by ste zada\u0165 po\u017eadovan\u00e9 meno a \u010d\u00edslo.<\/p>\n<p>Tipy na pranie: Odpor\u00fa\u010dame pra\u0165 futbalov\u00e9 tri\u010dk\u00e1 v ruke. Ak chcete pou\u017ei\u0165 pr\u00e1\u010dku, nezabudnite futbalov\u00e9 tri\u010dk\u00e1 oto\u010di\u0165 naruby a potom ich vypra\u0165. Napl\u0148te pr\u00e1\u010dku studenou vodou a pou\u017eite jemn\u00fd cyklus, aby ste lep\u0161ie ochr\u00e1nili farby.<\/p>","protected":false},"excerpt":{"rendered":"<p>Dres Jordan PSG 2022-23 vonkaj\u0161\u00ed dres sa predstavuje v novom vzh\u013eade v \u0161edej farbe s \u010diernym stredov\u00fdm p\u00e1som, ktor\u00fd postupne bledne uprostred, aby vytvoril priestor pre sponzora Qatar Airways. Na vn\u00fatornej strane goliera sa nach\u00e1dza \u0161peci\u00e1lna etiketa. Farba nov\u00e9ho PSG 22-23 vonkaj\u0161ieho dresu je in\u0161pirovan\u00e1 \u0161tadi\u00f3nom Parc des Princes, [...]<\/p>","protected":false},"featured_media":8169,"comment_status":"open","ping_status":"closed","template":"","meta":[],"product_brand":[],"product_cat":[39],"product_tag":[286,20,43,21,22,23,24,44,41,244,290],"class_list":{"0":"post-8129","1":"product","2":"type-product","3":"status-publish","4":"has-post-thumbnail","6":"product_cat-paris-saint-germain","7":"product_tag-alle-neuen-psg-trikots","8":"product_tag-coole-fussballtrikots","9":"product_tag-fussballkleidung","10":"product_tag-fussballtrikot-fuer-herren","11":"product_tag-fussballtrikot-guenstig-kaufen","12":"product_tag-fussballtrikot-kurzarm","13":"product_tag-guenstiges-fussballtrikot","14":"product_tag-paris-saint-germain-auswaertstrikot","15":"product_tag-paris-saint-germain-trikots","16":"product_tag-psg-trikot-2022-23","17":"product_tag-psg-trikot-2022-23-fussballtrikots","19":"first","20":"instock","21":"shipping-taxable","22":"purchasable","23":"product-type-variable"},"_links":{"self":[{"href":"https:\/\/www.billigtrikotde.com\/sk\/wp-json\/wp\/v2\/product\/8129","targetHints":{"allow":["GET"]}}],"collection":[{"href":"https:\/\/www.billigtrikotde.com\/sk\/wp-json\/wp\/v2\/product"}],"about":[{"href":"https:\/\/www.billigtrikotde.com\/sk\/wp-json\/wp\/v2\/types\/product"}],"replies":[{"embeddable":true,"href":"https:\/\/www.billigtrikotde.com\/sk\/wp-json\/wp\/v2\/comments?post=8129"}],"wp:featuredmedia":[{"embeddable":true,"href":"https:\/\/www.billigtrikotde.com\/sk\/wp-json\/wp\/v2\/media\/8169"}],"wp:attachment":[{"href":"https:\/\/www.billigtrikotde.com\/sk\/wp-json\/wp\/v2\/media?parent=8129"}],"wp:term":[{"taxonomy":"product_brand","embeddable":true,"href":"https:\/\/www.billigtrikotde.com\/sk\/wp-json\/wp\/v2\/product_brand?post=8129"},{"taxonomy":"product_cat","embeddable":true,"href":"https:\/\/www.billigtrikotde.com\/sk\/wp-json\/wp\/v2\/product_cat?post=8129"},{"taxonomy":"product_tag","embeddable":true,"href":"https:\/\/www.billigtrikotde.com\/sk\/wp-json\/wp\/v2\/product_tag?post=8129"}],"curies":[{"name":"wp","href":"https:\/\/api.w.org\/{rel}","templated":true}]}}