{"id":7976,"date":"2024-10-24T01:13:58","date_gmt":"2024-10-23T23:13:58","guid":{"rendered":"http:\/\/billigtrikots.com\/?post_type=product&#038;p=7976"},"modified":"2024-10-24T01:16:05","modified_gmt":"2024-10-23T23:16:05","slug":"england-trikot-away-frauen-em-2022-orange-kurzarm-kurze-hosen-ramsdale-1","status":"publish","type":"product","link":"https:\/\/www.billigtrikotde.com\/sk\/england-trikot-away-frauen-em-2022-orange-kurzarm-kurze-hosen-ramsdale-1\/","title":{"rendered":"England Shirt Away Women Euro 2022 Orange Short Sleeve + Shorts RAMSDALE 1"},"content":{"rendered":"<p>Detsk\u00e9 tri\u010dko Nike v \u010dervenej farbe ukazuje va\u0161u bezpodmiene\u010dn\u00fa l\u00e1sku a spojenie s va\u0161\u00edm t\u00edmom. Viac podpory u\u017e niet mo\u017en\u00e9! S t\u00fdmto anglick\u00fdm tri\u010dkom roz\u0161\u00edrite svoju fan\u00fa\u0161ikovsk\u00fa zbierku. Odpor\u00fa\u010dame tento priedu\u0161n\u00fd, odv\u00e1dzaj\u00faci pot a \u013eahk\u00fd model s pr\u00edjemn\u00fdm pocitom pri nosen\u00ed. Vyzna\u010duje sa vizu\u00e1lne s logom t\u00edmu na hrudi. S t\u00fdmto \u0161portov\u00fdm tri\u010dkom m\u00f4\u017eete by\u0165 e\u0161te v\u00fdkonnej\u0161\u00ed a pripravi\u0165 sa na \u010fal\u0161\u00ed z\u00e1pas.<\/p>\n<p>Tipy na tla\u010d: Ak s\u00fa meno a \u010d\u00edslo na obr\u00e1zku presne tak\u00e9, ak\u00e9 chcete, nemus\u00edte ich zad\u00e1va\u0165 znova. Ak nie, mali by ste zada\u0165 po\u017eadovan\u00e9 meno a \u010d\u00edslo.<\/p>\n<p>Tipy na pranie: Odpor\u00fa\u010dame pra\u0165 futbalov\u00e9 tri\u010dk\u00e1 v ruke. Ak chcete pou\u017ei\u0165 pr\u00e1\u010dku, nezabudnite futbalov\u00e9 tri\u010dk\u00e1 oto\u010di\u0165 naruby a potom ich vypra\u0165. Napl\u0148te pr\u00e1\u010dku studenou vodou a pou\u017eite jemn\u00fd cyklus, aby ste lep\u0161ie ochr\u00e1nili farby.<\/p>","protected":false},"excerpt":{"rendered":"<p>Das Nike Kinder-Trikot in Rot zeigt deine bedingungslose Liebe und Verbundenheit zu deiner Mannschaft. Mehr Unterst\u00fctzung geht kaum! Mit diesem England-Trikot erweiterst du deine Fan-Sammlung. Wir empfehlen dieses atmungsaktive, schwei\u00dfableitende und leichte Modell mit dem angenehmen Tragegef\u00fchl. Es besticht optisch mit einem Verbandslogo auf der Brust. Mit diesem Sportshirt kannst du noch leistungsf\u00e4higer werden und [&hellip;]<\/p>","protected":false},"featured_media":8017,"comment_status":"open","ping_status":"closed","template":"","meta":[],"product_brand":[],"product_cat":[115],"product_tag":[20,116,218,21,22,23,24],"class_list":{"0":"post-7976","1":"product","2":"type-product","3":"status-publish","4":"has-post-thumbnail","6":"product_cat-england-trikots","7":"product_tag-coole-fussballtrikots","8":"product_tag-england-heimtrikot","9":"product_tag-england-heimtrikot-euro-2022-damen","10":"product_tag-fussballtrikot-fuer-herren","11":"product_tag-fussballtrikot-guenstig-kaufen","12":"product_tag-fussballtrikot-kurzarm","13":"product_tag-guenstiges-fussballtrikot","15":"first","16":"instock","17":"shipping-taxable","18":"purchasable","19":"product-type-variable"},"_links":{"self":[{"href":"https:\/\/www.billigtrikotde.com\/sk\/wp-json\/wp\/v2\/product\/7976","targetHints":{"allow":["GET"]}}],"collection":[{"href":"https:\/\/www.billigtrikotde.com\/sk\/wp-json\/wp\/v2\/product"}],"about":[{"href":"https:\/\/www.billigtrikotde.com\/sk\/wp-json\/wp\/v2\/types\/product"}],"replies":[{"embeddable":true,"href":"https:\/\/www.billigtrikotde.com\/sk\/wp-json\/wp\/v2\/comments?post=7976"}],"wp:featuredmedia":[{"embeddable":true,"href":"https:\/\/www.billigtrikotde.com\/sk\/wp-json\/wp\/v2\/media\/8017"}],"wp:attachment":[{"href":"https:\/\/www.billigtrikotde.com\/sk\/wp-json\/wp\/v2\/media?parent=7976"}],"wp:term":[{"taxonomy":"product_brand","embeddable":true,"href":"https:\/\/www.billigtrikotde.com\/sk\/wp-json\/wp\/v2\/product_brand?post=7976"},{"taxonomy":"product_cat","embeddable":true,"href":"https:\/\/www.billigtrikotde.com\/sk\/wp-json\/wp\/v2\/product_cat?post=7976"},{"taxonomy":"product_tag","embeddable":true,"href":"https:\/\/www.billigtrikotde.com\/sk\/wp-json\/wp\/v2\/product_tag?post=7976"}],"curies":[{"name":"wp","href":"https:\/\/api.w.org\/{rel}","templated":true}]}}