{"id":7880,"date":"2024-10-24T01:09:28","date_gmt":"2024-10-23T23:09:28","guid":{"rendered":"http:\/\/billigtrikots.com\/?post_type=product&#038;p=7880"},"modified":"2024-10-24T01:11:39","modified_gmt":"2024-10-23T23:11:39","slug":"as-roma-2022-23-auswaertstrikot-fuer-herren-weiss-trikotsatz","status":"publish","type":"product","link":"https:\/\/www.billigtrikotde.com\/sk\/as-roma-2022-23-auswaertstrikot-fuer-herren-weiss-trikotsatz\/","title":{"rendered":"AS Roma 2022-23 away kit for men white kit"},"content":{"rendered":"<p>Skuto\u010dn\u00ed fan\u00fa\u0161ikovia v\u017edy a v\u0161ade ukazuj\u00fa svoje nad\u0161enie \u2013 tento mimoriadne komfortn\u00fd model je nepostr\u00e1date\u013en\u00fdm doplnkom pre ka\u017ed\u00e9ho, kto chce uk\u00e1za\u0165 svoju l\u00e1sku k svojmu klubu. New Balance uv\u00e1dza so \u0161ortkami naozaj jedine\u010dn\u00fd produkt. Ka\u017ed\u00fd skuto\u010dn\u00fd fan\u00fa\u0161ik AS R\u00edm potrebuje tento vonkaj\u0161\u00ed dres, preto\u017ee ho nosia aj hr\u00e1\u010di v Serie A. Odpor\u00fa\u010dame tento pohodln\u00fd, priedu\u0161n\u00fd a \u013eahk\u00fd model s pr\u00edjemn\u00fdm pocitom pri nosen\u00ed. S t\u00fdmto dresom sa m\u00f4\u017eete ide\u00e1lne pripravi\u0165 na svojho \u010fal\u0161ieho s\u00fapera. Pod\u010diarkuje skvel\u00fd vzh\u013ead \u0161portov\u00e9ho topu klubov\u00fdm embl\u00e9mom na hrudi.<\/p>\n<p>Tipy na tla\u010d: Ak s\u00fa meno a \u010d\u00edslo na obr\u00e1zku presne tak\u00e9, ak\u00e9 chcete, nemus\u00edte ich zad\u00e1va\u0165 znova. Ak nie, mali by ste zada\u0165 po\u017eadovan\u00e9 meno a \u010d\u00edslo.<\/p>\n<p>Tipy na pranie: Odpor\u00fa\u010dame pra\u0165 futbalov\u00e9 tri\u010dk\u00e1 v ruke. Ak chcete pou\u017ei\u0165 pr\u00e1\u010dku, nezabudnite futbalov\u00e9 tri\u010dk\u00e1 oto\u010di\u0165 naruby a potom ich vypra\u0165. Napl\u0148te pr\u00e1\u010dku studenou vodou a pou\u017eite jemn\u00fd cyklus, aby ste lep\u0161ie ochr\u00e1nili farby.<\/p>","protected":false},"excerpt":{"rendered":"<p>Echte Fans zeigen ihre Begeisterung immer und \u00fcberall \u2013 das super bequeme Modell ist das unverzichtbare Zubeh\u00f6r f\u00fcr alle, die ihre Liebe zu ihrem Verein zeigen wollen. New Balance ver\u00f6ffentlicht mit dem Shirt ein wahrhaft einmaliges Produkt. Jeder echte AS Rom-Fan braucht dieses Ausw\u00e4rts-Shirt, denn auch die Spieler tragen es in der Serie A. Wir [&hellip;]<\/p>","protected":false},"featured_media":7921,"comment_status":"open","ping_status":"closed","template":"","meta":[],"product_brand":[],"product_cat":[85],"product_tag":[349,87,20,21,22,23,24],"class_list":{"0":"post-7880","1":"product","2":"type-product","3":"status-publish","4":"has-post-thumbnail","6":"product_cat-as-roma","7":"product_tag-as-roma-auswaertstrikot","8":"product_tag-as-roma-trikots","9":"product_tag-coole-fussballtrikots","10":"product_tag-fussballtrikot-fuer-herren","11":"product_tag-fussballtrikot-guenstig-kaufen","12":"product_tag-fussballtrikot-kurzarm","13":"product_tag-guenstiges-fussballtrikot","15":"first","16":"instock","17":"shipping-taxable","18":"purchasable","19":"product-type-variable"},"_links":{"self":[{"href":"https:\/\/www.billigtrikotde.com\/sk\/wp-json\/wp\/v2\/product\/7880","targetHints":{"allow":["GET"]}}],"collection":[{"href":"https:\/\/www.billigtrikotde.com\/sk\/wp-json\/wp\/v2\/product"}],"about":[{"href":"https:\/\/www.billigtrikotde.com\/sk\/wp-json\/wp\/v2\/types\/product"}],"replies":[{"embeddable":true,"href":"https:\/\/www.billigtrikotde.com\/sk\/wp-json\/wp\/v2\/comments?post=7880"}],"wp:featuredmedia":[{"embeddable":true,"href":"https:\/\/www.billigtrikotde.com\/sk\/wp-json\/wp\/v2\/media\/7921"}],"wp:attachment":[{"href":"https:\/\/www.billigtrikotde.com\/sk\/wp-json\/wp\/v2\/media?parent=7880"}],"wp:term":[{"taxonomy":"product_brand","embeddable":true,"href":"https:\/\/www.billigtrikotde.com\/sk\/wp-json\/wp\/v2\/product_brand?post=7880"},{"taxonomy":"product_cat","embeddable":true,"href":"https:\/\/www.billigtrikotde.com\/sk\/wp-json\/wp\/v2\/product_cat?post=7880"},{"taxonomy":"product_tag","embeddable":true,"href":"https:\/\/www.billigtrikotde.com\/sk\/wp-json\/wp\/v2\/product_tag?post=7880"}],"curies":[{"name":"wp","href":"https:\/\/api.w.org\/{rel}","templated":true}]}}