{"id":7794,"date":"2024-10-24T01:05:19","date_gmt":"2024-10-23T23:05:19","guid":{"rendered":"http:\/\/billigtrikots.com\/?post_type=product&#038;p=7794"},"modified":"2024-10-24T01:07:32","modified_gmt":"2024-10-23T23:07:32","slug":"fc-barcelona-2022-23-auswaertstrikot-goldene-away-shirt-fuer-herren-jordi-alba-18","status":"publish","type":"product","link":"https:\/\/www.billigtrikotde.com\/sk\/fc-barcelona-2022-23-auswaertstrikot-goldene-away-shirt-fuer-herren-jordi-alba-18\/","title":{"rendered":"FC Barcelona 2022-23 Vonkaj\u0161\u00ed dres zlat\u00fd Away Shirt pre mu\u017eov JORDI ALBA 18"},"content":{"rendered":"<p>Dres FC Barcelona 22-23 vonkaj\u0161\u00ed m\u00e1 zlat\u00fa z\u00e1kladn\u00fa farbu, ktor\u00e1 evokuje spomienky na za\u010diatky 2000-tych rokov. V\u0161etky log\u00e1 s\u00fa v tmavomodrej farbe.<\/p>\n<p>Farba a dizajn ruk\u00e1vov nov\u00e9ho dresu s\u00fa odkazom na zlat\u00e9 medaily, ktor\u00e9 z\u00edskavaj\u00fa \u0161portovci na olympijsk\u00fdch hr\u00e1ch, 30 rokov po tom, \u010do sa konali olympijsk\u00e9 hry v roku 1992 v Barcelone. Hry boli otvoren\u00e9 25. j\u00fala 1992. Okrem toho s\u00fa na man\u017eet\u00e1ch ruk\u00e1vov a na stutzoch vidite\u013en\u00e9 farby piatich olympijsk\u00fdch kruhov.<\/p>\n<p>Diskr\u00e9tny vzor, ktor\u00fd zobrazuje mapu mesta Barcelona, dop\u013a\u0148a celkov\u00fd vzh\u013ead. Ide o tla\u010d mestskej mapy, na ktorej s\u00fa okrem in\u00fdch ul\u00edc zobrazen\u00e9 aj nieko\u013eko mrie\u017eok domov\u00fdch blokov v \u0161tvrti L\u2019Eixample a na avenid\u011b Diagonal.<\/p>\n<p>Tipy na tla\u010d: Ak s\u00fa meno a \u010d\u00edslo na obr\u00e1zku presne tak\u00e9, ak\u00e9 chcete, nemus\u00edte ich zad\u00e1va\u0165 znova. Ak nie, mali by ste zada\u0165 po\u017eadovan\u00e9 meno a \u010d\u00edslo.<\/p>\n<p>Tipy na pranie: Odpor\u00fa\u010dame pra\u0165 futbalov\u00e9 tri\u010dk\u00e1 v ruke. Ak chcete pou\u017ei\u0165 pr\u00e1\u010dku, nezabudnite futbalov\u00e9 tri\u010dk\u00e1 oto\u010di\u0165 naruby a potom ich vypra\u0165. Napl\u0148te pr\u00e1\u010dku studenou vodou a pou\u017eite jemn\u00fd cyklus, aby ste lep\u0161ie ochr\u00e1nili farby.<\/p>","protected":false},"excerpt":{"rendered":"<p>Tri\u010dko FC Barcelona 22-23 vonkaj\u0161ie m\u00e1 z\u00e1kladn\u00fa farbu zlat\u00fa, ktor\u00e1 evokuje spomienky na za\u010diatky 2000-tych rokov. V\u0161etky log\u00e1 s\u00fa v tmavomodrej farbe. Farba a dizajn ruk\u00e1vov nov\u00e9ho tri\u010dka s\u00fa odkazom na zlat\u00e9 medaily, ktor\u00e9 z\u00edskali \u0161portovci na olympijsk\u00fdch hr\u00e1ch, 30 rokov po tom, \u010do sa olympijsk\u00e9 hry v roku 1992 konali v Barcelone [...]<\/p>","protected":false},"featured_media":7828,"comment_status":"open","ping_status":"closed","template":"","meta":[],"product_brand":[],"product_cat":[31],"product_tag":[20,346,33,21,22,23,24,345],"class_list":{"0":"post-7794","1":"product","2":"type-product","3":"status-publish","4":"has-post-thumbnail","6":"product_cat-fc-barcelona","7":"product_tag-coole-fussballtrikots","8":"product_tag-fc-barcelona-2022-23-trikot","9":"product_tag-fc-barcelona-trikots","10":"product_tag-fussballtrikot-fuer-herren","11":"product_tag-fussballtrikot-guenstig-kaufen","12":"product_tag-fussballtrikot-kurzarm","13":"product_tag-guenstiges-fussballtrikot","14":"product_tag-neuen-fc-barcelona-trikots","16":"first","17":"instock","18":"shipping-taxable","19":"purchasable","20":"product-type-variable"},"_links":{"self":[{"href":"https:\/\/www.billigtrikotde.com\/sk\/wp-json\/wp\/v2\/product\/7794","targetHints":{"allow":["GET"]}}],"collection":[{"href":"https:\/\/www.billigtrikotde.com\/sk\/wp-json\/wp\/v2\/product"}],"about":[{"href":"https:\/\/www.billigtrikotde.com\/sk\/wp-json\/wp\/v2\/types\/product"}],"replies":[{"embeddable":true,"href":"https:\/\/www.billigtrikotde.com\/sk\/wp-json\/wp\/v2\/comments?post=7794"}],"wp:featuredmedia":[{"embeddable":true,"href":"https:\/\/www.billigtrikotde.com\/sk\/wp-json\/wp\/v2\/media\/7828"}],"wp:attachment":[{"href":"https:\/\/www.billigtrikotde.com\/sk\/wp-json\/wp\/v2\/media?parent=7794"}],"wp:term":[{"taxonomy":"product_brand","embeddable":true,"href":"https:\/\/www.billigtrikotde.com\/sk\/wp-json\/wp\/v2\/product_brand?post=7794"},{"taxonomy":"product_cat","embeddable":true,"href":"https:\/\/www.billigtrikotde.com\/sk\/wp-json\/wp\/v2\/product_cat?post=7794"},{"taxonomy":"product_tag","embeddable":true,"href":"https:\/\/www.billigtrikotde.com\/sk\/wp-json\/wp\/v2\/product_tag?post=7794"}],"curies":[{"name":"wp","href":"https:\/\/api.w.org\/{rel}","templated":true}]}}