{"id":7414,"date":"2024-10-23T18:28:10","date_gmt":"2024-10-23T16:28:10","guid":{"rendered":"http:\/\/billigtrikots.com\/?post_type=product&#038;p=7414"},"modified":"2024-10-23T18:30:21","modified_gmt":"2024-10-23T16:30:21","slug":"kinder-heimtrikot-argentinien-wm-2022-weiss-blau-mit-aufdruck-gomez-17","status":"publish","type":"product","link":"https:\/\/www.billigtrikotde.com\/sk\/kinder-heimtrikot-argentinien-wm-2022-weiss-blau-mit-aufdruck-gomez-17\/","title":{"rendered":"Detsk\u00fd dom\u00e1ci dres Argent\u00edna Majstrovstv\u00e1 sveta 2022 bielo modr\u00fd s potla\u010dou GOMEZ 17"},"content":{"rendered":"<p>Nov\u00fd dres Argent\u00edny na rok 2022 je preva\u017ene biely s \u010diernymi logami \u2013 medzi nimi \u00faplne nov\u00e9 logo Adidas, ktor\u00e9 sa predstav\u00ed na futbalov\u00fdch dresoch MS 2022.<\/p>\n<p>Pruhy na novom drese Argent\u00edny na MS 2022 s\u00fa klasick\u00e9, ale iba na prednej strane. Pruhy na zadnej strane s\u00fa naozaj neobvykl\u00e9: namiesto rovnak\u00fdch \u0161\u00edrok s\u00fa tam dve ten\u0161ie oblohov\u00e9 modr\u00e9 pruhy uprostred a dva \u0161ir\u0161ie na okrajoch dresu. Tieto \u0161ir\u0161ie pruhy s\u00fa asi trikr\u00e1t tak\u00e9 \u0161irok\u00e9 ako pruhy uprostred.<\/p>\n<p>Mal by vyzera\u0165 ako argent\u00ednska vlajka. Rovnako ako na vlajke, na zadnej strane pod golierom je Sol de Mayo, argent\u00ednsky n\u00e1rodn\u00fd znak.<\/p>\n<p>\u010cierne nohavice a biele n\u00e1vleky dop\u013a\u0148aj\u00fa dres Argent\u00edny 2022.<\/p>\n<p>Tipy na tla\u010d: Ak s\u00fa meno a \u010d\u00edslo na obr\u00e1zku presne tak\u00e9, ak\u00e9 chcete, nemus\u00edte ich zad\u00e1va\u0165 znova. Ak nie, mali by ste zada\u0165 po\u017eadovan\u00e9 meno a \u010d\u00edslo.<\/p>\n<p>Tipy na pranie: Odpor\u00fa\u010dame pra\u0165 futbalov\u00e9 tri\u010dk\u00e1 v ruke. Ak chcete pou\u017ei\u0165 pr\u00e1\u010dku, nezabudnite futbalov\u00e9 tri\u010dk\u00e1 oto\u010di\u0165 naruby a potom ich vypra\u0165. Napl\u0148te pr\u00e1\u010dku studenou vodou a pou\u017eite jemn\u00fd cyklus, aby ste lep\u0161ie ochr\u00e1nili farby.<\/p>","protected":false},"excerpt":{"rendered":"<p>Argentiniens neues Trikot f\u00fcr 2022 ist \u00fcberwiegend wei\u00df mit schwarzen Logos \u2013 darunter das brandneue Adidas-Logo, das mit den WM-Trikots 2022 sein Fu\u00dfballdeb\u00fct feiert. Die Streifen auf dem neuen Argentinien WM 2022 Trikot sind klassisch, aber nur auf der Vorderseite. Die Streifen auf der R\u00fcckseite sind wirklich ungew\u00f6hnlich: Anstatt gleich breit zu sein, gibt es [&hellip;]<\/p>","protected":false},"featured_media":7453,"comment_status":"open","ping_status":"closed","template":"","meta":[],"product_brand":[],"product_cat":[325,91],"product_tag":[231,326,20,222,21,22,23,24,94],"class_list":{"0":"post-7414","1":"product","2":"type-product","3":"status-publish","4":"has-post-thumbnail","6":"product_cat-argentinien-trikots","7":"product_cat-kindertrikots","8":"product_tag-argentina-trikots","9":"product_tag-argentina-trikotsatz-fuer-kinder","10":"product_tag-coole-fussballtrikots","11":"product_tag-fussball-wm-2022-trikots","12":"product_tag-fussballtrikot-fuer-herren","13":"product_tag-fussballtrikot-guenstig-kaufen","14":"product_tag-fussballtrikot-kurzarm","15":"product_tag-guenstiges-fussballtrikot","16":"product_tag-kinder-fussball-trikotsatz","18":"first","19":"instock","20":"shipping-taxable","21":"purchasable","22":"product-type-variable"},"_links":{"self":[{"href":"https:\/\/www.billigtrikotde.com\/sk\/wp-json\/wp\/v2\/product\/7414","targetHints":{"allow":["GET"]}}],"collection":[{"href":"https:\/\/www.billigtrikotde.com\/sk\/wp-json\/wp\/v2\/product"}],"about":[{"href":"https:\/\/www.billigtrikotde.com\/sk\/wp-json\/wp\/v2\/types\/product"}],"replies":[{"embeddable":true,"href":"https:\/\/www.billigtrikotde.com\/sk\/wp-json\/wp\/v2\/comments?post=7414"}],"wp:featuredmedia":[{"embeddable":true,"href":"https:\/\/www.billigtrikotde.com\/sk\/wp-json\/wp\/v2\/media\/7453"}],"wp:attachment":[{"href":"https:\/\/www.billigtrikotde.com\/sk\/wp-json\/wp\/v2\/media?parent=7414"}],"wp:term":[{"taxonomy":"product_brand","embeddable":true,"href":"https:\/\/www.billigtrikotde.com\/sk\/wp-json\/wp\/v2\/product_brand?post=7414"},{"taxonomy":"product_cat","embeddable":true,"href":"https:\/\/www.billigtrikotde.com\/sk\/wp-json\/wp\/v2\/product_cat?post=7414"},{"taxonomy":"product_tag","embeddable":true,"href":"https:\/\/www.billigtrikotde.com\/sk\/wp-json\/wp\/v2\/product_tag?post=7414"}],"curies":[{"name":"wp","href":"https:\/\/api.w.org\/{rel}","templated":true}]}}