{"id":7366,"date":"2024-10-23T18:25:52","date_gmt":"2024-10-23T16:25:52","guid":{"rendered":"http:\/\/billigtrikots.com\/?post_type=product&#038;p=7366"},"modified":"2024-10-23T18:28:01","modified_gmt":"2024-10-23T16:28:01","slug":"kinder-fussballtrikots-ac-mailand-2022-23-heimtrikot-rot-schwarz-kessie-79","status":"publish","type":"product","link":"https:\/\/www.billigtrikotde.com\/sk\/kinder-fussballtrikots-ac-mailand-2022-23-heimtrikot-rot-schwarz-kessie-79\/","title":{"rendered":"Detsk\u00e9 futbalov\u00e9 tri\u010dk\u00e1 AC Milan 2022\/23 Home Shirt red black KESSIE 79"},"content":{"rendered":"<p>Objavte nov\u00e9 dom\u00e1ce\/trikot Milan 2022\/2023. Hrdinsky noste farby svojho ob\u013e\u00faben\u00e9ho t\u00edmu na ihrisku alebo vonku.<\/p>\n<p>Flexibiln\u00fd a \u013eahk\u00fd trikot s technol\u00f3giou Puma DryCELL, kus odevu, ktor\u00fd zabra\u0148uje prenikaniu potu po\u010das va\u0161ej hry alebo tr\u00e9ningu. Zosta\u0148te such\u00ed po va\u0161om zr\u00fdchlen\u00ed.<\/p>\n<p>Predstavte si, \u017ee by v\u00e1s fan\u00fa\u0161ikovia zo San Sira povzbudzovali po \u00fa\u017easnom g\u00f3le.<\/p>\n<p>Dres je in\u0161pirovan\u00fd dresom profesion\u00e1lneho t\u00edmu po\u010das z\u00e1pasov.<\/p>\n<p>ZOST\u00c1VAJTE SUCH\u00cd ZA TOHO TLAKU<\/p>\n<p>Je vyroben\u00fd z technol\u00f3gie Puma DryCELL a pom\u00e1ha absorbova\u0165 pot. Tak zostanete po\u010das n\u00e1mahy such\u00ed.<\/p>\n<p>Tipy na tla\u010d: Ak s\u00fa meno a \u010d\u00edslo na obr\u00e1zku presne tak\u00e9, ak\u00e9 chcete, nemus\u00edte ich zad\u00e1va\u0165 znova. Ak nie, mali by ste zada\u0165 po\u017eadovan\u00e9 meno a \u010d\u00edslo.<\/p>\n<p>Tipy na pranie: Odpor\u00fa\u010dame pra\u0165 futbalov\u00e9 tri\u010dk\u00e1 v ruke. Ak chcete pou\u017ei\u0165 pr\u00e1\u010dku, nezabudnite futbalov\u00e9 tri\u010dk\u00e1 oto\u010di\u0165 naruby a potom ich vypra\u0165. Napl\u0148te pr\u00e1\u010dku studenou vodou a pou\u017eite jemn\u00fd cyklus, aby ste lep\u0161ie ochr\u00e1nili farby.<\/p>","protected":false},"excerpt":{"rendered":"<p>Entdecke das neue Milan 2022\/2023 Heimtrikot . Tragen Sie stolz die Farben Ihres Lieblingsteams auf dem Platz oder drau\u00dfen. Ein flexibles und leichtes Trikot mit Puma DryCELL -Technologie, ein Kleidungsst\u00fcck, das das Eindringen von Schwei\u00df w\u00e4hrend Ihres Spiels oder Trainings verhindert. Bleiben Sie nach Ihren Beschleunigungen trocken. Stellen Sie sich vor, die Zuschauer von San [&hellip;]<\/p>","protected":false},"featured_media":7405,"comment_status":"open","ping_status":"closed","template":"","meta":[],"product_brand":[],"product_cat":[92],"product_tag":[25,93,20,21,23,24,94],"class_list":{"0":"post-7366","1":"product","2":"type-product","3":"status-publish","4":"has-post-thumbnail","6":"product_cat-ac-mailand-kindertrikot","7":"product_tag-ac-milan-heimtrikot","8":"product_tag-ac-milan-trikotsatz-fuer-kinder","9":"product_tag-coole-fussballtrikots","10":"product_tag-fussballtrikot-fuer-herren","11":"product_tag-fussballtrikot-kurzarm","12":"product_tag-guenstiges-fussballtrikot","13":"product_tag-kinder-fussball-trikotsatz","15":"first","16":"instock","17":"shipping-taxable","18":"purchasable","19":"product-type-variable"},"_links":{"self":[{"href":"https:\/\/www.billigtrikotde.com\/sk\/wp-json\/wp\/v2\/product\/7366","targetHints":{"allow":["GET"]}}],"collection":[{"href":"https:\/\/www.billigtrikotde.com\/sk\/wp-json\/wp\/v2\/product"}],"about":[{"href":"https:\/\/www.billigtrikotde.com\/sk\/wp-json\/wp\/v2\/types\/product"}],"replies":[{"embeddable":true,"href":"https:\/\/www.billigtrikotde.com\/sk\/wp-json\/wp\/v2\/comments?post=7366"}],"wp:featuredmedia":[{"embeddable":true,"href":"https:\/\/www.billigtrikotde.com\/sk\/wp-json\/wp\/v2\/media\/7405"}],"wp:attachment":[{"href":"https:\/\/www.billigtrikotde.com\/sk\/wp-json\/wp\/v2\/media?parent=7366"}],"wp:term":[{"taxonomy":"product_brand","embeddable":true,"href":"https:\/\/www.billigtrikotde.com\/sk\/wp-json\/wp\/v2\/product_brand?post=7366"},{"taxonomy":"product_cat","embeddable":true,"href":"https:\/\/www.billigtrikotde.com\/sk\/wp-json\/wp\/v2\/product_cat?post=7366"},{"taxonomy":"product_tag","embeddable":true,"href":"https:\/\/www.billigtrikotde.com\/sk\/wp-json\/wp\/v2\/product_tag?post=7366"}],"curies":[{"name":"wp","href":"https:\/\/api.w.org\/{rel}","templated":true}]}}