{"id":7284,"date":"2024-10-23T18:21:54","date_gmt":"2024-10-23T16:21:54","guid":{"rendered":"http:\/\/billigtrikots.com\/?post_type=product&#038;p=7284"},"modified":"2024-10-23T18:24:03","modified_gmt":"2024-10-23T16:24:03","slug":"herren-castore-wolverhampton-wanderers-f-c-2022-23-heimtrikot-gelb-trikotsatz-raul-9","status":"publish","type":"product","link":"https:\/\/www.billigtrikotde.com\/sk\/herren-castore-wolverhampton-wanderers-f-c-2022-23-heimtrikot-gelb-trikotsatz-raul-9\/","title":{"rendered":"Castore Wolverhampton Wanderers F.C. 2022-23 Home Jersey Yellow Kit RAUL 9"},"content":{"rendered":"<p>Tento dres Castore s starozlat\u00fdmi dresmi a stutami a \u010diernymi \u0161ortkami bol op\u00e4\u0165 starostlivo doladen\u00fd k nerozpoznate\u013enej farbe Pantone klubu. Po detailnom laden\u00ed farieb a farben\u00ed bol op\u00e4\u0165 dosiahnut\u00fd prav\u00fd Wolves Gold, zatia\u013e \u010do matn\u00fd leskl\u00fd materi\u00e1l na zadnej strane napodob\u0148uje tok a pohyb na ihrisku a golierov\u00e1 p\u00e1ska prid\u00e1va osobnej\u0161\u00ed n\u00e1dych.<\/p>\n<p>Tipy na tla\u010d: Ak s\u00fa meno a \u010d\u00edslo na obr\u00e1zku presne tak\u00e9, ak\u00e9 chcete, nemus\u00edte ich zad\u00e1va\u0165 znova. Ak nie, mali by ste zada\u0165 po\u017eadovan\u00e9 meno a \u010d\u00edslo.<\/p>\n<p>Tipy na pranie: Odpor\u00fa\u010dame pra\u0165 futbalov\u00e9 tri\u010dk\u00e1 v ruke. Ak chcete pou\u017ei\u0165 pr\u00e1\u010dku, nezabudnite futbalov\u00e9 tri\u010dk\u00e1 oto\u010di\u0165 naruby a potom ich vypra\u0165. Napl\u0148te pr\u00e1\u010dku studenou vodou a pou\u017eite jemn\u00fd cyklus, aby ste lep\u0161ie ochr\u00e1nili farby.<\/p>","protected":false},"excerpt":{"rendered":"<p>Tento dres Castore s starozlat\u00fdmi dresmi a stutami a \u010diernymi \u0161ortkami bol op\u00e4\u0165 starostlivo doladen\u00fd k nerozpoznate\u013enej farbe Pantone klubu. Po detailnom laden\u00ed farieb a farben\u00ed bol op\u00e4\u0165 dosiahnut\u00fd prav\u00fd Wolves Gold, zatia\u013e \u010do matn\u00fd leskl\u00fd materi\u00e1l na zadnej strane napodob\u0148uje tok a pohyb na ihrisku a golierov\u00e1 p\u00e1ska prid\u00e1va osobnej\u0161\u00ed n\u00e1dych.<\/p>","protected":false},"featured_media":7322,"comment_status":"open","ping_status":"closed","template":"","meta":[],"product_brand":[],"product_cat":[69],"product_tag":[20,70,21,22,23,24,71],"class_list":{"0":"post-7284","1":"product","2":"type-product","3":"status-publish","4":"has-post-thumbnail","6":"product_cat-wolverhampton-wanderers","7":"product_tag-coole-fussballtrikots","8":"product_tag-castore-wolves-heimtrikot","9":"product_tag-fussballtrikot-fuer-herren","10":"product_tag-fussballtrikot-guenstig-kaufen","11":"product_tag-fussballtrikot-kurzarm","12":"product_tag-guenstiges-fussballtrikot","13":"product_tag-wolverhampton-wanderers-trikots","15":"first","16":"instock","17":"shipping-taxable","18":"purchasable","19":"product-type-variable"},"_links":{"self":[{"href":"https:\/\/www.billigtrikotde.com\/sk\/wp-json\/wp\/v2\/product\/7284","targetHints":{"allow":["GET"]}}],"collection":[{"href":"https:\/\/www.billigtrikotde.com\/sk\/wp-json\/wp\/v2\/product"}],"about":[{"href":"https:\/\/www.billigtrikotde.com\/sk\/wp-json\/wp\/v2\/types\/product"}],"replies":[{"embeddable":true,"href":"https:\/\/www.billigtrikotde.com\/sk\/wp-json\/wp\/v2\/comments?post=7284"}],"wp:featuredmedia":[{"embeddable":true,"href":"https:\/\/www.billigtrikotde.com\/sk\/wp-json\/wp\/v2\/media\/7322"}],"wp:attachment":[{"href":"https:\/\/www.billigtrikotde.com\/sk\/wp-json\/wp\/v2\/media?parent=7284"}],"wp:term":[{"taxonomy":"product_brand","embeddable":true,"href":"https:\/\/www.billigtrikotde.com\/sk\/wp-json\/wp\/v2\/product_brand?post=7284"},{"taxonomy":"product_cat","embeddable":true,"href":"https:\/\/www.billigtrikotde.com\/sk\/wp-json\/wp\/v2\/product_cat?post=7284"},{"taxonomy":"product_tag","embeddable":true,"href":"https:\/\/www.billigtrikotde.com\/sk\/wp-json\/wp\/v2\/product_tag?post=7284"}],"curies":[{"name":"wp","href":"https:\/\/api.w.org\/{rel}","templated":true}]}}