{"id":7224,"date":"2024-10-23T18:19:01","date_gmt":"2024-10-23T16:19:01","guid":{"rendered":"http:\/\/billigtrikots.com\/?post_type=product&#038;p=7224"},"modified":"2024-10-23T18:21:08","modified_gmt":"2024-10-23T16:21:08","slug":"neues-kinder-chelsea-fc-2022-23-heimtrikot-blau-trikotsatz-mit-aufdruck-werner-11","status":"publish","type":"product","link":"https:\/\/www.billigtrikotde.com\/sk\/neues-kinder-chelsea-fc-2022-23-heimtrikot-blau-trikotsatz-mit-aufdruck-werner-11\/","title":{"rendered":"Nov\u00e1 detsk\u00e1 dom\u00e1ca s\u00faprava Chelsea FC 2022\/23 modr\u00fd dres s potla\u010dou WERNER 11"},"content":{"rendered":"<p>Ako aj in\u00e9 dresy z na\u0161ej kolekcie Stadium, aj tento dres kombinuje napodobnen\u00e9 dizajnov\u00e9 detaily s technol\u00f3giou odv\u00e1dzaj\u00facou pot, aby v\u00e1m poskytol vzh\u013ead pripraven\u00fd na z\u00e1pas, in\u0161pirovan\u00fd va\u0161\u00edm ob\u013e\u00faben\u00fdm t\u00edmom. Tento produkt je vyroben\u00fd zo 100 % recyklovan\u00fdch polyesterov\u00fdch vl\u00e1kien.<br \/>\nDres je v charakteristickej dom\u00e1cej modrej farbe \u0161es\u0165n\u00e1sobn\u00e9ho v\u00ed\u0165aza anglickej Premier League a dvojn\u00e1sobn\u00e9ho v\u00ed\u0165aza Ligy majstrov UEFA. Je poctou legend\u00e1rnemu mana\u017e\u00e9rovi Chelsea FC, Tedovi Drakeovi. S\u00fa\u010das\u0165ou je aj prez\u00fdvka CFC \u201eThe Blues\u201c na detailoch gomb\u00edka ko\u0161ele. Drake inicioval zavedenie tejto prez\u00fdvky namiesto predch\u00e1dzaj\u00faceho neform\u00e1lneho n\u00e1zvu klubu \u201eThe Pensioners\u201c. Mu\u017esk\u00fd t\u00edm Chelsea predstav\u00ed svoj dom\u00e1ci dres na sez\u00f3nu 22\/23 po\u010das nadch\u00e1dzaj\u00faceho turn\u00e9 po USA. Blues sa stretn\u00fa s Club America, Charlotte FC a Arsenalom, pri\u010dom sa pripravuj\u00fa na svoju prv\u00fa sez\u00f3nu pod americk\u00fdm veden\u00edm.<\/p>\n<p>Tipy na tla\u010d: Ak s\u00fa meno a \u010d\u00edslo na obr\u00e1zku presne tak\u00e9, ak\u00e9 chcete, nemus\u00edte ich zad\u00e1va\u0165 znova. Ak nie, mali by ste zada\u0165 po\u017eadovan\u00e9 meno a \u010d\u00edslo.<\/p>\n<p>Tipy na pranie: Odpor\u00fa\u010dame pra\u0165 futbalov\u00e9 tri\u010dk\u00e1 v ruke. Ak chcete pou\u017ei\u0165 pr\u00e1\u010dku, nezabudnite futbalov\u00e9 tri\u010dk\u00e1 oto\u010di\u0165 naruby a potom ich vypra\u0165. Napl\u0148te pr\u00e1\u010dku studenou vodou a pou\u017eite jemn\u00fd cyklus, aby ste lep\u0161ie ochr\u00e1nili farby.<\/p>","protected":false},"excerpt":{"rendered":"<p>Ako aj \u010fal\u0161ie dresy z na\u0161ej kolekcie Stadium, aj tento dres sp\u00e1ja napodoben\u00e9 dizajnov\u00e9 detaily s technol\u00f3giou odv\u00e1dzaj\u00facou pot, aby v\u00e1m poskytol vyzeraj\u00faci na ihrisku, in\u0161pirovan\u00fd va\u0161\u00edm ob\u013e\u00faben\u00fdm t\u00edmom. Tento produkt je zo 100 % recyklovan\u00fdch polyesterov\u00fdch vl\u00e1kien. Dres je v charakteristickej dom\u00e1cej modrej farbe \u0161estn\u00e1sobn\u00e9ho v\u00ed\u0165aza anglickej Premier League a dvojn\u00e1sobn\u00e9ho v\u00ed\u0165aza [\u2026]<\/p>","protected":false},"featured_media":7262,"comment_status":"open","ping_status":"closed","template":"","meta":[],"product_brand":[],"product_cat":[162],"product_tag":[20,311,164,73,163,21,22,23,24,94],"class_list":{"0":"post-7224","1":"product","2":"type-product","3":"status-publish","4":"has-post-thumbnail","6":"product_cat-chelsea-kindertrikot","7":"product_tag-coole-fussballtrikots","8":"product_tag-chelsea-fc-2022-23-kinder-trikot","9":"product_tag-chelsea-heimtrikot","10":"product_tag-chelsea-trikots","11":"product_tag-chelsea-trikotsatz-fuer-kinder","12":"product_tag-fussballtrikot-fuer-herren","13":"product_tag-fussballtrikot-guenstig-kaufen","14":"product_tag-fussballtrikot-kurzarm","15":"product_tag-guenstiges-fussballtrikot","16":"product_tag-kinder-fussball-trikotsatz","18":"first","19":"instock","20":"shipping-taxable","21":"purchasable","22":"product-type-variable"},"_links":{"self":[{"href":"https:\/\/www.billigtrikotde.com\/sk\/wp-json\/wp\/v2\/product\/7224","targetHints":{"allow":["GET"]}}],"collection":[{"href":"https:\/\/www.billigtrikotde.com\/sk\/wp-json\/wp\/v2\/product"}],"about":[{"href":"https:\/\/www.billigtrikotde.com\/sk\/wp-json\/wp\/v2\/types\/product"}],"replies":[{"embeddable":true,"href":"https:\/\/www.billigtrikotde.com\/sk\/wp-json\/wp\/v2\/comments?post=7224"}],"wp:featuredmedia":[{"embeddable":true,"href":"https:\/\/www.billigtrikotde.com\/sk\/wp-json\/wp\/v2\/media\/7262"}],"wp:attachment":[{"href":"https:\/\/www.billigtrikotde.com\/sk\/wp-json\/wp\/v2\/media?parent=7224"}],"wp:term":[{"taxonomy":"product_brand","embeddable":true,"href":"https:\/\/www.billigtrikotde.com\/sk\/wp-json\/wp\/v2\/product_brand?post=7224"},{"taxonomy":"product_cat","embeddable":true,"href":"https:\/\/www.billigtrikotde.com\/sk\/wp-json\/wp\/v2\/product_cat?post=7224"},{"taxonomy":"product_tag","embeddable":true,"href":"https:\/\/www.billigtrikotde.com\/sk\/wp-json\/wp\/v2\/product_tag?post=7224"}],"curies":[{"name":"wp","href":"https:\/\/api.w.org\/{rel}","templated":true}]}}