{"id":7150,"date":"2024-10-23T18:15:40","date_gmt":"2024-10-23T16:15:40","guid":{"rendered":"http:\/\/billigtrikots.com\/?post_type=product&#038;p=7150"},"modified":"2024-11-18T15:48:08","modified_gmt":"2024-11-18T14:48:08","slug":"ajax-amsterdam-heimtrikot-2022-23-weiss-rot-trikotsatz-kurzarm-kurze-hosen-herren","status":"publish","type":"product","link":"https:\/\/www.billigtrikotde.com\/sk\/ajax-amsterdam-heimtrikot-2022-23-weiss-rot-trikotsatz-kurzarm-kurze-hosen-herren\/","title":{"rendered":"Ajax Bob Marley Jersey K\u00fapi\u0165 2022\/23 biela \u010derven\u00e1 \u0160ortky + \u0160ortky P\u00e1nska s\u00faprava"},"content":{"rendered":"<p>Farby komunity. Reinterpretovan\u00e1 verzia jedn\u00e9ho z najlegend\u00e1rnej\u0161\u00edch futbalov\u00fdch klubov je in\u0161pirovan\u00e1 amsterdamskou vlajkou. Tento dom\u00e1ci dres Ajaxu Amsterdam, ktor\u00fd je ur\u010den\u00fd na ulicu aj na ihrisko, v\u00e1m pon\u00faka v\u00fdnimo\u010dn\u00e9 pohodlie v\u010faka m\u00e4kkej tkanine odv\u00e1dzaj\u00facej pot. N\u00e1pis \"XXX\" mu dod\u00e1va kone\u010dn\u00fa podobu.<\/p>\n<p>Tipy na tla\u010d: Ak s\u00fa meno a \u010d\u00edslo na obr\u00e1zku presne tak\u00e9, ak\u00e9 chcete, nemus\u00edte ich zad\u00e1va\u0165 znova. Ak nie, mali by ste zada\u0165 po\u017eadovan\u00e9 meno a \u010d\u00edslo.<\/p>\n<p>Tipy na pranie: Odpor\u00fa\u010dame pra\u0165 futbalov\u00e9 tri\u010dk\u00e1 v ruke. Ak chcete pou\u017ei\u0165 pr\u00e1\u010dku, nezabudnite futbalov\u00e9 tri\u010dk\u00e1 oto\u010di\u0165 naruby a potom ich vypra\u0165. Napl\u0148te pr\u00e1\u010dku studenou vodou a pou\u017eite jemn\u00fd cyklus, aby ste lep\u0161ie ochr\u00e1nili farby.<\/p>","protected":false},"excerpt":{"rendered":"<p>Farby komunity. Nov\u00e1 interpretovan\u00e1 verzia jedn\u00e9ho z legend\u00e1rnych klubov futbalu je in\u0161pirovan\u00e1 amsterdamskou vlajkou. Navrhnut\u00fd pre ulicu aj tr\u00e1vnik, tento dom\u00e1ci dres Ajax Amsterdam v\u00e1m poskytuje v\u00fdnimo\u010dn\u00fd komfort v\u010faka m\u00e4kkej, v\u00f4d vode odpudivej tkanine, text \u201eXXX\u201c uzatv\u00e1raj\u00faci celok. Tipy pre tla\u010d: Ak je meno a \u2026<\/p>","protected":false},"featured_media":7189,"comment_status":"open","ping_status":"closed","template":"","meta":[],"product_brand":[],"product_cat":[299],"product_tag":[1372,301,20,21,22,23,24],"class_list":{"0":"post-7150","1":"product","2":"type-product","3":"status-publish","4":"has-post-thumbnail","6":"product_cat-afc-ajax","7":"product_tag-ajax-amsterdam-trikot","8":"product_tag-ajax-trikots","9":"product_tag-coole-fussballtrikots","10":"product_tag-fussballtrikot-fuer-herren","11":"product_tag-fussballtrikot-guenstig-kaufen","12":"product_tag-fussballtrikot-kurzarm","13":"product_tag-guenstiges-fussballtrikot","15":"first","16":"instock","17":"shipping-taxable","18":"purchasable","19":"product-type-variable"},"_links":{"self":[{"href":"https:\/\/www.billigtrikotde.com\/sk\/wp-json\/wp\/v2\/product\/7150","targetHints":{"allow":["GET"]}}],"collection":[{"href":"https:\/\/www.billigtrikotde.com\/sk\/wp-json\/wp\/v2\/product"}],"about":[{"href":"https:\/\/www.billigtrikotde.com\/sk\/wp-json\/wp\/v2\/types\/product"}],"replies":[{"embeddable":true,"href":"https:\/\/www.billigtrikotde.com\/sk\/wp-json\/wp\/v2\/comments?post=7150"}],"wp:featuredmedia":[{"embeddable":true,"href":"https:\/\/www.billigtrikotde.com\/sk\/wp-json\/wp\/v2\/media\/7189"}],"wp:attachment":[{"href":"https:\/\/www.billigtrikotde.com\/sk\/wp-json\/wp\/v2\/media?parent=7150"}],"wp:term":[{"taxonomy":"product_brand","embeddable":true,"href":"https:\/\/www.billigtrikotde.com\/sk\/wp-json\/wp\/v2\/product_brand?post=7150"},{"taxonomy":"product_cat","embeddable":true,"href":"https:\/\/www.billigtrikotde.com\/sk\/wp-json\/wp\/v2\/product_cat?post=7150"},{"taxonomy":"product_tag","embeddable":true,"href":"https:\/\/www.billigtrikotde.com\/sk\/wp-json\/wp\/v2\/product_tag?post=7150"}],"curies":[{"name":"wp","href":"https:\/\/api.w.org\/{rel}","templated":true}]}}