{"id":71,"date":"2024-10-23T12:04:06","date_gmt":"2024-10-23T10:04:06","guid":{"rendered":"http:\/\/billigtrikots.com\/?post_type=product&#038;p=71"},"modified":"2024-10-23T12:05:14","modified_gmt":"2024-10-23T10:05:14","slug":"auswaertstrikot-ac-mailand-2021-22-beige-rot-kurzarm-kurze-hosen-mit-aufdruck-ronaldinho-80","status":"publish","type":"product","link":"https:\/\/www.billigtrikotde.com\/sk\/auswaertstrikot-ac-mailand-2021-22-beige-rot-kurzarm-kurze-hosen-mit-aufdruck-ronaldinho-80\/","title":{"rendered":"V\u00fdjazdov\u00e1 s\u00faprava AC Milan 2021\/22 b\u00e9\u017eovo-\u010derven\u00e1 s kr\u00e1tkym ruk\u00e1vom + \u0161ortky s potla\u010dou Ronaldinho 80"},"content":{"rendered":"<p>Toto tri\u010dko AC Mil\u00e1no nie je len pocta jedn\u00e9mu z najlep\u0161\u00edch t\u00edmov Talianska, nie, je to aj pocta jedn\u00e9mu z najlep\u0161\u00edch t\u00edmov na svete.<\/p>\n<p>Osobitne oslavuje program s n\u00e1zvom Sport for Change, ktor\u00fd podporuje projekty vyu\u017e\u00edvaj\u00face \u0161port a \u0161portov\u00e9 hodnoty na pomoc ml\u00e1de\u017ei v n\u00fadzi. Okrem toho je to jednoducho skvel\u00e9 futbalov\u00e9 tri\u010dko. M\u00e1 technol\u00f3giu odv\u00e1dzaj\u00facu vlhkos\u0165 dryCELL, zauj\u00edmav\u00e9 kontrastn\u00e9 farby a samozrejme ikonick\u00e9 logo AC Mil\u00e1no a Puma Cat logo na hrudi.<\/p>\n<p>Tipy na tla\u010d: Ak s\u00fa meno a \u010d\u00edslo na obr\u00e1zku presne tak\u00e9, ak\u00e9 chcete, nemus\u00edte ich zad\u00e1va\u0165 znova. Ak nie, mali by ste zada\u0165 po\u017eadovan\u00e9 meno a \u010d\u00edslo.<\/p>\n<p>Tipy na pranie: Odpor\u00fa\u010dame pra\u0165 futbalov\u00e9 tri\u010dk\u00e1 v ruke. Ak chcete pou\u017ei\u0165 pr\u00e1\u010dku, nezabudnite futbalov\u00e9 tri\u010dk\u00e1 oto\u010di\u0165 naruby a potom ich vypra\u0165. Napl\u0148te pr\u00e1\u010dku studenou vodou a pou\u017eite jemn\u00fd cyklus, aby ste lep\u0161ie ochr\u00e1nili farby.<\/p>","protected":false},"excerpt":{"rendered":"<p>Dieses AC Mailand Trikot ist nicht nur eine Hommage an eines der besten Teams Italiens, nein, an eines der besten Teams der Welt. Es feiert auch ein Programm namens Sport for Change, das Projekte unterst\u00fctzt, die Sport und sportliche Werte nutzen, um Jugendlichen in Not zu helfen. \u00dcber all das hinaus, ist es einfach ein [&hellip;]<\/p>","protected":false},"featured_media":103,"comment_status":"open","ping_status":"closed","template":"","meta":[],"product_brand":[],"product_cat":[15],"product_tag":[19,20,21,22,23,24],"class_list":{"0":"post-71","1":"product","2":"type-product","3":"status-publish","4":"has-post-thumbnail","6":"product_cat-unkategorisiert","7":"product_tag-ac-milan-auswaertstrikot","8":"product_tag-coole-fussballtrikots","9":"product_tag-fussballtrikot-fuer-herren","10":"product_tag-fussballtrikot-guenstig-kaufen","11":"product_tag-fussballtrikot-kurzarm","12":"product_tag-guenstiges-fussballtrikot","14":"first","15":"instock","16":"shipping-taxable","17":"purchasable","18":"product-type-variable"},"_links":{"self":[{"href":"https:\/\/www.billigtrikotde.com\/sk\/wp-json\/wp\/v2\/product\/71","targetHints":{"allow":["GET"]}}],"collection":[{"href":"https:\/\/www.billigtrikotde.com\/sk\/wp-json\/wp\/v2\/product"}],"about":[{"href":"https:\/\/www.billigtrikotde.com\/sk\/wp-json\/wp\/v2\/types\/product"}],"replies":[{"embeddable":true,"href":"https:\/\/www.billigtrikotde.com\/sk\/wp-json\/wp\/v2\/comments?post=71"}],"wp:featuredmedia":[{"embeddable":true,"href":"https:\/\/www.billigtrikotde.com\/sk\/wp-json\/wp\/v2\/media\/103"}],"wp:attachment":[{"href":"https:\/\/www.billigtrikotde.com\/sk\/wp-json\/wp\/v2\/media?parent=71"}],"wp:term":[{"taxonomy":"product_brand","embeddable":true,"href":"https:\/\/www.billigtrikotde.com\/sk\/wp-json\/wp\/v2\/product_brand?post=71"},{"taxonomy":"product_cat","embeddable":true,"href":"https:\/\/www.billigtrikotde.com\/sk\/wp-json\/wp\/v2\/product_cat?post=71"},{"taxonomy":"product_tag","embeddable":true,"href":"https:\/\/www.billigtrikotde.com\/sk\/wp-json\/wp\/v2\/product_tag?post=71"}],"curies":[{"name":"wp","href":"https:\/\/api.w.org\/{rel}","templated":true}]}}