{"id":7098,"date":"2024-10-23T18:13:23","date_gmt":"2024-10-23T16:13:23","guid":{"rendered":"http:\/\/billigtrikots.com\/?post_type=product&#038;p=7098"},"modified":"2024-10-23T18:15:00","modified_gmt":"2024-10-23T16:15:00","slug":"herren-inter-mailand-22-23-auswaertstrikot-deutschland-weiss-kurzarm-kurze-hosen-young-15","status":"publish","type":"product","link":"https:\/\/www.billigtrikotde.com\/sk\/herren-inter-mailand-22-23-auswaertstrikot-deutschland-weiss-kurzarm-kurze-hosen-young-15\/","title":{"rendered":"P\u00e1nsky dres Inter Milan 22-23 Away Jersey Germany White kr\u00e1tky ruk\u00e1v + \u0161ortky YOUNG 15"},"content":{"rendered":"<p>Dres Nike Inter 22-23 kombinuje biely z\u00e1kladn\u00fd materi\u00e1l s \"Light Aqua\" pre celoplo\u0161n\u00fa grafiku a \u010diernu farbu pre log\u00e1 zna\u010dky a sponzora vr\u00e1tane erbu Interu, ktor\u00fd bol prefarben\u00fd do tyrkysovej a bielej farby s \u010diernym okrajom, aby zodpovedal farebnej sch\u00e9me cel\u00e9ho dresu.<\/p>\n<p>Najv\u00fdraznej\u0161\u00edm prvkom novej s\u00fapravy Inter 22 je ur\u010dite grafika, ktor\u00e1 pri bli\u017e\u0161om poh\u013eade zobrazuje mapu sveta s Talianskom a Mil\u00e1nom priamo pod klubov\u00fdm znakom. Ide o poklonu hist\u00f3rii Interu ako klubu, ktor\u00fd v\u017edy prij\u00edmal Talianov aj zahrani\u010dn\u00fdch hr\u00e1\u010dov bez obmedzen\u00ed, a v\u00fdjazdov\u00e1 s\u00faprava Inter 22-23 bude k dispoz\u00edcii od za\u010diatku septembra 2022.<\/p>\n<p>Dres Nike Inter 22-23 Away kombinuje biely z\u00e1klad s \"Light Aqua\" pre celoplo\u0161n\u00fa grafiku a \u010diernu farbu pre log\u00e1 zna\u010dky a sponzora.<\/p>\n<p>Tipy na tla\u010d: Ak s\u00fa meno a \u010d\u00edslo na obr\u00e1zku presne tak\u00e9, ak\u00e9 chcete, nemus\u00edte ich zad\u00e1va\u0165 znova. Ak nie, mali by ste zada\u0165 po\u017eadovan\u00e9 meno a \u010d\u00edslo.<\/p>\n<p>Tipy na pranie: Odpor\u00fa\u010dame pra\u0165 futbalov\u00e9 tri\u010dk\u00e1 v ruke. Ak chcete pou\u017ei\u0165 pr\u00e1\u010dku, nezabudnite futbalov\u00e9 tri\u010dk\u00e1 oto\u010di\u0165 naruby a potom ich vypra\u0165. Napl\u0148te pr\u00e1\u010dku studenou vodou a pou\u017eite jemn\u00fd cyklus, aby ste lep\u0161ie ochr\u00e1nili farby.<\/p>","protected":false},"excerpt":{"rendered":"<p>Nike Inter 22-23 OUTing triko kombinuje biely z\u00e1kladn\u00fd materi\u00e1l s \u201eLight Aqua\u201c pre all-over grafiku a \u010diernu pre zna\u010dkov\u00e9 a sponzorov\u00e9 log\u00e1. Patr\u00ed k tomu tie\u017e Inter-Wappen, ktor\u00fd bol prefarben\u00fd do tyrkysovej a bielej s \u010diernym obrysom, zodpovedaj\u00faci farebn\u00e9mu sch\u00e9matu cel\u00e9ho dresu. Najn\u00e1padnej\u0161\u00edm prvkom nov\u00e9ho Inter 22-OUTing dresu je ur\u010dite grafika, ktor\u00e1 [\u2026]<\/p>","protected":false},"featured_media":7131,"comment_status":"open","ping_status":"closed","template":"","meta":[],"product_brand":[],"product_cat":[77],"product_tag":[20,21,22,23,24,298,78],"class_list":{"0":"post-7098","1":"product","2":"type-product","3":"status-publish","4":"has-post-thumbnail","6":"product_cat-inter-milan","7":"product_tag-coole-fussballtrikots","8":"product_tag-fussballtrikot-fuer-herren","9":"product_tag-fussballtrikot-guenstig-kaufen","10":"product_tag-fussballtrikot-kurzarm","11":"product_tag-guenstiges-fussballtrikot","12":"product_tag-inter-mailand-22-23-auswaertstrikot","13":"product_tag-inter-milan-trikots","15":"first","16":"instock","17":"shipping-taxable","18":"purchasable","19":"product-type-variable"},"_links":{"self":[{"href":"https:\/\/www.billigtrikotde.com\/sk\/wp-json\/wp\/v2\/product\/7098","targetHints":{"allow":["GET"]}}],"collection":[{"href":"https:\/\/www.billigtrikotde.com\/sk\/wp-json\/wp\/v2\/product"}],"about":[{"href":"https:\/\/www.billigtrikotde.com\/sk\/wp-json\/wp\/v2\/types\/product"}],"replies":[{"embeddable":true,"href":"https:\/\/www.billigtrikotde.com\/sk\/wp-json\/wp\/v2\/comments?post=7098"}],"wp:featuredmedia":[{"embeddable":true,"href":"https:\/\/www.billigtrikotde.com\/sk\/wp-json\/wp\/v2\/media\/7131"}],"wp:attachment":[{"href":"https:\/\/www.billigtrikotde.com\/sk\/wp-json\/wp\/v2\/media?parent=7098"}],"wp:term":[{"taxonomy":"product_brand","embeddable":true,"href":"https:\/\/www.billigtrikotde.com\/sk\/wp-json\/wp\/v2\/product_brand?post=7098"},{"taxonomy":"product_cat","embeddable":true,"href":"https:\/\/www.billigtrikotde.com\/sk\/wp-json\/wp\/v2\/product_cat?post=7098"},{"taxonomy":"product_tag","embeddable":true,"href":"https:\/\/www.billigtrikotde.com\/sk\/wp-json\/wp\/v2\/product_tag?post=7098"}],"curies":[{"name":"wp","href":"https:\/\/api.w.org\/{rel}","templated":true}]}}