{"id":7016,"date":"2024-10-23T18:09:32","date_gmt":"2024-10-23T16:09:32","guid":{"rendered":"http:\/\/billigtrikots.com\/?post_type=product&#038;p=7016"},"modified":"2024-10-23T18:11:36","modified_gmt":"2024-10-23T16:11:36","slug":"herren-inter-mailand-2022-2023-heimtrikot-blau-trikotsatz-online-bestellen-mit-aufdruck-lautaro-10","status":"publish","type":"product","link":"https:\/\/www.billigtrikotde.com\/sk\/herren-inter-mailand-2022-2023-heimtrikot-blau-trikotsatz-online-bestellen-mit-aufdruck-lautaro-10\/","title":{"rendered":"Inter Milan 2022-2023 Home Jersey Blue Jersey Online Order with print LAUTARO 10"},"content":{"rendered":"<p>Na novom Nike Inter Mil\u00e1no dres 2022-2023 je ofici\u00e1lna zna\u010dka v\u00ed\u0165aza Coppa Italia, Coccarda, nezvy\u010dajne umiestnen\u00e1. V Taliansku m\u00e1 v\u00ed\u0165az n\u00e1rodn\u00e9ho poh\u00e1ra (Coppa Italia) pr\u00e1vo nosi\u0165 \u201eCoccardu\u201c v nasleduj\u00facej sez\u00f3ne. Coccarda (ru\u017ea) je okr\u00fahly odznak v sl\u00e1vnej talianskej trikol\u00f3re. Coccarda je umiestnen\u00e1 v pravom hornom rohu. Av\u0161ak nie je umiestnen\u00e1 symetricky nad Swooshom, ale posunut\u00e1. Sez\u00f3na pre neobvykl\u00e9 umiestnenie je pravdepodobne \u0161abl\u00f3na s rol\u00e1kov\u00fdm golierom. Urobili sme dve \u00fapravy v umiestnen\u00ed Coccardy. Jedna symetricky nad Swooshom, druh\u00e1 v strede.<br \/>\nV ofici\u00e1lnych predpisoch v\u00fdstroje Serie A nie je ur\u010den\u00e9 umiestnenie Coccardy a Scudetta (odznak v\u00ed\u0165aza Serie A). T\u00edmy m\u00f4\u017eu oba odznaky umiestni\u0165 kdeko\u013evek na dres, aj do stredu. Inter sa mo\u017eno rozhodol nezumies\u0165ova\u0165 Coccardu do stredu, aby sa predi\u0161lo z\u00e1mene so Scudettom (odznak v\u00ed\u0165aza Serie A), ktor\u00fd je tradi\u010dne umiestnen\u00fd v strede. V rokoch, ke\u010f Juventus vyhral s\u00fa\u010dasne Serie A aj Coppa Italia, bol odznak umiestnen\u00fd nad logom Adidas a druh\u00fd nad erbom.<\/p>\n<p>Tipy na tla\u010d: Ak s\u00fa meno a \u010d\u00edslo na obr\u00e1zku presne tak\u00e9, ak\u00e9 chcete, nemus\u00edte ich zad\u00e1va\u0165 znova. Ak nie, mali by ste zada\u0165 po\u017eadovan\u00e9 meno a \u010d\u00edslo.<\/p>\n<p>Tipy na pranie: Odpor\u00fa\u010dame pra\u0165 futbalov\u00e9 tri\u010dk\u00e1 v ruke. Ak chcete pou\u017ei\u0165 pr\u00e1\u010dku, nezabudnite futbalov\u00e9 tri\u010dk\u00e1 oto\u010di\u0165 naruby a potom ich vypra\u0165. Napl\u0148te pr\u00e1\u010dku studenou vodou a pou\u017eite jemn\u00fd cyklus, aby ste lep\u0161ie ochr\u00e1nili farby.<\/p>","protected":false},"excerpt":{"rendered":"<p>Auf dem neuen Nike Inter Mailand Trikot 2022-2023 ist das offizielle Abzeichen des Coppa Italia-Siegers, die Coccarda, ungew\u00f6hnlich platziert.In Italien hat der Gewinner des nationalen Pokals (Coppa Italia) das Recht, in der n\u00e4chsten Saison die \u201eCoccarda\u201c zu tragen. Die Coccarda (Rosette) ist ein Rundabzeichen in Italiens ber\u00fchmter Trikolore.Die Coccarda ist oben rechts platziert. Allerdings ist [&hellip;]<\/p>","protected":false},"featured_media":7048,"comment_status":"open","ping_status":"closed","template":"","meta":[],"product_brand":[],"product_cat":[77],"product_tag":[20,21,22,23,24,297,78],"class_list":{"0":"post-7016","1":"product","2":"type-product","3":"status-publish","4":"has-post-thumbnail","6":"product_cat-inter-milan","7":"product_tag-coole-fussballtrikots","8":"product_tag-fussballtrikot-fuer-herren","9":"product_tag-fussballtrikot-guenstig-kaufen","10":"product_tag-fussballtrikot-kurzarm","11":"product_tag-guenstiges-fussballtrikot","12":"product_tag-inter-mailand-heimtrikot","13":"product_tag-inter-milan-trikots","15":"first","16":"instock","17":"shipping-taxable","18":"purchasable","19":"product-type-variable"},"_links":{"self":[{"href":"https:\/\/www.billigtrikotde.com\/sk\/wp-json\/wp\/v2\/product\/7016","targetHints":{"allow":["GET"]}}],"collection":[{"href":"https:\/\/www.billigtrikotde.com\/sk\/wp-json\/wp\/v2\/product"}],"about":[{"href":"https:\/\/www.billigtrikotde.com\/sk\/wp-json\/wp\/v2\/types\/product"}],"replies":[{"embeddable":true,"href":"https:\/\/www.billigtrikotde.com\/sk\/wp-json\/wp\/v2\/comments?post=7016"}],"wp:featuredmedia":[{"embeddable":true,"href":"https:\/\/www.billigtrikotde.com\/sk\/wp-json\/wp\/v2\/media\/7048"}],"wp:attachment":[{"href":"https:\/\/www.billigtrikotde.com\/sk\/wp-json\/wp\/v2\/media?parent=7016"}],"wp:term":[{"taxonomy":"product_brand","embeddable":true,"href":"https:\/\/www.billigtrikotde.com\/sk\/wp-json\/wp\/v2\/product_brand?post=7016"},{"taxonomy":"product_cat","embeddable":true,"href":"https:\/\/www.billigtrikotde.com\/sk\/wp-json\/wp\/v2\/product_cat?post=7016"},{"taxonomy":"product_tag","embeddable":true,"href":"https:\/\/www.billigtrikotde.com\/sk\/wp-json\/wp\/v2\/product_tag?post=7016"}],"curies":[{"name":"wp","href":"https:\/\/api.w.org\/{rel}","templated":true}]}}