{"id":6920,"date":"2024-10-23T18:04:57","date_gmt":"2024-10-23T16:04:57","guid":{"rendered":"http:\/\/billigtrikots.com\/?post_type=product&#038;p=6920"},"modified":"2024-10-23T18:07:07","modified_gmt":"2024-10-23T16:07:07","slug":"herren-ac-milan-heimtrikot-2022-23-schwarz-rot-trikotsatz-bestellen-online-donnarumma-99","status":"publish","type":"product","link":"https:\/\/www.billigtrikotde.com\/sk\/herren-ac-milan-heimtrikot-2022-23-schwarz-rot-trikotsatz-bestellen-online-donnarumma-99\/","title":{"rendered":"P\u00e1nsky dom\u00e1ci dres AC Milan 2022\/23 \u010cierna \u010cerven\u00e1 objedna\u0165 online set dresov DONNARUMMA 99"},"content":{"rendered":"<p>Futbalov\u00e9 tri\u010dko Puma Milan 2022-23 kombinuje Puma \u010diernu a Tango \u010derven\u00fa. S\u00fa to rovnak\u00e9 farby ako v minulej sez\u00f3ne, len\u017ee \u010dierna je teraz prim\u00e1rnou farbou a \u010derven\u00e1 sekund\u00e1rnou farbou.<\/p>\n<p>Tipy na tla\u010d: Ak s\u00fa meno a \u010d\u00edslo na obr\u00e1zku presne tak\u00e9, ak\u00e9 chcete, nemus\u00edte ich zad\u00e1va\u0165 znova. Ak nie, mali by ste zada\u0165 po\u017eadovan\u00e9 meno a \u010d\u00edslo.<\/p>\n<p>Tipy na pranie: Odpor\u00fa\u010dame pra\u0165 futbalov\u00e9 tri\u010dk\u00e1 v ruke. Ak chcete pou\u017ei\u0165 pr\u00e1\u010dku, nezabudnite futbalov\u00e9 tri\u010dk\u00e1 oto\u010di\u0165 naruby a potom ich vypra\u0165. Napl\u0148te pr\u00e1\u010dku studenou vodou a pou\u017eite jemn\u00fd cyklus, aby ste lep\u0161ie ochr\u00e1nili farby.<\/p>","protected":false},"excerpt":{"rendered":"<p>Tren\u00edrka Das Puma Milan 2022-23 futbalov\u00fd dres kombinuje Puma \u010ciernu farbu a Tango \u010cerven\u00fa. Ide o rovnak\u00e9 farby ako v poslednej sez\u00f3ne, iba\u017ee \u010cierna je teraz prim\u00e1rnou farbou a \u010cerven\u00e1 sekund\u00e1rnou farbou. Tipy k tla\u010di: Ak meno a \u010d\u00edslo na obr\u00e1zku presne vyhovuj\u00fa va\u0161im po\u017eiadavk\u00e1m, nemus\u00edte ich zad\u00e1va\u0165 znova. Ak [\u2026]<\/p>","protected":false},"featured_media":6952,"comment_status":"open","ping_status":"closed","template":"","meta":[],"product_brand":[],"product_cat":[15],"product_tag":[295,292,293,294,20,21,22,23],"class_list":{"0":"post-6920","1":"product","2":"type-product","3":"status-publish","4":"has-post-thumbnail","6":"product_cat-unkategorisiert","7":"product_tag-ac-milan-heimtrikot-2022-23-neues","8":"product_tag-ac-milan-neues-trikot-22-23","9":"product_tag-ac-milan-trikot-bestellen","10":"product_tag-alle-ac-mailand-trikots","11":"product_tag-coole-fussballtrikots","12":"product_tag-fussballtrikot-fuer-herren","13":"product_tag-fussballtrikot-guenstig-kaufen","14":"product_tag-fussballtrikot-kurzarm","16":"first","17":"instock","18":"shipping-taxable","19":"purchasable","20":"product-type-variable"},"_links":{"self":[{"href":"https:\/\/www.billigtrikotde.com\/sk\/wp-json\/wp\/v2\/product\/6920","targetHints":{"allow":["GET"]}}],"collection":[{"href":"https:\/\/www.billigtrikotde.com\/sk\/wp-json\/wp\/v2\/product"}],"about":[{"href":"https:\/\/www.billigtrikotde.com\/sk\/wp-json\/wp\/v2\/types\/product"}],"replies":[{"embeddable":true,"href":"https:\/\/www.billigtrikotde.com\/sk\/wp-json\/wp\/v2\/comments?post=6920"}],"wp:featuredmedia":[{"embeddable":true,"href":"https:\/\/www.billigtrikotde.com\/sk\/wp-json\/wp\/v2\/media\/6952"}],"wp:attachment":[{"href":"https:\/\/www.billigtrikotde.com\/sk\/wp-json\/wp\/v2\/media?parent=6920"}],"wp:term":[{"taxonomy":"product_brand","embeddable":true,"href":"https:\/\/www.billigtrikotde.com\/sk\/wp-json\/wp\/v2\/product_brand?post=6920"},{"taxonomy":"product_cat","embeddable":true,"href":"https:\/\/www.billigtrikotde.com\/sk\/wp-json\/wp\/v2\/product_cat?post=6920"},{"taxonomy":"product_tag","embeddable":true,"href":"https:\/\/www.billigtrikotde.com\/sk\/wp-json\/wp\/v2\/product_tag?post=6920"}],"curies":[{"name":"wp","href":"https:\/\/api.w.org\/{rel}","templated":true}]}}