{"id":6802,"date":"2024-10-23T17:59:10","date_gmt":"2024-10-23T15:59:10","guid":{"rendered":"http:\/\/billigtrikots.com\/?post_type=product&#038;p=6802"},"modified":"2025-10-16T16:03:48","modified_gmt":"2025-10-16T14:03:48","slug":"herren-real-madrid-2022-2023-auswaertstrikots-deutschland-kurzarm-raul-7","status":"publish","type":"product","link":"https:\/\/www.billigtrikotde.com\/sk\/herren-real-madrid-2022-2023-auswaertstrikots-deutschland-kurzarm-raul-7\/","title":{"rendered":"P\u00e1nske tri\u010dk\u00e1 Real Madrid 2022-2023 Germany s kr\u00e1tkym ruk\u00e1vom RAUL 7"},"content":{"rendered":"<p>Dres vonkaj\u0161\u00ed Real Madrid CF 22-23 je \u201eLight Purple\u201c. Light Purple je rovnak\u00e1 fialov\u00e1, ktor\u00e1 sa pou\u017e\u00edva aj na dresy Real Madrid 22-23. Samotn\u00e1 farba je sk\u00f4r bled\u00e1, svetl\u00e1 fialov\u00e1. Objavte vonkaj\u0161\u00ed dres Real Madrid 2022\/2023. Hrd\u00ed nosi\u0165 farby Merengue na tr\u00e1vniku alebo na vo\u013eno. Flexibiln\u00fd a \u013eahk\u00fd dres s technol\u00f3giou Adidas Aeroready, odev, ktor\u00fd zabra\u0148uje prenikaniu potu do v\u00e1\u0161ho z\u00e1pasu alebo tr\u00e9ningu. Zosta\u0148te such\u00ed po svojom zr\u00fdchlen\u00ed.<\/p>\n<p>Tipy na tla\u010d: Ak s\u00fa meno a \u010d\u00edslo na obr\u00e1zku presne tak\u00e9, ak\u00e9 chcete, nemus\u00edte ich zad\u00e1va\u0165 znova. Ak nie, mali by ste zada\u0165 po\u017eadovan\u00e9 meno a \u010d\u00edslo.<\/p>\n<p>Tipy na pranie: Odpor\u00fa\u010dame pra\u0165 futbalov\u00e9 tri\u010dk\u00e1 v ruke. Ak chcete pou\u017ei\u0165 pr\u00e1\u010dku, nezabudnite futbalov\u00e9 tri\u010dk\u00e1 oto\u010di\u0165 naruby a potom ich vypra\u0165. Napl\u0148te pr\u00e1\u010dku studenou vodou a pou\u017eite jemn\u00fd cyklus, aby ste lep\u0161ie ochr\u00e1nili farby.<\/p>","protected":false},"excerpt":{"rendered":"<p>Das Real Madrid CF 22-23 Ausw\u00e4rtstrikot ist \u201eLight Purple\u201c. Light Purple ist das gleiche Lila, das auch f\u00fcr das Trikot von Real Madrid 22-23 verwendet wird. Die Farbe selbst ist ein eher blasses, helles Lila. Entdecke das Real Madrid 2022\/2023 Ausw\u00e4rtstrikot. Tragen Sie stolz die Merengue-Farben auf dem Rasen oder im Freien.Ein flexibles und leichtes [&hellip;]<\/p>","protected":false},"featured_media":6841,"comment_status":"open","ping_status":"closed","template":"","meta":[],"product_brand":[],"product_cat":[45],"product_tag":[20,38,21,228,24,291,271,267,47,268],"class_list":{"0":"post-6802","1":"product","2":"type-product","3":"status-publish","4":"has-post-thumbnail","6":"product_cat-real-madrid","7":"product_tag-coole-fussballtrikots","8":"product_tag-fussball-trikot-langarm","9":"product_tag-fussballtrikot-fuer-herren","10":"product_tag-guenstige-fussballtrikot","11":"product_tag-guenstiges-fussballtrikot","12":"product_tag-real-madrid-2022-2023-auswaertstrikots","13":"product_tag-real-madrid-trikot-herren-guenstig","14":"product_tag-real-madrid-trikot-langarm-herren","15":"product_tag-real-madrid-trikots","16":"product_tag-real-madrid-trikots-22-23","18":"first","19":"instock","20":"shipping-taxable","21":"purchasable","22":"product-type-variable"},"_links":{"self":[{"href":"https:\/\/www.billigtrikotde.com\/sk\/wp-json\/wp\/v2\/product\/6802","targetHints":{"allow":["GET"]}}],"collection":[{"href":"https:\/\/www.billigtrikotde.com\/sk\/wp-json\/wp\/v2\/product"}],"about":[{"href":"https:\/\/www.billigtrikotde.com\/sk\/wp-json\/wp\/v2\/types\/product"}],"replies":[{"embeddable":true,"href":"https:\/\/www.billigtrikotde.com\/sk\/wp-json\/wp\/v2\/comments?post=6802"}],"wp:featuredmedia":[{"embeddable":true,"href":"https:\/\/www.billigtrikotde.com\/sk\/wp-json\/wp\/v2\/media\/6841"}],"wp:attachment":[{"href":"https:\/\/www.billigtrikotde.com\/sk\/wp-json\/wp\/v2\/media?parent=6802"}],"wp:term":[{"taxonomy":"product_brand","embeddable":true,"href":"https:\/\/www.billigtrikotde.com\/sk\/wp-json\/wp\/v2\/product_brand?post=6802"},{"taxonomy":"product_cat","embeddable":true,"href":"https:\/\/www.billigtrikotde.com\/sk\/wp-json\/wp\/v2\/product_cat?post=6802"},{"taxonomy":"product_tag","embeddable":true,"href":"https:\/\/www.billigtrikotde.com\/sk\/wp-json\/wp\/v2\/product_tag?post=6802"}],"curies":[{"name":"wp","href":"https:\/\/api.w.org\/{rel}","templated":true}]}}