{"id":6675,"date":"2024-10-23T17:52:27","date_gmt":"2024-10-23T15:52:27","guid":{"rendered":"http:\/\/billigtrikots.com\/?post_type=product&#038;p=6675"},"modified":"2024-10-23T17:55:06","modified_gmt":"2024-10-23T15:55:06","slug":"neues-herren-usa-heimtrikot-wm-2022-weiss-kurzarm-schwarz-kurze-hosen-ohara-5","status":"publish","type":"product","link":"https:\/\/www.billigtrikotde.com\/sk\/neues-herren-usa-heimtrikot-wm-2022-weiss-kurzarm-schwarz-kurze-hosen-ohara-5\/","title":{"rendered":"Nov\u00fd p\u00e1nsky dom\u00e1ci dres Slovensko MS 2022 Biele kr\u00e1tke ruk\u00e1vy + \u010cierne kr\u00e1tke nohavice O\u2019HARA 5"},"content":{"rendered":"<p>Dres Nike United States 2022 kombinuje najtradi\u010dnej\u0161ie farby americk\u00e9ho futbalov\u00e9ho t\u00edmu - bielu a tmavomodr\u00fa. Ofici\u00e1lne farby s\u00fa \"biela \/ vern\u00e1 modr\u00e1\".<\/p>\n<p>Zvl\u00e1\u0161tnos\u0165ou dresu Nike USA 2022 World Cup je pravdepodobn\u00e9 umiestnenie znakov Swooshes. Namiesto loga Nike na prednej strane bud\u00fa Swooshes pravdepodobne vidie\u0165 na ruk\u00e1voch.<\/p>\n<p>Je to rovnak\u00fd \u0161t\u00fdl loga, ak\u00fd pozn\u00e1me z NFL. Nikdy predt\u00fdm nebolo pou\u017eit\u00e9 na futbalovom drese Nike.<\/p>\n<p>\u010c\u00edslo na prednej strane by bolo na opa\u010dnej strane znaku americk\u00e9ho futbalu.<\/p>\n<p>Tipy na tla\u010d: Ak s\u00fa meno a \u010d\u00edslo na obr\u00e1zku presne tak\u00e9, ak\u00e9 chcete, nemus\u00edte ich zad\u00e1va\u0165 znova. Ak nie, mali by ste zada\u0165 po\u017eadovan\u00e9 meno a \u010d\u00edslo.<\/p>\n<p>Tipy na pranie: Odpor\u00fa\u010dame pra\u0165 futbalov\u00e9 tri\u010dk\u00e1 v ruke. Ak chcete pou\u017ei\u0165 pr\u00e1\u010dku, nezabudnite futbalov\u00e9 tri\u010dk\u00e1 oto\u010di\u0165 naruby a potom ich vypra\u0165. Napl\u0148te pr\u00e1\u010dku studenou vodou a pou\u017eite jemn\u00fd cyklus, aby ste lep\u0161ie ochr\u00e1nili farby.<\/p>","protected":false},"excerpt":{"rendered":"<p>Dres Nike Slovensko 2022 kombinuje najtradi\u010dnej\u0161ie farby slovensk\u00e9ho futbalov\u00e9ho t\u00edmu \u2013 biela a n\u00e1morn\u00edcka modr\u00e1. Ofici\u00e1lne s\u00fa farby \u201eWhite \/ Loyal Blue\u201c. \u0160peci\u00e1lnos\u0165ou dresu Nike SR 2022 je pravdepodobn\u00e9 umiestnenie Swooshu. Namiesto loga Nike na prednej strane bud\u00fa Swooshes pravdepodobne na ruk\u00e1voch tohto dresu [...]<\/p>","protected":false},"featured_media":6710,"comment_status":"open","ping_status":"closed","template":"","meta":[],"product_brand":[],"product_cat":[245],"product_tag":[20,43,21,22,23,24,246,287,247,248,249,250,288],"class_list":{"0":"post-6675","1":"product","2":"type-product","3":"status-publish","4":"has-post-thumbnail","6":"product_cat-usa-trikots","7":"product_tag-coole-fussballtrikots","8":"product_tag-fussballkleidung","9":"product_tag-fussballtrikot-fuer-herren","10":"product_tag-fussballtrikot-guenstig-kaufen","11":"product_tag-fussballtrikot-kurzarm","12":"product_tag-guenstiges-fussballtrikot","13":"product_tag-united-states-2022-trikot","14":"product_tag-united-states-heimtrikot","15":"product_tag-usa-fussball-shop","16":"product_tag-usa-fussball-trikot","17":"product_tag-usa-nationalmannschaft","18":"product_tag-usa-trikot-herren","19":"product_tag-usa-trikots","21":"first","22":"instock","23":"shipping-taxable","24":"purchasable","25":"product-type-variable"},"_links":{"self":[{"href":"https:\/\/www.billigtrikotde.com\/sk\/wp-json\/wp\/v2\/product\/6675","targetHints":{"allow":["GET"]}}],"collection":[{"href":"https:\/\/www.billigtrikotde.com\/sk\/wp-json\/wp\/v2\/product"}],"about":[{"href":"https:\/\/www.billigtrikotde.com\/sk\/wp-json\/wp\/v2\/types\/product"}],"replies":[{"embeddable":true,"href":"https:\/\/www.billigtrikotde.com\/sk\/wp-json\/wp\/v2\/comments?post=6675"}],"wp:featuredmedia":[{"embeddable":true,"href":"https:\/\/www.billigtrikotde.com\/sk\/wp-json\/wp\/v2\/media\/6710"}],"wp:attachment":[{"href":"https:\/\/www.billigtrikotde.com\/sk\/wp-json\/wp\/v2\/media?parent=6675"}],"wp:term":[{"taxonomy":"product_brand","embeddable":true,"href":"https:\/\/www.billigtrikotde.com\/sk\/wp-json\/wp\/v2\/product_brand?post=6675"},{"taxonomy":"product_cat","embeddable":true,"href":"https:\/\/www.billigtrikotde.com\/sk\/wp-json\/wp\/v2\/product_cat?post=6675"},{"taxonomy":"product_tag","embeddable":true,"href":"https:\/\/www.billigtrikotde.com\/sk\/wp-json\/wp\/v2\/product_tag?post=6675"}],"curies":[{"name":"wp","href":"https:\/\/api.w.org\/{rel}","templated":true}]}}