{"id":6520,"date":"2024-10-23T17:44:59","date_gmt":"2024-10-23T15:44:59","guid":{"rendered":"http:\/\/billigtrikots.com\/?post_type=product&#038;p=6520"},"modified":"2024-10-23T17:47:06","modified_gmt":"2024-10-23T15:47:06","slug":"kinder-paris-saint-germain-psg-heimtrikots-2022-2023-blau-weiss-trikotsatz-k-navas-1","status":"publish","type":"product","link":"https:\/\/www.billigtrikotde.com\/sk\/kinder-paris-saint-germain-psg-heimtrikots-2022-2023-blau-weiss-trikotsatz-k-navas-1\/","title":{"rendered":"Detsk\u00e9 dom\u00e1ce tri\u010dk\u00e1 Paris Saint Germain PSG 2022-2023 Blue White Kit K.NAVAS 1"},"content":{"rendered":"<p>Po sol\u00eddnom jednofarbnom triku z rokov 21-22 je Nike PSG dres 2022-23 modr\u00fd s bielym stredov\u00fdm pruhom, ktor\u00fd je obklopen\u00fd ten\u0161\u00edmi \u010derven\u00fdmi pruhmi \u2013 opa\u010dn\u00fd Hechter, ak to chce\u0161 tak vola\u0165. Zadn\u00e1 strana je jednobarevne modr\u00e1.<\/p>\n<p>Tipy na tla\u010d: Ak s\u00fa meno a \u010d\u00edslo na obr\u00e1zku presne tak\u00e9, ak\u00e9 chcete, nemus\u00edte ich zad\u00e1va\u0165 znova. Ak nie, mali by ste zada\u0165 po\u017eadovan\u00e9 meno a \u010d\u00edslo.<\/p>\n<p>Tipy na pranie: Odpor\u00fa\u010dame pra\u0165 futbalov\u00e9 tri\u010dk\u00e1 v ruke. Ak chcete pou\u017ei\u0165 pr\u00e1\u010dku, nezabudnite futbalov\u00e9 tri\u010dk\u00e1 oto\u010di\u0165 naruby a potom ich vypra\u0165. Napl\u0148te pr\u00e1\u010dku studenou vodou a pou\u017eite jemn\u00fd cyklus, aby ste lep\u0161ie ochr\u00e1nili farby.<\/p>","protected":false},"excerpt":{"rendered":"<p>Po jednofarebnom dresu z roku 21-22 je dres Nike PSG 2022-23 modr\u00fd s bielym stredov\u00fdm pruhom, ktor\u00fd je obklopen\u00fd ten\u0161\u00edmi \u010derven\u00fdmi pruhmi \u2013 opakovan\u00fd h\u00e1\u010dik, ak chce\u0161. Zadn\u00e1 \u010das\u0165 je jednobarevne modr\u00e1. Tipy na tla\u010d: Ak meno a \u010d\u00edslo na obr\u00e1zku presne vyhovuj\u00fa tvojim predstav\u00e1m, mus\u00ed\u0161 [\u2026]<\/p>","protected":false},"featured_media":6559,"comment_status":"open","ping_status":"closed","template":"","meta":[],"product_brand":[],"product_cat":[160],"product_tag":[20,43,21,22,23,24,284,285,41],"class_list":{"0":"post-6520","1":"product","2":"type-product","3":"status-publish","4":"has-post-thumbnail","6":"product_cat-paris-saint-germain-kindertrikot","7":"product_tag-coole-fussballtrikots","8":"product_tag-fussballkleidung","9":"product_tag-fussballtrikot-fuer-herren","10":"product_tag-fussballtrikot-guenstig-kaufen","11":"product_tag-fussballtrikot-kurzarm","12":"product_tag-guenstiges-fussballtrikot","13":"product_tag-neuen-fussballtrikots","14":"product_tag-paris-saint-germain-heimtrikots-2022-2023","15":"product_tag-paris-saint-germain-trikots","17":"first","18":"instock","19":"shipping-taxable","20":"purchasable","21":"product-type-variable"},"_links":{"self":[{"href":"https:\/\/www.billigtrikotde.com\/sk\/wp-json\/wp\/v2\/product\/6520","targetHints":{"allow":["GET"]}}],"collection":[{"href":"https:\/\/www.billigtrikotde.com\/sk\/wp-json\/wp\/v2\/product"}],"about":[{"href":"https:\/\/www.billigtrikotde.com\/sk\/wp-json\/wp\/v2\/types\/product"}],"replies":[{"embeddable":true,"href":"https:\/\/www.billigtrikotde.com\/sk\/wp-json\/wp\/v2\/comments?post=6520"}],"wp:featuredmedia":[{"embeddable":true,"href":"https:\/\/www.billigtrikotde.com\/sk\/wp-json\/wp\/v2\/media\/6559"}],"wp:attachment":[{"href":"https:\/\/www.billigtrikotde.com\/sk\/wp-json\/wp\/v2\/media?parent=6520"}],"wp:term":[{"taxonomy":"product_brand","embeddable":true,"href":"https:\/\/www.billigtrikotde.com\/sk\/wp-json\/wp\/v2\/product_brand?post=6520"},{"taxonomy":"product_cat","embeddable":true,"href":"https:\/\/www.billigtrikotde.com\/sk\/wp-json\/wp\/v2\/product_cat?post=6520"},{"taxonomy":"product_tag","embeddable":true,"href":"https:\/\/www.billigtrikotde.com\/sk\/wp-json\/wp\/v2\/product_tag?post=6520"}],"curies":[{"name":"wp","href":"https:\/\/api.w.org\/{rel}","templated":true}]}}