{"id":6458,"date":"2024-10-23T17:42:08","date_gmt":"2024-10-23T15:42:08","guid":{"rendered":"http:\/\/billigtrikots.com\/?post_type=product&#038;p=6458"},"modified":"2024-10-23T17:44:16","modified_gmt":"2024-10-23T15:44:16","slug":"fc-barcelona-2022-23-home-kit-heimtrikot-kurzarm-fussballtrikots-terstegen-1","status":"publish","type":"product","link":"https:\/\/www.billigtrikotde.com\/sk\/fc-barcelona-2022-23-home-kit-heimtrikot-kurzarm-fussballtrikots-terstegen-1\/","title":{"rendered":"FC Barcelona 2022\/23 Dom\u00e1ci set Heimtrikot kr\u00e1tky ruk\u00e1v futbalov\u00e9 dresy TERSTEGEN 1"},"content":{"rendered":"<p>Dom\u00e1ci dres FC Barcelona 2022-23 prin\u00e1\u0161a \u0161t\u00fdlov\u00fd vzh\u013ead a prid\u00e1va tradi\u010dn\u00e9 pruhy Blaugrana tmavomodrej farby. Ruk\u00e1vy a golier dresu Barcelona 22-23 s\u00fa jednofarebne tmavomodr\u00e9, zatia\u013e \u010do predn\u00e1 \u010das\u0165 m\u00e1 pomerne \u0161irok\u00e9 pruhy v tmavomodrej, kr\u00e1\u013eovskej modrej a \u010dervenej farbe. Ofici\u00e1lny n\u00e1zov pou\u017eitej tmavomodrej farby na dresu je \u201eObsidian\u201c, \u010do je aj farba loga na zlatom hos\u0165ovskom drese.<br \/>\nDom\u00e1ci dres Barcelona 2022\/23 prid\u00e1va k ikonick\u00fdm kr\u00e1\u013eovskomodr\u00fdm a \u010derven\u00fdm pruhom klubu dva tmavomodr\u00e9 vertik\u00e1lne pruhy. Farby katal\u00e1nskej vlajky s\u00fa umiestnen\u00e9 na jeho krku. Po prv\u00fdkr\u00e1t pre b\u00fdval\u00e9ho eur\u00f3pskeho majstra sa pou\u017e\u00edva n\u00e1morn\u00edcka modr\u00e1 blokov\u00e1 farba na horn\u00fa \u010das\u0165 hrudn\u00edka, ramen\u00e1 a ruk\u00e1vy.<\/p>\n<p>Tipy na tla\u010d: Ak s\u00fa meno a \u010d\u00edslo na obr\u00e1zku presne tak\u00e9, ak\u00e9 chcete, nemus\u00edte ich zad\u00e1va\u0165 znova. Ak nie, mali by ste zada\u0165 po\u017eadovan\u00e9 meno a \u010d\u00edslo.<\/p>\n<p>Tipy na pranie: Odpor\u00fa\u010dame pra\u0165 futbalov\u00e9 tri\u010dk\u00e1 v ruke. Ak chcete pou\u017ei\u0165 pr\u00e1\u010dku, nezabudnite futbalov\u00e9 tri\u010dk\u00e1 oto\u010di\u0165 naruby a potom ich vypra\u0165. Napl\u0148te pr\u00e1\u010dku studenou vodou a pou\u017eite jemn\u00fd cyklus, aby ste lep\u0161ie ochr\u00e1nili farby.<\/p>","protected":false},"excerpt":{"rendered":"<p>Dom\u00e1ci dres FC Barcelona 2022-23 prin\u00e1\u0161a \u0161t\u00fdlov\u00fd vzh\u013ead a prid\u00e1va tradi\u010dn\u00e9 pruhy Blaugrana tmavomodrej farby. Ruk\u00e1vy a golier dresu Barcelona 22-23 s\u00fa jednofarebne tmavomodr\u00e9, zatia\u013e \u010do predn\u00e1 \u010das\u0165 m\u00e1 pomerne \u0161irok\u00e9 pruhy v tmavomodrej, kr\u00e1\u013eovskej modrej a \u010dervenej farbe. Ofici\u00e1lny n\u00e1zov pou\u017eitej tmavomodrej farby na dresu je \u201eObsidian\u201c, \u010do tie\u017e...<\/p>","protected":false},"featured_media":6490,"comment_status":"open","ping_status":"closed","template":"","meta":[],"product_brand":[],"product_cat":[31],"product_tag":[20,282,283,33,21,22,23,24],"class_list":{"0":"post-6458","1":"product","2":"type-product","3":"status-publish","4":"has-post-thumbnail","6":"product_cat-fc-barcelona","7":"product_tag-coole-fussballtrikots","8":"product_tag-fc-barcelona-2022-23-trikots","9":"product_tag-fc-barcelona-22-23-auswaertstrikot","10":"product_tag-fc-barcelona-trikots","11":"product_tag-fussballtrikot-fuer-herren","12":"product_tag-fussballtrikot-guenstig-kaufen","13":"product_tag-fussballtrikot-kurzarm","14":"product_tag-guenstiges-fussballtrikot","16":"first","17":"instock","18":"shipping-taxable","19":"purchasable","20":"product-type-variable"},"_links":{"self":[{"href":"https:\/\/www.billigtrikotde.com\/sk\/wp-json\/wp\/v2\/product\/6458","targetHints":{"allow":["GET"]}}],"collection":[{"href":"https:\/\/www.billigtrikotde.com\/sk\/wp-json\/wp\/v2\/product"}],"about":[{"href":"https:\/\/www.billigtrikotde.com\/sk\/wp-json\/wp\/v2\/types\/product"}],"replies":[{"embeddable":true,"href":"https:\/\/www.billigtrikotde.com\/sk\/wp-json\/wp\/v2\/comments?post=6458"}],"wp:featuredmedia":[{"embeddable":true,"href":"https:\/\/www.billigtrikotde.com\/sk\/wp-json\/wp\/v2\/media\/6490"}],"wp:attachment":[{"href":"https:\/\/www.billigtrikotde.com\/sk\/wp-json\/wp\/v2\/media?parent=6458"}],"wp:term":[{"taxonomy":"product_brand","embeddable":true,"href":"https:\/\/www.billigtrikotde.com\/sk\/wp-json\/wp\/v2\/product_brand?post=6458"},{"taxonomy":"product_cat","embeddable":true,"href":"https:\/\/www.billigtrikotde.com\/sk\/wp-json\/wp\/v2\/product_cat?post=6458"},{"taxonomy":"product_tag","embeddable":true,"href":"https:\/\/www.billigtrikotde.com\/sk\/wp-json\/wp\/v2\/product_tag?post=6458"}],"curies":[{"name":"wp","href":"https:\/\/api.w.org\/{rel}","templated":true}]}}