{"id":6408,"date":"2024-10-23T17:39:53","date_gmt":"2024-10-23T15:39:53","guid":{"rendered":"http:\/\/billigtrikots.com\/?post_type=product&#038;p=6408"},"modified":"2024-10-23T17:41:29","modified_gmt":"2024-10-23T15:41:29","slug":"herren-fc-barcelona-2022-23-auswaertstrikots-goldene-kurzarm-mit-aufdruck-memphis-9","status":"publish","type":"product","link":"https:\/\/www.billigtrikotde.com\/sk\/herren-fc-barcelona-2022-23-auswaertstrikots-goldene-kurzarm-mit-aufdruck-memphis-9\/","title":{"rendered":"P\u00e1nske FC Barcelona 2022\/23 Vonkaj\u0161ie dresy zlat\u00e9 kr\u00e1tke ruk\u00e1vy s potla\u010dou MEMPHIS 9"},"content":{"rendered":"<p>FC Barcelona predstavil v pondelok svoj nov\u00fd vonkaj\u0161\u00ed dres na sez\u00f3nu 2022\/23 verejnosti. Prostredn\u00edctvom viacer\u00fdch \u00fanikov bolo u\u017e mesiace jasn\u00e9, ako tento dres bude vyzera\u0165 vo ve\u013ekom, teraz boli zverejnen\u00e9 prv\u00e9 ofici\u00e1lne obr\u00e1zky. Druh\u00fd dres Katal\u00e1ncov je \u00faplne zlat\u00fd, \u010do je pocta Olympijsk\u00fdm hr\u00e1m, ktor\u00e9 sa konali v roku 1992 \u2013 teda pred 30 rokmi \u2013 v Barcelone a trvalo pozit\u00edvne ovplyvnili mestsk\u00fa krajinu aj medzin\u00e1rodn\u00e9 vn\u00edmanie stredomorsk\u00e9ho ve\u013ekomesta. \u010eal\u0161\u00edm odkazom na t\u00fato \u0161portov\u00fa ve\u013ek\u00fa udalos\u0165 s\u00fa ozdoby na ruk\u00e1voch a stutzen\u00e1ch v farb\u00e1ch olympijsk\u00fdch kruhov. Okrem toho dres zdob\u00ed rozlo\u017eenie mesta Barcelona.<\/p>\n<p>Tipy na tla\u010d: Ak s\u00fa meno a \u010d\u00edslo na obr\u00e1zku presne tak\u00e9, ak\u00e9 chcete, nemus\u00edte ich zad\u00e1va\u0165 znova. Ak nie, mali by ste zada\u0165 po\u017eadovan\u00e9 meno a \u010d\u00edslo.<\/p>\n<p>Tipy na pranie: Odpor\u00fa\u010dame pra\u0165 futbalov\u00e9 tri\u010dk\u00e1 v ruke. Ak chcete pou\u017ei\u0165 pr\u00e1\u010dku, nezabudnite futbalov\u00e9 tri\u010dk\u00e1 oto\u010di\u0165 naruby a potom ich vypra\u0165. Napl\u0148te pr\u00e1\u010dku studenou vodou a pou\u017eite jemn\u00fd cyklus, aby ste lep\u0161ie ochr\u00e1nili farby.<\/p>","protected":false},"excerpt":{"rendered":"<p>FC Barcelona predstavil v pondelok svoj nov\u00fd vonkaj\u0161\u00ed dres na sez\u00f3nu 2022\/23 verejnosti. V\u010faka viacer\u00fdm \u00fanikom bolo u\u017e mesiace jasn\u00e9, ako tento dres bude vyzera\u0165 vo ve\u013ekom, teraz boli zverejnen\u00e9 prv\u00e9 ofici\u00e1lne obr\u00e1zky. Druh\u00fd dres Katal\u00e1ncov je \u00faplne zlat\u00fd, ako pocta Olympijsk\u00fdm [\u2026]<\/p>","protected":false},"featured_media":6441,"comment_status":"open","ping_status":"closed","template":"","meta":[],"product_brand":[],"product_cat":[31],"product_tag":[20,282,283,33,21,22,23,24],"class_list":{"0":"post-6408","1":"product","2":"type-product","3":"status-publish","4":"has-post-thumbnail","6":"product_cat-fc-barcelona","7":"product_tag-coole-fussballtrikots","8":"product_tag-fc-barcelona-2022-23-trikots","9":"product_tag-fc-barcelona-22-23-auswaertstrikot","10":"product_tag-fc-barcelona-trikots","11":"product_tag-fussballtrikot-fuer-herren","12":"product_tag-fussballtrikot-guenstig-kaufen","13":"product_tag-fussballtrikot-kurzarm","14":"product_tag-guenstiges-fussballtrikot","16":"first","17":"instock","18":"shipping-taxable","19":"purchasable","20":"product-type-variable"},"_links":{"self":[{"href":"https:\/\/www.billigtrikotde.com\/sk\/wp-json\/wp\/v2\/product\/6408","targetHints":{"allow":["GET"]}}],"collection":[{"href":"https:\/\/www.billigtrikotde.com\/sk\/wp-json\/wp\/v2\/product"}],"about":[{"href":"https:\/\/www.billigtrikotde.com\/sk\/wp-json\/wp\/v2\/types\/product"}],"replies":[{"embeddable":true,"href":"https:\/\/www.billigtrikotde.com\/sk\/wp-json\/wp\/v2\/comments?post=6408"}],"wp:featuredmedia":[{"embeddable":true,"href":"https:\/\/www.billigtrikotde.com\/sk\/wp-json\/wp\/v2\/media\/6441"}],"wp:attachment":[{"href":"https:\/\/www.billigtrikotde.com\/sk\/wp-json\/wp\/v2\/media?parent=6408"}],"wp:term":[{"taxonomy":"product_brand","embeddable":true,"href":"https:\/\/www.billigtrikotde.com\/sk\/wp-json\/wp\/v2\/product_brand?post=6408"},{"taxonomy":"product_cat","embeddable":true,"href":"https:\/\/www.billigtrikotde.com\/sk\/wp-json\/wp\/v2\/product_cat?post=6408"},{"taxonomy":"product_tag","embeddable":true,"href":"https:\/\/www.billigtrikotde.com\/sk\/wp-json\/wp\/v2\/product_tag?post=6408"}],"curies":[{"name":"wp","href":"https:\/\/api.w.org\/{rel}","templated":true}]}}