{"id":6300,"date":"2024-10-23T17:34:40","date_gmt":"2024-10-23T15:34:40","guid":{"rendered":"http:\/\/billigtrikots.com\/?post_type=product&#038;p=6300"},"modified":"2024-10-23T17:36:25","modified_gmt":"2024-10-23T15:36:25","slug":"memphis-9-kinder-fc-barcelona-22-23-auswaertstrikot-goldene-grundfarbe-trikotsatz","status":"publish","type":"product","link":"https:\/\/www.billigtrikotde.com\/sk\/memphis-9-kinder-fc-barcelona-22-23-auswaertstrikot-goldene-grundfarbe-trikotsatz\/","title":{"rendered":"MEMPHIS 9 Kids FC Barcelona 22-23 Away Jersey Golden Base Colour Kit"},"content":{"rendered":"<p>Das FC Barcelona 22-23 Ausw\u00e4rtstrikot hat eine goldene Grundfarbe, die Erinnerungen an die fr\u00fchen 2000er Jahre weckt. Alle Logos sind in dunklem Marineblau gehalten.Die Farbe und das \u00c4rmeldesign des neuen Trikots sind eine Anspielung auf die Goldmedaillen, die die Athleten bei den Olympischen Spielen erhalten, 30 Jahre nachdem die Olympischen Spiele 1992 in Barcelona stattfanden. Die Spiele wurden am 25. Juli 1992 er\u00f6ffnet. Au\u00dferdem sind die Farben der f\u00fcnf olympischen Ringe auf den B\u00fcndchen der \u00c4rmel und auf den Stutzen zu sehen.<\/p>\n<p>Wie andere Trikots aus unserer Stadium-Kollektion sorgt auch dieses Trikot mit Replica-Designdetails und schwei\u00dfableitender Technologie f\u00fcr einen spielbereiten Look, der von deinem Lieblingsteam inspiriert wurde.<\/p>\n<p>Tipy na tla\u010d: Ak s\u00fa meno a \u010d\u00edslo na obr\u00e1zku presne tak\u00e9, ak\u00e9 chcete, nemus\u00edte ich zad\u00e1va\u0165 znova. Ak nie, mali by ste zada\u0165 po\u017eadovan\u00e9 meno a \u010d\u00edslo.<\/p>\n<p>Tipy na pranie: Odpor\u00fa\u010dame pra\u0165 futbalov\u00e9 tri\u010dk\u00e1 v ruke. Ak chcete pou\u017ei\u0165 pr\u00e1\u010dku, nezabudnite futbalov\u00e9 tri\u010dk\u00e1 oto\u010di\u0165 naruby a potom ich vypra\u0165. Napl\u0148te pr\u00e1\u010dku studenou vodou a pou\u017eite jemn\u00fd cyklus, aby ste lep\u0161ie ochr\u00e1nili farby.<\/p>","protected":false},"excerpt":{"rendered":"<p>Tri\u010dko FC Barcelona 22-23 vonkaj\u0161ie m\u00e1 z\u00e1kladn\u00fa farbu zlat\u00fa, ktor\u00e1 evokuje spomienky na za\u010diatky 2000-tych rokov. V\u0161etky log\u00e1 s\u00fa v tmavomodrej farbe. Farba a dizajn ruk\u00e1vov nov\u00e9ho tri\u010dka s\u00fa odkazom na zlat\u00e9 medaily, ktor\u00e9 z\u00edskali \u0161portovci na olympijsk\u00fdch hr\u00e1ch, 30 rokov po tom, \u010do sa olympijsk\u00e9 hry v roku 1992 konali v Barcelone [...]<\/p>","protected":false},"featured_media":6333,"comment_status":"open","ping_status":"closed","template":"","meta":[],"product_brand":[],"product_cat":[146],"product_tag":[147,20,279,280,33,35,21,22,23,24,94],"class_list":{"0":"post-6300","1":"product","2":"type-product","3":"status-publish","4":"has-post-thumbnail","6":"product_cat-barcelona-kindertrikot","7":"product_tag-barcelona-trikotsatz-fuer-kinder","8":"product_tag-coole-fussballtrikots","9":"product_tag-fc-barcelona-2022-23-trikot-kaufen","10":"product_tag-fc-barcelona-2022-23-trikot-kinder","11":"product_tag-fc-barcelona-trikots","12":"product_tag-fussball-torwarttrikots","13":"product_tag-fussballtrikot-fuer-herren","14":"product_tag-fussballtrikot-guenstig-kaufen","15":"product_tag-fussballtrikot-kurzarm","16":"product_tag-guenstiges-fussballtrikot","17":"product_tag-kinder-fussball-trikotsatz","19":"first","20":"instock","21":"shipping-taxable","22":"purchasable","23":"product-type-variable"},"_links":{"self":[{"href":"https:\/\/www.billigtrikotde.com\/sk\/wp-json\/wp\/v2\/product\/6300","targetHints":{"allow":["GET"]}}],"collection":[{"href":"https:\/\/www.billigtrikotde.com\/sk\/wp-json\/wp\/v2\/product"}],"about":[{"href":"https:\/\/www.billigtrikotde.com\/sk\/wp-json\/wp\/v2\/types\/product"}],"replies":[{"embeddable":true,"href":"https:\/\/www.billigtrikotde.com\/sk\/wp-json\/wp\/v2\/comments?post=6300"}],"wp:featuredmedia":[{"embeddable":true,"href":"https:\/\/www.billigtrikotde.com\/sk\/wp-json\/wp\/v2\/media\/6333"}],"wp:attachment":[{"href":"https:\/\/www.billigtrikotde.com\/sk\/wp-json\/wp\/v2\/media?parent=6300"}],"wp:term":[{"taxonomy":"product_brand","embeddable":true,"href":"https:\/\/www.billigtrikotde.com\/sk\/wp-json\/wp\/v2\/product_brand?post=6300"},{"taxonomy":"product_cat","embeddable":true,"href":"https:\/\/www.billigtrikotde.com\/sk\/wp-json\/wp\/v2\/product_cat?post=6300"},{"taxonomy":"product_tag","embeddable":true,"href":"https:\/\/www.billigtrikotde.com\/sk\/wp-json\/wp\/v2\/product_tag?post=6300"}],"curies":[{"name":"wp","href":"https:\/\/api.w.org\/{rel}","templated":true}]}}