{"id":6175,"date":"2024-10-23T17:28:29","date_gmt":"2024-10-23T15:28:29","guid":{"rendered":"http:\/\/billigtrikots.com\/?post_type=product&#038;p=6175"},"modified":"2025-06-16T16:03:30","modified_gmt":"2025-06-16T14:03:30","slug":"kinder-juventus-fc-2022-23-heimtrikot-schwarz-weiss-kurzarm-kurze-hosen-pogba-10","status":"publish","type":"product","link":"https:\/\/www.billigtrikotde.com\/sk\/kinder-juventus-fc-2022-23-heimtrikot-schwarz-weiss-kurzarm-kurze-hosen-pogba-10\/","title":{"rendered":"Detsk\u00fd dres Juventus FC 2022-23 Black White s kr\u00e1tkym ruk\u00e1vom + \u0161ortky POGBA 10"},"content":{"rendered":"<p>Debut sa m\u00f4\u017ee uskuto\u010dni\u0165 v jednom z zost\u00e1vaj\u00facich z\u00e1pasov Serie A alebo dokonca vo fin\u00e1le Coppa Italia proti Interu \u2013 ako minul\u00fd rok. Tr\u00e9ner Juventus 2022-23 je dostupn\u00fd od dne\u0161n\u00e9ho d\u0148a u vybran\u00fdch predajcov a od 27. m\u00e1ja bude dostupn\u00fd v\u0161ade a bude predstaven\u00fd pri z\u00e1pase Serie A proti Laziu 16. m\u00e1ja.<\/p>\n<p>Detsk\u00e9 dom\u00e1ce tri\u010dko Adidas Juventus 2022-23 m\u00e1 ve\u013emi jedine\u010dn\u00fd pr\u00edstup k klasick\u00fdm bielo-\u010diernym pruhom klubu. Pruhy s\u00fa tvoren\u00e9 mal\u00fdmi trojuholn\u00edkmi. Adidas pou\u017e\u00edva pre tri\u010dko Juventus 22-23 jednoduch\u00fd okr\u00fahly v\u00fdstrih a \u010dierne tri pruhy. Po tom, \u010do tri\u010dk\u00e1 Juventus 21-22 boli vybaven\u00e9 logom Jeep 4xe, prich\u00e1dza tri\u010dko Juventus 22-23 s \u201eelektrizuj\u00facim\u201c brandingom Jeep. Obsahuje blesky.<\/p>\n<p>Tipy na tla\u010d: Ak s\u00fa meno a \u010d\u00edslo na obr\u00e1zku presne tak\u00e9, ak\u00e9 chcete, nemus\u00edte ich zad\u00e1va\u0165 znova. Ak nie, mali by ste zada\u0165 po\u017eadovan\u00e9 meno a \u010d\u00edslo.<\/p>\n<p>Tipy na pranie: Odpor\u00fa\u010dame pra\u0165 futbalov\u00e9 tri\u010dk\u00e1 v ruke. Ak chcete pou\u017ei\u0165 pr\u00e1\u010dku, nezabudnite futbalov\u00e9 tri\u010dk\u00e1 oto\u010di\u0165 naruby a potom ich vypra\u0165. Napl\u0148te pr\u00e1\u010dku studenou vodou a pou\u017eite jemn\u00fd cyklus, aby ste lep\u0161ie ochr\u00e1nili farby.<\/p>","protected":false},"excerpt":{"rendered":"<p>Debut sa m\u00f4\u017ee uskuto\u010dni\u0165 v jednom z zost\u00e1vaj\u00facich z\u00e1pasov Serie A alebo dokonca vo fin\u00e1le Coppa Italia proti Interu \u2013 ako minul\u00fd rok. Tr\u00e9ner Juventus 2022-23 je dostupn\u00fd od dne\u0161n\u00e9ho d\u0148a u vybran\u00fdch predajcov a od 27. m\u00e1ja bude dostupn\u00fd v\u0161ade a bude predstaven\u00fd pri z\u00e1pase Serie A proti Laziu 16. m\u00e1ja.<\/p>","protected":false},"featured_media":6214,"comment_status":"open","ping_status":"closed","template":"","meta":[],"product_brand":[],"product_cat":[148],"product_tag":[20,38,24,276,149,94],"class_list":{"0":"post-6175","1":"product","2":"type-product","3":"status-publish","4":"has-post-thumbnail","6":"product_cat-juventus-kindertrikot","7":"product_tag-coole-fussballtrikots","8":"product_tag-fussball-trikot-langarm","9":"product_tag-guenstiges-fussballtrikot","10":"product_tag-juventus-2022-23-trikot","11":"product_tag-juventus-trikotsatz-fuer-kinder","12":"product_tag-kinder-fussball-trikotsatz","14":"first","15":"instock","16":"shipping-taxable","17":"purchasable","18":"product-type-variable"},"_links":{"self":[{"href":"https:\/\/www.billigtrikotde.com\/sk\/wp-json\/wp\/v2\/product\/6175","targetHints":{"allow":["GET"]}}],"collection":[{"href":"https:\/\/www.billigtrikotde.com\/sk\/wp-json\/wp\/v2\/product"}],"about":[{"href":"https:\/\/www.billigtrikotde.com\/sk\/wp-json\/wp\/v2\/types\/product"}],"replies":[{"embeddable":true,"href":"https:\/\/www.billigtrikotde.com\/sk\/wp-json\/wp\/v2\/comments?post=6175"}],"wp:featuredmedia":[{"embeddable":true,"href":"https:\/\/www.billigtrikotde.com\/sk\/wp-json\/wp\/v2\/media\/6214"}],"wp:attachment":[{"href":"https:\/\/www.billigtrikotde.com\/sk\/wp-json\/wp\/v2\/media?parent=6175"}],"wp:term":[{"taxonomy":"product_brand","embeddable":true,"href":"https:\/\/www.billigtrikotde.com\/sk\/wp-json\/wp\/v2\/product_brand?post=6175"},{"taxonomy":"product_cat","embeddable":true,"href":"https:\/\/www.billigtrikotde.com\/sk\/wp-json\/wp\/v2\/product_cat?post=6175"},{"taxonomy":"product_tag","embeddable":true,"href":"https:\/\/www.billigtrikotde.com\/sk\/wp-json\/wp\/v2\/product_tag?post=6175"}],"curies":[{"name":"wp","href":"https:\/\/api.w.org\/{rel}","templated":true}]}}